{"id":1397,"date":"2016-12-04T19:57:46","date_gmt":"2016-12-04T18:57:46","guid":{"rendered":"http:\/\/unenfantunefamille.org\/?page_id=1397"},"modified":"2024-12-08T07:26:57","modified_gmt":"2024-12-08T06:26:57","slug":"historique-parrainage-proximite","status":"publish","type":"page","link":"https:\/\/unenfantunefamille.org\/index.php\/historique-parrainage-proximite\/","title":{"rendered":"historique"},"content":{"rendered":"<h4 style=\"text-align: center;\"><strong><u>Bref historique du parrainage de proximit\u00e9 et <\/u><\/strong><\/h4>\n<h4 style=\"text-align: center;\"><strong><u>d\u2019 Un Enfant Une Famille<\/u><\/strong><\/h4>\n<div class=\"hh5\">\n<p><strong><img loading=\"lazy\" decoding=\"async\" class=\"size-medium wp-image-656 alignright\" src=\"http:\/\/unenfantunefamille.org\/wp-content\/uploads\/2016\/10\/tardi-210x300.gif\" alt=\"tardi\" width=\"210\" height=\"300\" \/>En 1978<\/strong>, Un Enfant Une Famille, association loi de 1901, d&rsquo;int\u00e9r\u00eat g\u00e9n\u00e9ral, est cr\u00e9\u00e9 (<em> JO 1978006)<\/em><\/p>\n<p>L&rsquo;association est li\u00e9e \u00e0 l\u2019<a href=\"http:\/\/unenfantunefamille.org\/index.php\/annexe-veil\/\">enqu\u00eate<\/a> sur le \u00ab\u00a0parrainage des enfants relevant de l\u2019Aide Sociale \u00e0 l\u2019Enfance\u00a0\u00bb men\u00e9e par les directions d\u00e9partementales des affaires sanitaires et sociales \u00e0 la demande du Minist\u00e8re de la sant\u00e9 et de la famille.<\/p>\n<p>Suite \u00e0 cette enqu\u00eate, est publi\u00e9e, par Madame Simone Veil, la <a href=\"http:\/\/unenfantunefamille.org\/index.php\/veil\/\">Circulaire Veil 1978<\/a><em><br \/>\n<\/em><br \/>\nDans le m\u00eame temps, des familles isol\u00e9es arrivent en France. Des parrains d\u2019Un Enfant Une Famille accueillent enfants et familles pour accompagner leur parentalit\u00e9 et favoriser leur insertion en France. Ils accueillent aussi des mineurs isol\u00e9s.<\/p>\n<p><strong>Fin 1988<\/strong>, trois d\u00e9partements pilotes sont sollicit\u00e9s\u00a0par Mme H\u00e9l\u00e8ne Dorlhac de Borne, alors secr\u00e9taire d\u2019Etat \u00e0 la Famille: le Pas de Calais, la Sa\u00f4ne et Loire, le Val de Marne, pour conduire une action de parrainage en collaboration avec trois associations\u00a0: Croix-Rouge Fran\u00e7aise, Enfance et Familles d\u2019adoption, Secours Catholique.<br \/>\nL\u2019op\u00e9ration \u00ab Parrainer en France \u00bb est lanc\u00e9e en octobre 1989 (<a href=\"http:\/\/unenfantunefamille.org\/pdf-presentation\/ParrainerEnFrance_MmeDorhac_1989.pdf\">pdf \u00e0 t\u00e9l\u00e9charger<\/a>).<br \/>\nEn lien avec Enfance et Famille d\u2019Adoption, et avec l\u2019appui th\u00e9orique et logistique d\u2019Un Enfant Une Famille, un certain nombre d\u2019associations et\/ou de Comit\u00e9s de Parrainage voient le jour en France.<br \/>\nLes associations se regroupent, r\u00e9fl\u00e9chissent sur la difficult\u00e9 de faire progresser l\u2019id\u00e9e du parrainage et, avec Un Enfant Une Famille, sollicitent \u00e0 nouveau les Pouvoirs Publics.<\/p>\n<p><strong>Le 6 septembre 2001<\/strong>, un groupe de travail est mis en place par Madame S\u00e9gol\u00e8ne Royal, Ministre d\u00e9l\u00e9gu\u00e9e \u00e0 la famille, \u00e0 l\u2019enfance et aux personnes handicap\u00e9es. Un enfant Une Famille y participe activement.<br \/>\nLa pr\u00e9sidence en est confi\u00e9e \u00e0 Madame le Juge <a href=\"http:\/\/unenfantunefamille.org\/index.php\/vergez\/\">Marie Dominique Vergez<\/a>, Pr\u00e9sidente du Tribunal pour enfants de Cr\u00e9teil. Le rapport est publi\u00e9 en d\u00e9cembre 2001 (<a href=\"http:\/\/unenfantunefamille.org\/pdf-presentation\/Rapport_parrainage_MD_Verges2001.pdf\">pdf \u00e0 t\u00e9l\u00e9charger<\/a>). Est instaur\u00e9 un Comit\u00e9 National du Parrainage (C.N.P.) dont Madame Verg\u00e8s est nomm\u00e9e pr\u00e9sidente le <strong>27 juin 2003<\/strong>. Son mandat sera renouvel\u00e9 \u00a0pour 3 ans en 2006.<br \/>\n<strong>En juin 2005, <\/strong>\u00e9labor\u00e9e par le CNP, la <a href=\"http:\/\/unenfantunefamille.org\/index.php\/charte-du-parrainage\/\">Charte Nationale du Parrainage<\/a> est publi\u00e9e au Journal Officiel. Un Enfant Une Famille participe fortement \u00e0 son \u00e9laboration.<\/p>\n<p>Cette charte est accompagn\u00e9e par un guide pratique de mise en \u0153uvre <a href=\"http:\/\/unenfantunefamille.org\/wp-content\/uploads\/2016\/12\/guide_parrainage.pdf\">(pdf \u00e0 t\u00e9l\u00e9charger)<\/a>, toujours utilis\u00e9 par de nombreuses associations, mais certainement, dans le contexte actuel, \u00e0 compl\u00e9ter par des pratiques plus souples, plus ouvertes, du parrainage de proximit\u00e9 sous toutes ses formes.<\/p>\n<p>Actes Journ\u00e9es techniques Parrainage 2005 <a href=\"http:\/\/unenfantunefamille.org\/wp-content\/uploads\/2016\/12\/actes_journee_parrainage_2005.pdf\">(pdf \u00e0 t\u00e9l\u00e9charger)<\/a><\/p>\n<p><strong>Toujours en 2005, <\/strong>est cr\u00e9\u00e9e une association dont le but est de regrouper tous les acteurs du parrainage de proximit\u00e9, pour mieux faire entendre le projet du parrainage de proximit\u00e9 et en diversifier les approches\u00a0: ce sera l\u2019U.N.A.P.P., Union Nationale des Associations de Parrainage de Proximit\u00e9, qui deviendra en 2012 l\u2019Union Nationale des Acteurs de Parrainage de Proximit\u00e9.\u00a0 (<a href=\"http:\/\/www.unapp.net\/\">vers le site de l&rsquo;UNAPP<\/a>)<br \/>\nUn Enfant Une Famille en est membre fondateur et s\u2019investira fortement dans son action, en particulier en d\u00e9l\u00e9gant sa tr\u00e8s efficace, et h\u00e9las regrett\u00e9e Marie Chantal<br \/>\n<strong>En 2010 <\/strong>est install\u00e9 le Comit\u00e9 National de Soutien \u00e0 la Parentalit\u00e9 qui reprend avec d\u2019autres partenaires et d\u2019autres actions les missions sur le parrainage dans un <strong>groupe technique sp\u00e9cifique<\/strong>.<\/p>\n<p><strong>En 2012,<\/strong> un \u00e9tat des lieux des dispositifs est dress\u00e9 \u2013 dont une fiche sur le parrainage (<a href=\"http:\/\/unenfantunefamille.org\/pdf-presentation\/CNSP-Fiche-parrainage-2012.pdf\">pdf \u00e0 t\u00e9l\u00e9charger<\/a>).<\/p>\n<p>En <strong>2013<\/strong> \u00e0 la demande de la Ministre de la Famille, Madame Dominique Bertinotti, \u00a0l\u2019<strong>I.G.A.S. <\/strong>\u00e9value la politique de soutien \u00e0 la Parentalit\u00e9 et rend un rapport, avec un point sur le parrainage (<a href=\"http:\/\/unenfantunefamille.org\/pdf-presentation\/RapportIGAS2013-Parrainage.pdf\">pdf \u00e0 t\u00e9l\u00e9charger<\/a>).<\/p>\n<p>En <strong>2016<\/strong> l&rsquo;association Un Enfant Une Famille applaudit \u00e0 la r\u00e9daction de la loi du 14 Mars 2016 (<a href=\"https:\/\/unenfantunefamille.org\/wp-content\/uploads\/2021\/11\/loi-du-14-mars-2016.pdf\">pdf \u00e0 t\u00e9l\u00e9charger<\/a>), voulue par Madame Laurence Rossignol, relative \u00e0 la protection de l&rsquo;enfant. Elle participe avec l&rsquo; U.N.A.P.P \u00e0 la r\u00e9daction du d\u00e9cret du 10 Octobre 2016.<\/p>\n<p>Elle participe aux travaux du collectif \u00ab\u00a0Tous Parrains\u00a0!\u00a0\u00bb dont elle attend, comme tous les acteurs du\u00a0 parrainage de proximit\u00e9, une meilleure visibilit\u00e9, une meilleure compr\u00e9hension par le grand public . Elle a particip\u00e9 \u00e0 la r\u00e9daction de la nouvelle charte de 2018. (<a href=\"http:\/\/www.tousparrains.org\/\">vers le site de Tous Parains<\/a>)<\/p>\n<p>Toujours dans ce cadre, elle a particip\u00e9 \u00e0 la Fondation \u00ab Parents Solos et Compagnie \u00bb, dont elle a\u00a0 fortement soutenu la philosophie d\u2019accompagnement au pouvoir d\u2019agir des \u00ab parents solos \u00bb<\/p>\n<p>En <strong>2021<\/strong> elle agit pour que le parrainage soit inscrit dans le cadre du Projet Pour l&rsquo;Enfant (PPE).<\/p>\n<p>Dans ces diff\u00e9rents contextes, l\u2019association Un Enfant Une Famille reste fid\u00e8le \u00e0 ses engagements d\u2019origine\u00a0: accueillir, au sens large du terme, les enfants, les jeunes dans le respect de leur histoire et de leur famille, en s\u2019adaptant aux \u00e9volutions de la soci\u00e9t\u00e9 et du b\u00e9n\u00e9volat.<br \/>\n<em>N&rsquo;oublions pas tout ce que cette association doit \u00e0 l\u2019engagement <a href=\"http:\/\/unenfantunefamille.org\/index.php\/ali\/\">d\u2019Antoine et Janine Rebelo<\/a>, engagement qui ne s\u2019est jamais d\u00e9menti.<\/em><\/p>\n<\/div>\n<p style=\"text-align: center;\" class=\"hh4\"><a  href=>retour<\/a><\/p>\n","protected":false},"excerpt":{"rendered":"<p>Bref historique du parrainage de proximit\u00e9 et d\u2019 Un Enfant Une Famille En 1978, Un Enfant Une Famille, association loi de 1901, d&rsquo;int\u00e9r\u00eat g\u00e9n\u00e9ral, est cr\u00e9\u00e9 ( JO 1978006) L&rsquo;association est li\u00e9e \u00e0 l\u2019enqu\u00eate sur le \u00ab\u00a0parrainage des enfants relevant de l\u2019Aide Sociale \u00e0 l\u2019Enfance\u00a0\u00bb men\u00e9e par les directions d\u00e9partementales des affaires sanitaires et sociales\u2026 <span class=\"read-more\"><a href=\"https:\/\/unenfantunefamille.org\/index.php\/historique-parrainage-proximite\/\">Lire la suite &raquo;<\/a><\/span><\/p>\n","protected":false},"author":1,"featured_media":0,"parent":0,"menu_order":0,"comment_status":"closed","ping_status":"closed","template":"page-une-sidebare.php","meta":{"footnotes":""},"class_list":["post-1397","page","type-page","status-publish","hentry"],"yoast_head":"<!-- This site is optimized with the Yoast SEO plugin v27.0 - https:\/\/yoast.com\/product\/yoast-seo-wordpress\/ -->\n<title>historique - Un Enfant Une Famille - Parrainage de proximit\u00e9, action citoyenne durable d&#039;ouverture pour les enfants en Ile de France<\/title>\n<meta name=\"robots\" content=\"index, follow, max-snippet:-1, max-image-preview:large, max-video-preview:-1\" \/>\n<link rel=\"canonical\" href=\"https:\/\/unenfantunefamille.org\/index.php\/historique-parrainage-proximite\/\" \/>\n<meta property=\"og:locale\" content=\"fr_FR\" \/>\n<meta property=\"og:type\" content=\"article\" \/>\n<meta property=\"og:title\" content=\"historique - Un Enfant Une Famille - Parrainage de proximit\u00e9, action citoyenne durable d&#039;ouverture pour les enfants en Ile de France\" \/>\n<meta property=\"og:description\" content=\"Bref historique du parrainage de proximit\u00e9 et d\u2019 Un Enfant Une Famille En 1978, Un Enfant Une Famille, association loi de 1901, d&rsquo;int\u00e9r\u00eat g\u00e9n\u00e9ral, est cr\u00e9\u00e9 ( JO 1978006) L&rsquo;association est li\u00e9e \u00e0 l\u2019enqu\u00eate sur le \u00ab\u00a0parrainage des enfants relevant de l\u2019Aide Sociale \u00e0 l\u2019Enfance\u00a0\u00bb men\u00e9e par les directions d\u00e9partementales des affaires sanitaires et sociales\u2026 Lire la suite &raquo;\" \/>\n<meta property=\"og:url\" content=\"https:\/\/unenfantunefamille.org\/index.php\/historique-parrainage-proximite\/\" \/>\n<meta property=\"og:site_name\" content=\"Un Enfant Une Famille - Parrainage de proximit\u00e9, action citoyenne durable d&#039;ouverture pour les enfants en Ile de France\" \/>\n<meta property=\"article:modified_time\" content=\"2024-12-08T06:26:57+00:00\" \/>\n<meta property=\"og:image\" content=\"https:\/\/unenfantunefamille.org\/wp-content\/uploads\/2016\/10\/tardi.gif\" \/>\n\t<meta property=\"og:image:width\" content=\"300\" \/>\n\t<meta property=\"og:image:height\" content=\"428\" \/>\n\t<meta property=\"og:image:type\" content=\"image\/gif\" \/>\n<meta name=\"twitter:card\" content=\"summary_large_image\" \/>\n<meta name=\"twitter:label1\" content=\"Dur\u00e9e de lecture estim\u00e9e\" \/>\n\t<meta name=\"twitter:data1\" content=\"5 minutes\" \/>\n<script type=\"application\/ld+json\" class=\"yoast-schema-graph\">{\"@context\":\"https:\/\/schema.org\",\"@graph\":[{\"@type\":\"WebPage\",\"@id\":\"https:\/\/unenfantunefamille.org\/index.php\/historique-parrainage-proximite\/\",\"url\":\"https:\/\/unenfantunefamille.org\/index.php\/historique-parrainage-proximite\/\",\"name\":\"historique - Un Enfant Une Famille - Parrainage de proximit\u00e9, action citoyenne durable d&#039;ouverture pour les enfants en Ile de France\",\"isPartOf\":{\"@id\":\"https:\/\/unenfantunefamille.org\/#website\"},\"primaryImageOfPage\":{\"@id\":\"https:\/\/unenfantunefamille.org\/index.php\/historique-parrainage-proximite\/#primaryimage\"},\"image\":{\"@id\":\"https:\/\/unenfantunefamille.org\/index.php\/historique-parrainage-proximite\/#primaryimage\"},\"thumbnailUrl\":\"http:\/\/unenfantunefamille.org\/wp-content\/uploads\/2016\/10\/tardi-210x300.gif\",\"datePublished\":\"2016-12-04T18:57:46+00:00\",\"dateModified\":\"2024-12-08T06:26:57+00:00\",\"breadcrumb\":{\"@id\":\"https:\/\/unenfantunefamille.org\/index.php\/historique-parrainage-proximite\/#breadcrumb\"},\"inLanguage\":\"fr-FR\",\"potentialAction\":[{\"@type\":\"ReadAction\",\"target\":[\"https:\/\/unenfantunefamille.org\/index.php\/historique-parrainage-proximite\/\"]}]},{\"@type\":\"ImageObject\",\"inLanguage\":\"fr-FR\",\"@id\":\"https:\/\/unenfantunefamille.org\/index.php\/historique-parrainage-proximite\/#primaryimage\",\"url\":\"https:\/\/unenfantunefamille.org\/wp-content\/uploads\/2016\/10\/tardi.gif\",\"contentUrl\":\"https:\/\/unenfantunefamille.org\/wp-content\/uploads\/2016\/10\/tardi.gif\",\"width\":300,\"height\":428},{\"@type\":\"BreadcrumbList\",\"@id\":\"https:\/\/unenfantunefamille.org\/index.php\/historique-parrainage-proximite\/#breadcrumb\",\"itemListElement\":[{\"@type\":\"ListItem\",\"position\":1,\"name\":\"Accueil\",\"item\":\"https:\/\/unenfantunefamille.org\/\"},{\"@type\":\"ListItem\",\"position\":2,\"name\":\"historique\"}]},{\"@type\":\"WebSite\",\"@id\":\"https:\/\/unenfantunefamille.org\/#website\",\"url\":\"https:\/\/unenfantunefamille.org\/\",\"name\":\"Un Enfant Une Famille - Parrainage de proximit\u00e9, action citoyenne durable d&#039;ouverture pour les enfants en Ile de France\",\"description\":\"lien affectif b\u00e9n\u00e9vole durable pour aider un enfant \u00e0 grandir\",\"potentialAction\":[{\"@type\":\"SearchAction\",\"target\":{\"@type\":\"EntryPoint\",\"urlTemplate\":\"https:\/\/unenfantunefamille.org\/?s={search_term_string}\"},\"query-input\":{\"@type\":\"PropertyValueSpecification\",\"valueRequired\":true,\"valueName\":\"search_term_string\"}}],\"inLanguage\":\"fr-FR\"}]}<\/script>\n<!-- \/ Yoast SEO plugin. -->","yoast_head_json":{"title":"historique - Un Enfant Une Famille - Parrainage de proximit\u00e9, action citoyenne durable d&#039;ouverture pour les enfants en Ile de France","robots":{"index":"index","follow":"follow","max-snippet":"max-snippet:-1","max-image-preview":"max-image-preview:large","max-video-preview":"max-video-preview:-1"},"canonical":"https:\/\/unenfantunefamille.org\/index.php\/historique-parrainage-proximite\/","og_locale":"fr_FR","og_type":"article","og_title":"historique - Un Enfant Une Famille - Parrainage de proximit\u00e9, action citoyenne durable d&#039;ouverture pour les enfants en Ile de France","og_description":"Bref historique du parrainage de proximit\u00e9 et d\u2019 Un Enfant Une Famille En 1978, Un Enfant Une Famille, association loi de 1901, d&rsquo;int\u00e9r\u00eat g\u00e9n\u00e9ral, est cr\u00e9\u00e9 ( JO 1978006) L&rsquo;association est li\u00e9e \u00e0 l\u2019enqu\u00eate sur le \u00ab\u00a0parrainage des enfants relevant de l\u2019Aide Sociale \u00e0 l\u2019Enfance\u00a0\u00bb men\u00e9e par les directions d\u00e9partementales des affaires sanitaires et sociales\u2026 Lire la suite &raquo;","og_url":"https:\/\/unenfantunefamille.org\/index.php\/historique-parrainage-proximite\/","og_site_name":"Un Enfant Une Famille - Parrainage de proximit\u00e9, action citoyenne durable d&#039;ouverture pour les enfants en Ile de France","article_modified_time":"2024-12-08T06:26:57+00:00","og_image":[{"width":300,"height":428,"url":"https:\/\/unenfantunefamille.org\/wp-content\/uploads\/2016\/10\/tardi.gif","type":"image\/gif"}],"twitter_card":"summary_large_image","twitter_misc":{"Dur\u00e9e de lecture estim\u00e9e":"5 minutes"},"schema":{"@context":"https:\/\/schema.org","@graph":[{"@type":"WebPage","@id":"https:\/\/unenfantunefamille.org\/index.php\/historique-parrainage-proximite\/","url":"https:\/\/unenfantunefamille.org\/index.php\/historique-parrainage-proximite\/","name":"historique - Un Enfant Une Famille - Parrainage de proximit\u00e9, action citoyenne durable d&#039;ouverture pour les enfants en Ile de France","isPartOf":{"@id":"https:\/\/unenfantunefamille.org\/#website"},"primaryImageOfPage":{"@id":"https:\/\/unenfantunefamille.org\/index.php\/historique-parrainage-proximite\/#primaryimage"},"image":{"@id":"https:\/\/unenfantunefamille.org\/index.php\/historique-parrainage-proximite\/#primaryimage"},"thumbnailUrl":"http:\/\/unenfantunefamille.org\/wp-content\/uploads\/2016\/10\/tardi-210x300.gif","datePublished":"2016-12-04T18:57:46+00:00","dateModified":"2024-12-08T06:26:57+00:00","breadcrumb":{"@id":"https:\/\/unenfantunefamille.org\/index.php\/historique-parrainage-proximite\/#breadcrumb"},"inLanguage":"fr-FR","potentialAction":[{"@type":"ReadAction","target":["https:\/\/unenfantunefamille.org\/index.php\/historique-parrainage-proximite\/"]}]},{"@type":"ImageObject","inLanguage":"fr-FR","@id":"https:\/\/unenfantunefamille.org\/index.php\/historique-parrainage-proximite\/#primaryimage","url":"https:\/\/unenfantunefamille.org\/wp-content\/uploads\/2016\/10\/tardi.gif","contentUrl":"https:\/\/unenfantunefamille.org\/wp-content\/uploads\/2016\/10\/tardi.gif","width":300,"height":428},{"@type":"BreadcrumbList","@id":"https:\/\/unenfantunefamille.org\/index.php\/historique-parrainage-proximite\/#breadcrumb","itemListElement":[{"@type":"ListItem","position":1,"name":"Accueil","item":"https:\/\/unenfantunefamille.org\/"},{"@type":"ListItem","position":2,"name":"historique"}]},{"@type":"WebSite","@id":"https:\/\/unenfantunefamille.org\/#website","url":"https:\/\/unenfantunefamille.org\/","name":"Un Enfant Une Famille - Parrainage de proximit\u00e9, action citoyenne durable d&#039;ouverture pour les enfants en Ile de France","description":"lien affectif b\u00e9n\u00e9vole durable pour aider un enfant \u00e0 grandir","potentialAction":[{"@type":"SearchAction","target":{"@type":"EntryPoint","urlTemplate":"https:\/\/unenfantunefamille.org\/?s={search_term_string}"},"query-input":{"@type":"PropertyValueSpecification","valueRequired":true,"valueName":"search_term_string"}}],"inLanguage":"fr-FR"}]}},"_links":{"self":[{"href":"https:\/\/unenfantunefamille.org\/index.php\/wp-json\/wp\/v2\/pages\/1397","targetHints":{"allow":["GET"]}}],"collection":[{"href":"https:\/\/unenfantunefamille.org\/index.php\/wp-json\/wp\/v2\/pages"}],"about":[{"href":"https:\/\/unenfantunefamille.org\/index.php\/wp-json\/wp\/v2\/types\/page"}],"author":[{"embeddable":true,"href":"https:\/\/unenfantunefamille.org\/index.php\/wp-json\/wp\/v2\/users\/1"}],"replies":[{"embeddable":true,"href":"https:\/\/unenfantunefamille.org\/index.php\/wp-json\/wp\/v2\/comments?post=1397"}],"version-history":[{"count":78,"href":"https:\/\/unenfantunefamille.org\/index.php\/wp-json\/wp\/v2\/pages\/1397\/revisions"}],"predecessor-version":[{"id":5156,"href":"https:\/\/unenfantunefamille.org\/index.php\/wp-json\/wp\/v2\/pages\/1397\/revisions\/5156"}],"wp:attachment":[{"href":"https:\/\/unenfantunefamille.org\/index.php\/wp-json\/wp\/v2\/media?parent=1397"}],"curies":[{"name":"wp","href":"https:\/\/api.w.org\/{rel}","templated":true}]}}