{"id":1531,"date":"2016-12-07T18:37:06","date_gmt":"2016-12-07T17:37:06","guid":{"rendered":"http:\/\/unenfantunefamille.org\/?page_id=1531"},"modified":"2016-12-07T19:08:07","modified_gmt":"2016-12-07T18:08:07","slug":"discour_ordre_du_merite","status":"publish","type":"page","link":"https:\/\/unenfantunefamille.org\/index.php\/discour_ordre_du_merite\/","title":{"rendered":"Discour_ordre_du_merite"},"content":{"rendered":"<h4 style=\"text-align: center;\">C\u00e9r\u00e9monie de remise de l\u2019insigne de l\u2019Ordre National du M\u00e9rite \u00e0<br \/>\nAntoine REBELO<\/h4>\n<p>&nbsp;<\/p>\n<p align=\"center\">\n<h4>REMERCIEMENTS<\/h4>\n<\/p>\n<p>&nbsp;<\/p>\n<div class=\"hh5\">\n<p align=\"justify\">\u00a0Mesdames, Messieurs, Chers amis, et bien chers tous<\/p>\n<p align=\"justify\">\u00a0\u00a0\u00a0\u00a0Je vous remercie de vos marques d\u2019estime qui me touchent profond\u00e9ment et notamment ceux d\u2019entre-vous qui sont venus de leur lointaine province pour m\u2019exprimer leur amiti\u00e9. J\u2019adresse mon salut et remerciements \u00e0 vous tous ici pr\u00e9sents, ainsi qu\u2019\u00e0 tous ceux qui n\u2019ont pu venir en raison d\u2019emp\u00eachements :<\/p>\n<div align=\"justify\">\n<ul style=\"line-height: 1.8; margin-left : 2.5em ;\">\n<li style=\"line-height: 1.4;\">A ma famille, \u00e0 mes amis d\u2019enfance, \u00e0 mes voisins de quartier de Meudon et Clamart, \u00e0 la communaut\u00e9 portugaise dont je suis issu.<\/li>\n<li style=\"line-height: 1.4;\">A mes camarades du Lyc\u00e9e Paul Langevin de Suresnes, \u00e0 la communaut\u00e9 des Gadzarts, \u00e0 mes amis de Renault<\/li>\n<li style=\"line-height: 1.4;\">Aux familles qui ont adopt\u00e9 des enfants en souffrance, parfois handicap\u00e9s, ou parrain\u00e9 des jeunes en difficult\u00e9 pour leur construire un avenir.<\/li>\n<li style=\"line-height: 1.4;\">Aux diverses personnalit\u00e9s pr\u00e9sentes parmi lesquelles je citerai :<\/li>\n<ul style=\"line-height: 1.4; margin-left : 2.5em ;\">\n<li style=\"line-height: 1.4;\">Marie Christine Le Boursicot, Secr\u00e9taire G\u00e9n\u00e9rale du CNAOP (Conseil national pour l\u2019acc\u00e8s aux origines personnelles)<\/li>\n<li style=\"line-height: 1.4;\">Bertrand Morin, Vice Pr\u00e9sident Enfance et Familles d\u2019Adoption, en charge du Service Enfants en Recherche de Familles<\/li>\n<li style=\"line-height: 1.4;\">V\u00e9r\u00e9na Thorn, Fondatrice de la Passerelle de Gennevilliers<\/li>\n<li style=\"line-height: 1.4;\">Le Colonel B\u00e9du, responsable local pour l\u2019Ordre National du M\u00e9rite<\/li>\n<li style=\"line-height: 1.4;\">Catherine Briand, de la D\u00e9l\u00e9gation G\u00e9n\u00e9rale des affaires Sociales,<\/li>\n<li style=\"line-height: 1.4;\">Philippe Mimaud pr\u00e9sident de l\u2019UDAF repr\u00e9sentant le Comit\u00e9 de parrainage de l\u2019Essonne<\/li>\n<li style=\"line-height: 1.4;\">A tous ceux enfin qui se sont d\u00e9vou\u00e9s \u00e0 la pr\u00e9paration et \u00e0 la r\u00e9alisation de cette grande journ\u00e9e, en y associant la municipalit\u00e9 de Clamart.<\/li>\n<\/ul>\n<\/ul>\n<\/div>\n<p align=\"justify\">\u00a0\u00a0\u00a0\u00a0A la fois \u00e9mu et confus de tenir ainsi le devant de la sc\u00e8ne, je vous dois quelques explications : L\u2019insigne de l\u2019Ordre du M\u00e9rite que j\u2019ai l\u2019honneur de porter maintenant, a fait \u00a0l\u2019objet d\u2019une requ\u00eate voulue par le regrett\u00e9 Roger Brunet, Pr\u00e9sident fondateur de la F\u00e9d\u00e9ration Nationale des Foyers adoptifs, qui me recruta en 1975 pour faire partie de son conseil d\u2019administration. Il avait bien compris le d\u00e9sir qui nous habitait Janine et moi, de venir en aide aux enfants d\u00e9laiss\u00e9s et oubli\u00e9s dans les \u00e9tablissements de l\u2019Assistance Publique. Avant de dispara\u00eetre, il avait pri\u00e9 son successeur d\u2019engager cette d\u00e9marche, afin de valoriser l\u2019action que nous avons d\u00e9velopp\u00e9e depuis 30 ann\u00e9es, avec la contribution de nombreuses familles adoptives ou parrainantes, qui se sont d\u00e9vou\u00e9es corps et \u00e2me aux enfants priv\u00e9s de famille pour leur construire un avenir.<\/p>\n<p>Le m\u00e9rite de cette distinction, revient de droit aux familles adoptives ou parrainantes qui ont accueilli, aim\u00e9 et parfois souffert pour sauver ces enfants et leur donner une raison de vivre. Elles nous ont souvent \u00e9merveill\u00e9 par leur d\u00e9vouement, leur d\u00e9termination, par l\u2019exemple r\u00e9confortant donn\u00e9 \u00e0 notre soci\u00e9t\u00e9 qu\u2019elles ont contribu\u00e9 \u00e0 humaniser.<\/p>\n<p>Ce que je suis devenu, je le dois \u00e0 ces actions men\u00e9es en commun, mais aussi aux rencontres parfois providentielles sur le chemin de la vie. Je me suis construit peu \u00e0 peu, au travers des circonstances, des difficult\u00e9s qu\u2019il a fallu surmonter avec ma famille dans des conditions pr\u00e9caires. J\u2019ai v\u00e9cu le d\u00e9racinement de l\u2019\u00e9migration au temps de mon enfance, au sein d\u2019une communaut\u00e9 d\u2019\u00e9migr\u00e9s log\u00e9s \u00e0 la m\u00eame enseigne, venus de tous pays, Arm\u00e9nie, Italie, Portugal, pays Slaves, et m\u00eame de Chine, que j\u2019appris \u00e0 conna\u00eetre et \u00e0 appr\u00e9cier. Nos logements exigus nous portaient \u00e0 occuper la rue, devenue territoire de notre bande de gamins turbulents, prompts aux chamailleries mais soud\u00e9s par de profonds liens de camaraderie. Et nos parents veillaient au grain pour nous \u00e9viter les d\u00e9bordements, parfois au prix de racl\u00e9es m\u00e9morables.<\/p>\n<p>Nous avons aussi b\u00e9n\u00e9fici\u00e9 \u00e0 l\u2019\u00e9cole communale, d\u2019un enseignement primaire de qualit\u00e9 qui nous a \u00e9duqu\u00e9s et structur\u00e9s. Ce furent ensuite les difficiles ann\u00e9es du temps de guerre o\u00f9 il fallut survivre, en d\u00e9veloppant nos capacit\u00e9s d\u2019initiative, d\u2019ing\u00e9niosit\u00e9 et la solidarit\u00e9 de notre groupe. <\/p>\n<p>A l\u2019\u00e2ge de 14 ans nous avons tous quitt\u00e9 l\u2019\u00e9cole pour l\u2019usine, ou pour aider des parents commer\u00e7ants ou artisans. Nous n\u2019avions pas d\u2019autre perspective.<\/p>\n<p>J\u2019eus la chance d\u2019entrer en apprentissage chez Renault, d\u2019y apprendre un m\u00e9tier et de b\u00e9n\u00e9ficier par la suite d\u2019une bourse d\u2019\u00e9tudes. La R\u00e9gie Renault \u00e9tait \u00e0 ce moment l\u00e0 une entreprise pilote exemplaire dans le domaine social. Elle m\u2019envoya \u00e0 18 ans au Coll\u00e8ge Technique de Suresnes, devenu Lyc\u00e9e Paul Langevin, pour y pr\u00e9parer le concours des Arts et M\u00e9tiers sous la conduite de professeurs d\u00e9vou\u00e9s qui ont su nous former au plan technique, scientifique et culturel.<\/p>\n<p>Admis en octobre 1948, \u00e0 l\u2019Ecole Sup\u00e9rieure des Arts et M\u00e9tiers, j\u2019eus le privil\u00e8ge d\u2019y recevoir durant quatre ann\u00e9es, une solide formation d\u2019ing\u00e9nieur et surtout de d\u00e9couvrir la communaut\u00e9 fraternelle des Gadz\u2019Arts.<\/p>\n<p>Et ce furent ensuite 32 ann\u00e9es de carri\u00e8re d\u2019ing\u00e9nieur d\u2019\u00e9tudes et d\u2019essais \u00e0 la R\u00e9gie Renault, qui m\u2019ont profond\u00e9ment marqu\u00e9, et permis de nouer des amiti\u00e9s ind\u00e9fectibles.<\/p>\n<p>J\u2019ai quitt\u00e9 la vie active au mois de septembre 1985, et nous nous sommes engag\u00e9s totalement avec mon \u00e9pouse dans l\u2019action sociale b\u00e9n\u00e9vole, que nous avions d\u00e9j\u00e0 d\u00e9but\u00e9e en 1973 par le parrainage d\u2019un gamin de 11 ans, d\u00e9laiss\u00e9 dans une maison d\u2019enfants pr\u00e8s de Roissy.<\/p>\n<p align=\"justify\">\u00a0Je m\u2019adresse maintenant aux familles adoptives et parrainantes pour leur exprimer mon admiration et ma reconnaissance. Gr\u00e2ce \u00e0 elles nous avons progress\u00e9 dans la connaissance des divers aspects de l\u2019adoption et du parrainage, recul\u00e9 les limites du possible, et gagn\u00e9 la confiance des travailleurs sociaux avec lesquels nous avons pu d\u00e9velopper un partenariat f\u00e9cond et profitable \u00e0 de nombreux enfants en difficult\u00e9. Nous avons aussi agi avec d\u2019autres associations qui oeuvrent, chacune \u00e0 leur mani\u00e8re au service d\u2019enfants de tous \u00e2ges et de toutes conditions, parfois handicap\u00e9s, du b\u00e9b\u00e9 au jeune majeur isol\u00e9 qui recherche un soutien afin de s\u2019ins\u00e9rer dans la soci\u00e9t\u00e9, avec l\u2019appui d\u2019adultes bienveillants.<\/p>\n<p>Tout cela nous l\u2019avons entrepris en couple, aux cot\u00e9s de mon \u00e9pouse, sans laquelle je n\u2019aurais pu effectuer tout ce chemin. Aussi ai-je tenu \u00e0 diff\u00e9rer cette c\u00e9r\u00e9monie d\u2019un an apr\u00e8s ma nomination, au jour anniversaire de nos cinquante ans de mariage, pour avoir le privil\u00e8ge de recevoir de Janine, l\u2019insigne de l\u2019Ordre National du M\u00e9rite. Elle m\u2019a pr\u00e9c\u00e9d\u00e9e de 3 ann\u00e9es dans la voie des honneurs, et r\u00e9alise enfin le v\u0153u formul\u00e9 par le regrett\u00e9 Roger Brunet. Par cet acte symbolique, elle r\u00e9tablit maintenant, la parit\u00e9 de notre couple d\u00e9j\u00e0 uni dans sa compl\u00e9mentarit\u00e9.<\/p>\n<p align=\"justify\">Permettez-moi maintenant de vous conter l\u2019histoire de notre rencontre.<\/p>\n<p align=\"center\"><b>\u00a0UNE HISTOIRE D\u2019AMOUR<\/b><\/p>\n<p align=\"justify\">Le 15 mai 2001, Janine est nomm\u00e9e Chevalier dans l\u2019Ordre National du M\u00e9rite. Invit\u00e9 \u00e0 dire un petit mot lors de la remise de son insigne au congr\u00e8s national EFA de Reims, j\u2019\u00e9tais en panne d\u2019inspiration. Sur le quai du m\u00e9tro. un aveugle jouait : \u00ab \u00a0c\u2019\u00e9tait une histoire d\u2019amour \u00bb. aussit\u00f4t, mes yeux se sont ouverts. J\u2019avais \u00e0 rendre t\u00e9moignage d\u2019une belle histoire d\u2019amour.<br \/>\nJ\u2019ai rencontr\u00e9 Janine au coin d\u2019une rue. Etait-ce une rencontre inscrite<br \/>\ndans le ciel, ou le hasard, comme le chantait Mouloudji en ce temps l\u00e0 ?<br \/>\n\u00ab\u00a0<i>Un jour, tu verras, on se rencontrera, quelque part n\u2019importe o\u00f9,<br \/>\nguid\u00e9s par le hasard&#8230;\u00a0\u00bb<\/i><\/p>\n<p>J\u2019avais 25 ans et Janine 18 printemps. Nous attendions le m\u00eame bus, un dimanche d\u2019octobre \u00e0 la tomb\u00e9e de la nuit. Nos regards se sont crois\u00e9s et ce fut l\u2019\u00e9tincelle. Nous sommes descendus \u00e0 la m\u00eame station car nos demeures, \u00e9taient encore par hasard proches l\u2019une de l\u2019autre. J\u2019appris qu\u2019elle \u00e9tait fille de commer\u00e7ants mais qu\u2019elle aspirait \u00e0 autre chose. D\u00e8s l\u2019\u00e2ge de 16 ans, elle enseignait la gymnastique. Deux ans plus tard, elle animait avec passion et comp\u00e9tence une section de danse rythmique au Club Sportif Municipal de Clamart.<br \/>\nApr\u00e8s notre mariage, sa demeure est devenue la mienne. Nous voulions beaucoup<br \/>\nd\u2019enfants, mais le sort en d\u00e9cida autrement. Elle s\u2019investit totalement aupr\u00e8s<br \/>\nde ses \u00e9l\u00e8ves, obtint son dipl\u00f4me d\u2019\u00e9tudes chor\u00e9graphiques et ouvrit un cours<br \/>\nmunicipal de danse tr\u00e8s appr\u00e9ci\u00e9. J\u2019\u00e9tais fascin\u00e9 par le charisme qu\u2019elle manifestait dans la pratique de son art et la confiance que lui portaient enfants et parents. Elle portait une grande affection \u00e0 ses \u00e9l\u00e8ves, des plus grands aux tous petits, qui le lui rendaient au centuple. Ses galas annuels o\u00f9 se pr\u00e9sentaient plus de 150 \u00e9l\u00e8ves \u00e9taient de petits chefs d\u2019\u0153uvres. Je l\u2019aidais comme je pouvais, tour \u00e0 tour r\u00e9gisseur, pr\u00e9sentateur, administrateur de l\u2019\u00e9cole de danse. Nous \u00e9tions b\u00e9n\u00e9voles, car son d\u00e9sir \u00e9tait de mettre la danse classique et folklorique \u00e0 la port\u00e9e de tous.<\/p>\n<p>Mais nous n\u2019avions toujours pas d\u2019enfant. Au terme de dix ann\u00e9es d\u2019attente, d\u00e9lai exig\u00e9 par la loi de l\u2019\u00e9poque, une petite C\u00e9line nous fut confi\u00e9e en adoption. Petite fille ch\u00e9tive aux grands yeux noirs, \u00e2g\u00e9e de trois mois, qui d\u00e9p\u00e9rissait<br \/>\ndans sa pouponni\u00e8re. Aussit\u00f4t accueillie, sa sant\u00e9 se r\u00e9tablit et sa pr\u00e9sence ensoleilla notre maison. <\/p>\n<p>Janine continua \u00e0 enseigner la danse, portant notre C\u00e9line dans un couffin qu\u2019il lui arrivait de poser sur le piano. Elle participait alors \u00e0 sa mani\u00e8re \u00e0 l\u2019enseignement de sa maman et devint par la suite une de ses meilleures \u00e9l\u00e8ves. Un fils nous fut donn\u00e9 apr\u00e8s encore cinq ann\u00e9es d\u2019attente interminable. Petit gar\u00e7on apeur\u00e9 de deux ans, qui d\u00e9couvrit alors l\u2019amour d\u2019une petite s\u0153ur et de parents attendris. On l\u2019appela Denis Emmanuel.<br \/>\nTrois ann\u00e9es plus tard, en 1973 nous faisons la connaissance d\u2019Ali, enfant<br \/>\nde l\u2019Assistance Publique que nous allons chercher pr\u00e8s de Roissy, pour l\u2019accueillir tous les week-ends et cong\u00e9s scolaires. A travers ce parrainage, nous d\u00e9couvrons la d\u00e9tresse affective des enfants plac\u00e9s, oubli\u00e9s par leurs parents.<\/p>\n<p>Ce fut le d\u00e9clic. Sur les instances de Madame Neuville et de Roger Brunet, co-fondateurs de la F\u00e9d\u00e9ration Nationale des Familles Adoptives, nous rejoignons la FNFA pour y porter la parole des enfants d\u00e9laiss\u00e9s, et nous participons en<br \/>\n1978, \u00e0 la cr\u00e9ation de l\u2019association de parrainage Un Enfant Une Famille. Au contact de parents adoptifs d\u2019exception, nous nous sentons port\u00e9s par une vague de fond, et d\u00e9cid\u00e9s \u00e0 d\u00e9fendre la cause des enfants priv\u00e9s de famille.<br \/>\nJanine quitte alors la danse qu\u2019elle enseignait depuis plus de 20 ann\u00e9es, pour se consacrer totalement \u00e0 cette nouvelle mission. Elle se bat sur tous les fronts, au sein du Conseil de Famille des Pupilles de l\u2019Etat , aupr\u00e8s des<br \/>\n\u0153uvres, des divers services sociaux, afin qu\u2019aucun des enfants sans famille dont elle a la connaissance, ne soit oubli\u00e9. Elle les porte en elle, et recherche inlassablement des familles qui puissent leur offrir la chaleur d\u2019un foyer,<br \/>\nles adopter ou les parrainer selon ce qu\u2019il est possible de r\u00e9aliser pour eux. Elle reste au contact de ces familles pour les soutenir, les conseiller et s\u2019enqu\u00e9rir des progr\u00e8s accomplis par les enfants. Avec la participation de nos<br \/>\npropres enfants, certains d\u2019entre eux ont \u00e9t\u00e9 d\u2019abord accueillis dans notre grande maison, enfants meurtris, rejet\u00e9s, parfois bris\u00e9s, le temps d\u2019\u00e9laborer un projet pour la F\u00e9d\u00e9ration Nationale des Familles Adoptives leur trouver une<br \/>\nfamille de parrainage ou d\u2019adoption.<\/p>\n<p>Quelques uns nous disent parfois : \u00ab pourquoi chercher ? Je suis bien ici.\u00bb Mais nous ne pouvons accueillir autant d\u2019enfants \u00e0 la fois, et nous leur expliquons notre r\u00f4le de relais destin\u00e9 \u00e0 les pr\u00e9parer \u00e0 la rencontre de familles o\u00f9 ils pourront enfin s\u2019installer d\u00e9finitivement. Cependant, une fille et un gar\u00e7on sont rest\u00e9s chez nous, sous tutelle, car<br \/>\nil n\u2019y avait pas d\u2019autre solution possible. Myriam, maghr\u00e9bine accueillie \u00e0 7 ans, issue d\u2019un \u00e9tablissement hospitalier, fut adopt\u00e9e \u00e0 24 ans. Fouad, petit marocain accueilli \u00e0 11 ans, puis retourn\u00e9 chez sa m\u00e8re \u00e0 16 ans, est devenu<br \/>\ning\u00e9nieur. Nous avons eu aussi \u00e0 d\u00e9plorer, le jour de No\u00ebl 1989, le d\u00e9c\u00e8s accidentel \u00e0 Noum\u00e9a, de notre fils Denis Emmanuel, \u00e0 l\u2019\u00e2ge de 21 ans. Comme tout couple, nous avons connu ensemble de grandes joies, un grand malheur,<br \/>\nde multiples difficult\u00e9s surmont\u00e9es au fur et \u00e0 mesure. Et notre couple qui sortait renforc\u00e9 de toutes les \u00e9preuves subies, demeura fid\u00e8le \u00e0 ses engagements. Ces \u00e9preuves m\u2019ont r\u00e9v\u00e9l\u00e9 les \u00e9minentes qualit\u00e9s d\u2019une \u00e9pouse patiente, aimante,<br \/>\nd\u00e9vou\u00e9e et r\u00e9solue, et nous ont permis d\u2019avancer sur notre chemin qui n\u2019a pas toujours \u00e9t\u00e9 un long fleuve tranquille.<br \/>\nJ\u2019ai men\u00e9 gr\u00e2ce \u00e0 Janine une vie passionnante, signifiante et m\u2019estime combl\u00e9 par la providence qui l\u2019a plac\u00e9e sur mon chemin. Et je veux ajouter que rien de cela ne serait arriv\u00e9 sans l\u2019amour partag\u00e9 dans notre couple, dans notre<br \/>\nfamille, avec tous les enfants crois\u00e9s au hasard de notre route.<\/p>\n<p align=\"center\"><b>\u00a0Grand merci \u00e0 toi, Janine !<\/b><\/p>\n<\/div>\n","protected":false},"excerpt":{"rendered":"<p>C\u00e9r\u00e9monie de remise de l\u2019insigne de l\u2019Ordre National du M\u00e9rite \u00e0 Antoine REBELO &nbsp; REMERCIEMENTS &nbsp; \u00a0Mesdames, Messieurs, Chers amis, et bien chers tous \u00a0\u00a0\u00a0\u00a0Je vous remercie de vos marques d\u2019estime qui me touchent profond\u00e9ment et notamment ceux d\u2019entre-vous qui sont venus de leur lointaine province pour m\u2019exprimer leur amiti\u00e9. J\u2019adresse mon salut et remerciements\u2026 <span class=\"read-more\"><a href=\"https:\/\/unenfantunefamille.org\/index.php\/discour_ordre_du_merite\/\">Lire la suite &raquo;<\/a><\/span><\/p>\n","protected":false},"author":1,"featured_media":0,"parent":0,"menu_order":0,"comment_status":"closed","ping_status":"closed","template":"page-large-retour.php","meta":{"footnotes":""},"class_list":["post-1531","page","type-page","status-publish","hentry"],"yoast_head":"<!-- This site is optimized with the Yoast SEO plugin v27.0 - https:\/\/yoast.com\/product\/yoast-seo-wordpress\/ -->\n<title>Discour_ordre_du_merite - Un Enfant Une Famille - Parrainage de proximit\u00e9, action citoyenne durable d&#039;ouverture pour les enfants en Ile de France<\/title>\n<meta name=\"robots\" content=\"index, follow, max-snippet:-1, max-image-preview:large, max-video-preview:-1\" \/>\n<link rel=\"canonical\" href=\"https:\/\/unenfantunefamille.org\/index.php\/discour_ordre_du_merite\/\" \/>\n<meta property=\"og:locale\" content=\"fr_FR\" \/>\n<meta property=\"og:type\" content=\"article\" \/>\n<meta property=\"og:title\" content=\"Discour_ordre_du_merite - Un Enfant Une Famille - Parrainage de proximit\u00e9, action citoyenne durable d&#039;ouverture pour les enfants en Ile de France\" \/>\n<meta property=\"og:description\" content=\"C\u00e9r\u00e9monie de remise de l\u2019insigne de l\u2019Ordre National du M\u00e9rite \u00e0 Antoine REBELO &nbsp; REMERCIEMENTS &nbsp; \u00a0Mesdames, Messieurs, Chers amis, et bien chers tous \u00a0\u00a0\u00a0\u00a0Je vous remercie de vos marques d\u2019estime qui me touchent profond\u00e9ment et notamment ceux d\u2019entre-vous qui sont venus de leur lointaine province pour m\u2019exprimer leur amiti\u00e9. J\u2019adresse mon salut et remerciements\u2026 Lire la suite &raquo;\" \/>\n<meta property=\"og:url\" content=\"https:\/\/unenfantunefamille.org\/index.php\/discour_ordre_du_merite\/\" \/>\n<meta property=\"og:site_name\" content=\"Un Enfant Une Famille - Parrainage de proximit\u00e9, action citoyenne durable d&#039;ouverture pour les enfants en Ile de France\" \/>\n<meta property=\"article:modified_time\" content=\"2016-12-07T18:08:07+00:00\" \/>\n<meta name=\"twitter:card\" content=\"summary_large_image\" \/>\n<meta name=\"twitter:label1\" content=\"Dur\u00e9e de lecture estim\u00e9e\" \/>\n\t<meta name=\"twitter:data1\" content=\"12 minutes\" \/>\n<script type=\"application\/ld+json\" class=\"yoast-schema-graph\">{\"@context\":\"https:\/\/schema.org\",\"@graph\":[{\"@type\":\"WebPage\",\"@id\":\"https:\/\/unenfantunefamille.org\/index.php\/discour_ordre_du_merite\/\",\"url\":\"https:\/\/unenfantunefamille.org\/index.php\/discour_ordre_du_merite\/\",\"name\":\"Discour_ordre_du_merite - Un Enfant Une Famille - Parrainage de proximit\u00e9, action citoyenne durable d&#039;ouverture pour les enfants en Ile de France\",\"isPartOf\":{\"@id\":\"https:\/\/unenfantunefamille.org\/#website\"},\"datePublished\":\"2016-12-07T17:37:06+00:00\",\"dateModified\":\"2016-12-07T18:08:07+00:00\",\"breadcrumb\":{\"@id\":\"https:\/\/unenfantunefamille.org\/index.php\/discour_ordre_du_merite\/#breadcrumb\"},\"inLanguage\":\"fr-FR\",\"potentialAction\":[{\"@type\":\"ReadAction\",\"target\":[\"https:\/\/unenfantunefamille.org\/index.php\/discour_ordre_du_merite\/\"]}]},{\"@type\":\"BreadcrumbList\",\"@id\":\"https:\/\/unenfantunefamille.org\/index.php\/discour_ordre_du_merite\/#breadcrumb\",\"itemListElement\":[{\"@type\":\"ListItem\",\"position\":1,\"name\":\"Accueil\",\"item\":\"https:\/\/unenfantunefamille.org\/\"},{\"@type\":\"ListItem\",\"position\":2,\"name\":\"Discour_ordre_du_merite\"}]},{\"@type\":\"WebSite\",\"@id\":\"https:\/\/unenfantunefamille.org\/#website\",\"url\":\"https:\/\/unenfantunefamille.org\/\",\"name\":\"Un Enfant Une Famille - Parrainage de proximit\u00e9, action citoyenne durable d&#039;ouverture pour les enfants en Ile de France\",\"description\":\"lien affectif b\u00e9n\u00e9vole durable pour aider un enfant \u00e0 grandir\",\"potentialAction\":[{\"@type\":\"SearchAction\",\"target\":{\"@type\":\"EntryPoint\",\"urlTemplate\":\"https:\/\/unenfantunefamille.org\/?s={search_term_string}\"},\"query-input\":{\"@type\":\"PropertyValueSpecification\",\"valueRequired\":true,\"valueName\":\"search_term_string\"}}],\"inLanguage\":\"fr-FR\"}]}<\/script>\n<!-- \/ Yoast SEO plugin. -->","yoast_head_json":{"title":"Discour_ordre_du_merite - Un Enfant Une Famille - Parrainage de proximit\u00e9, action citoyenne durable d&#039;ouverture pour les enfants en Ile de France","robots":{"index":"index","follow":"follow","max-snippet":"max-snippet:-1","max-image-preview":"max-image-preview:large","max-video-preview":"max-video-preview:-1"},"canonical":"https:\/\/unenfantunefamille.org\/index.php\/discour_ordre_du_merite\/","og_locale":"fr_FR","og_type":"article","og_title":"Discour_ordre_du_merite - Un Enfant Une Famille - Parrainage de proximit\u00e9, action citoyenne durable d&#039;ouverture pour les enfants en Ile de France","og_description":"C\u00e9r\u00e9monie de remise de l\u2019insigne de l\u2019Ordre National du M\u00e9rite \u00e0 Antoine REBELO &nbsp; REMERCIEMENTS &nbsp; \u00a0Mesdames, Messieurs, Chers amis, et bien chers tous \u00a0\u00a0\u00a0\u00a0Je vous remercie de vos marques d\u2019estime qui me touchent profond\u00e9ment et notamment ceux d\u2019entre-vous qui sont venus de leur lointaine province pour m\u2019exprimer leur amiti\u00e9. J\u2019adresse mon salut et remerciements\u2026 Lire la suite &raquo;","og_url":"https:\/\/unenfantunefamille.org\/index.php\/discour_ordre_du_merite\/","og_site_name":"Un Enfant Une Famille - Parrainage de proximit\u00e9, action citoyenne durable d&#039;ouverture pour les enfants en Ile de France","article_modified_time":"2016-12-07T18:08:07+00:00","twitter_card":"summary_large_image","twitter_misc":{"Dur\u00e9e de lecture estim\u00e9e":"12 minutes"},"schema":{"@context":"https:\/\/schema.org","@graph":[{"@type":"WebPage","@id":"https:\/\/unenfantunefamille.org\/index.php\/discour_ordre_du_merite\/","url":"https:\/\/unenfantunefamille.org\/index.php\/discour_ordre_du_merite\/","name":"Discour_ordre_du_merite - Un Enfant Une Famille - Parrainage de proximit\u00e9, action citoyenne durable d&#039;ouverture pour les enfants en Ile de France","isPartOf":{"@id":"https:\/\/unenfantunefamille.org\/#website"},"datePublished":"2016-12-07T17:37:06+00:00","dateModified":"2016-12-07T18:08:07+00:00","breadcrumb":{"@id":"https:\/\/unenfantunefamille.org\/index.php\/discour_ordre_du_merite\/#breadcrumb"},"inLanguage":"fr-FR","potentialAction":[{"@type":"ReadAction","target":["https:\/\/unenfantunefamille.org\/index.php\/discour_ordre_du_merite\/"]}]},{"@type":"BreadcrumbList","@id":"https:\/\/unenfantunefamille.org\/index.php\/discour_ordre_du_merite\/#breadcrumb","itemListElement":[{"@type":"ListItem","position":1,"name":"Accueil","item":"https:\/\/unenfantunefamille.org\/"},{"@type":"ListItem","position":2,"name":"Discour_ordre_du_merite"}]},{"@type":"WebSite","@id":"https:\/\/unenfantunefamille.org\/#website","url":"https:\/\/unenfantunefamille.org\/","name":"Un Enfant Une Famille - Parrainage de proximit\u00e9, action citoyenne durable d&#039;ouverture pour les enfants en Ile de France","description":"lien affectif b\u00e9n\u00e9vole durable pour aider un enfant \u00e0 grandir","potentialAction":[{"@type":"SearchAction","target":{"@type":"EntryPoint","urlTemplate":"https:\/\/unenfantunefamille.org\/?s={search_term_string}"},"query-input":{"@type":"PropertyValueSpecification","valueRequired":true,"valueName":"search_term_string"}}],"inLanguage":"fr-FR"}]}},"_links":{"self":[{"href":"https:\/\/unenfantunefamille.org\/index.php\/wp-json\/wp\/v2\/pages\/1531","targetHints":{"allow":["GET"]}}],"collection":[{"href":"https:\/\/unenfantunefamille.org\/index.php\/wp-json\/wp\/v2\/pages"}],"about":[{"href":"https:\/\/unenfantunefamille.org\/index.php\/wp-json\/wp\/v2\/types\/page"}],"author":[{"embeddable":true,"href":"https:\/\/unenfantunefamille.org\/index.php\/wp-json\/wp\/v2\/users\/1"}],"replies":[{"embeddable":true,"href":"https:\/\/unenfantunefamille.org\/index.php\/wp-json\/wp\/v2\/comments?post=1531"}],"version-history":[{"count":16,"href":"https:\/\/unenfantunefamille.org\/index.php\/wp-json\/wp\/v2\/pages\/1531\/revisions"}],"predecessor-version":[{"id":4168,"href":"https:\/\/unenfantunefamille.org\/index.php\/wp-json\/wp\/v2\/pages\/1531\/revisions\/4168"}],"wp:attachment":[{"href":"https:\/\/unenfantunefamille.org\/index.php\/wp-json\/wp\/v2\/media?parent=1531"}],"curies":[{"name":"wp","href":"https:\/\/api.w.org\/{rel}","templated":true}]}}