{"id":1615,"date":"2016-12-11T11:16:43","date_gmt":"2016-12-11T10:16:43","guid":{"rendered":"http:\/\/unenfantunefamille.org\/?page_id=1615"},"modified":"2018-02-07T19:06:28","modified_gmt":"2018-02-07T18:06:28","slug":"mention-legale","status":"publish","type":"page","link":"https:\/\/unenfantunefamille.org\/index.php\/mention-legale\/","title":{"rendered":"Mention l\u00e9gale"},"content":{"rendered":"<style type=\"text\/css\">\n\/* pour de l'espace *\/\np.esp1 { margin-bottom: 5px;}\np.esp2 { margin-bottom: 15px;}\np.esp3 { margin-bottom: 25px;}\n<\/style>\n<h3><strong>Edition et gestion du site<\/strong><\/h3>\n<p>&nbsp;<\/p>\n<div class=\"hh4\">Un Enfant Une Famille<\/div>\n<div class=\"hh4\">Association loi de 1901, d&rsquo;int\u00e9r\u00eat g\u00e9n\u00e9ral.<\/div>\n<p class=\"esp1\">\n<div class=\"hh5\">Num\u00e9ro RNA : W921000127<\/div>\n<div class=\"hh5\">Num\u00e9ro SIRET : 480771278 00011<\/div>\n<p class=\"esp2\">\n<div class=\"hh4\">Adresse et si\u00e8ge social :<\/div>\n<p class=\"esp2\">\n<div class=\"hh4\">Maison des Associations<br \/>\n13bis rue de Bi\u00e8vres<br \/>\n92140 Clamart<\/div>\n<p class=\"esp2\">\n<div class=\"hh4\">\n<p>Directeur de la publication : Claudine Husson<\/p>\n<p>R\u00e9alisation du site : Jean-Fran\u00e7ois Husson<\/p>\n<\/div>\n<p class=\"esp3\">\n<div class=\"hh4\"><\/div>\n<h3>H\u00e9bergement du site<\/h3>\n<p class=\"esp3\">\n<div class=\"hh4\">L\u2019h\u00e9bergement est assur\u00e9 par la soci\u00e9t\u00e9 OVH.<br \/>\nOVH, 140 quai du Sartel, 59100 Roubaix<br \/>\nT\u00e9l : 1017<p style=\"text-align: center;\" class=\"hh4\"><a  href=>retour<\/a><\/p><\/div>\n","protected":false},"excerpt":{"rendered":"<p>Edition et gestion du site &nbsp; Un Enfant Une Famille Association loi de 1901, d&rsquo;int\u00e9r\u00eat g\u00e9n\u00e9ral. Num\u00e9ro RNA : W921000127 Num\u00e9ro SIRET : 480771278 00011 Adresse et si\u00e8ge social : Maison des Associations 13bis rue de Bi\u00e8vres 92140 Clamart Directeur de la publication : Claudine Husson R\u00e9alisation du site : Jean-Fran\u00e7ois Husson H\u00e9bergement du site\u2026 <span class=\"read-more\"><a href=\"https:\/\/unenfantunefamille.org\/index.php\/mention-legale\/\">Lire la suite &raquo;<\/a><\/span><\/p>\n","protected":false},"author":1,"featured_media":0,"parent":0,"menu_order":0,"comment_status":"closed","ping_status":"closed","template":"","meta":{"footnotes":""},"class_list":["post-1615","page","type-page","status-publish","hentry"],"yoast_head":"<!-- This site is optimized with the Yoast SEO plugin v27.0 - https:\/\/yoast.com\/product\/yoast-seo-wordpress\/ -->\n<title>Mention l\u00e9gale - Un Enfant Une Famille - Parrainage de proximit\u00e9, action citoyenne durable d&#039;ouverture pour les enfants en Ile de France<\/title>\n<meta name=\"robots\" content=\"index, follow, max-snippet:-1, max-image-preview:large, max-video-preview:-1\" \/>\n<link rel=\"canonical\" href=\"https:\/\/unenfantunefamille.org\/index.php\/mention-legale\/\" \/>\n<meta property=\"og:locale\" content=\"fr_FR\" \/>\n<meta property=\"og:type\" content=\"article\" \/>\n<meta property=\"og:title\" content=\"Mention l\u00e9gale - Un Enfant Une Famille - Parrainage de proximit\u00e9, action citoyenne durable d&#039;ouverture pour les enfants en Ile de France\" \/>\n<meta property=\"og:description\" content=\"Edition et gestion du site &nbsp; Un Enfant Une Famille Association loi de 1901, d&rsquo;int\u00e9r\u00eat g\u00e9n\u00e9ral. Num\u00e9ro RNA : W921000127 Num\u00e9ro SIRET : 480771278 00011 Adresse et si\u00e8ge social : Maison des Associations 13bis rue de Bi\u00e8vres 92140 Clamart Directeur de la publication : Claudine Husson R\u00e9alisation du site : Jean-Fran\u00e7ois Husson H\u00e9bergement du site\u2026 Lire la suite &raquo;\" \/>\n<meta property=\"og:url\" content=\"https:\/\/unenfantunefamille.org\/index.php\/mention-legale\/\" \/>\n<meta property=\"og:site_name\" content=\"Un Enfant Une Famille - Parrainage de proximit\u00e9, action citoyenne durable d&#039;ouverture pour les enfants en Ile de France\" \/>\n<meta property=\"article:modified_time\" content=\"2018-02-07T18:06:28+00:00\" \/>\n<meta name=\"twitter:card\" content=\"summary_large_image\" \/>\n<script type=\"application\/ld+json\" class=\"yoast-schema-graph\">{\"@context\":\"https:\/\/schema.org\",\"@graph\":[{\"@type\":\"WebPage\",\"@id\":\"https:\/\/unenfantunefamille.org\/index.php\/mention-legale\/\",\"url\":\"https:\/\/unenfantunefamille.org\/index.php\/mention-legale\/\",\"name\":\"Mention l\u00e9gale - Un Enfant Une Famille - Parrainage de proximit\u00e9, action citoyenne durable d&#039;ouverture pour les enfants en Ile de France\",\"isPartOf\":{\"@id\":\"https:\/\/unenfantunefamille.org\/#website\"},\"datePublished\":\"2016-12-11T10:16:43+00:00\",\"dateModified\":\"2018-02-07T18:06:28+00:00\",\"breadcrumb\":{\"@id\":\"https:\/\/unenfantunefamille.org\/index.php\/mention-legale\/#breadcrumb\"},\"inLanguage\":\"fr-FR\",\"potentialAction\":[{\"@type\":\"ReadAction\",\"target\":[\"https:\/\/unenfantunefamille.org\/index.php\/mention-legale\/\"]}]},{\"@type\":\"BreadcrumbList\",\"@id\":\"https:\/\/unenfantunefamille.org\/index.php\/mention-legale\/#breadcrumb\",\"itemListElement\":[{\"@type\":\"ListItem\",\"position\":1,\"name\":\"Accueil\",\"item\":\"https:\/\/unenfantunefamille.org\/\"},{\"@type\":\"ListItem\",\"position\":2,\"name\":\"Mention l\u00e9gale\"}]},{\"@type\":\"WebSite\",\"@id\":\"https:\/\/unenfantunefamille.org\/#website\",\"url\":\"https:\/\/unenfantunefamille.org\/\",\"name\":\"Un Enfant Une Famille - Parrainage de proximit\u00e9, action citoyenne durable d&#039;ouverture pour les enfants en Ile de France\",\"description\":\"lien affectif b\u00e9n\u00e9vole durable pour aider un enfant \u00e0 grandir\",\"potentialAction\":[{\"@type\":\"SearchAction\",\"target\":{\"@type\":\"EntryPoint\",\"urlTemplate\":\"https:\/\/unenfantunefamille.org\/?s={search_term_string}\"},\"query-input\":{\"@type\":\"PropertyValueSpecification\",\"valueRequired\":true,\"valueName\":\"search_term_string\"}}],\"inLanguage\":\"fr-FR\"}]}<\/script>\n<!-- \/ Yoast SEO plugin. -->","yoast_head_json":{"title":"Mention l\u00e9gale - Un Enfant Une Famille - Parrainage de proximit\u00e9, action citoyenne durable d&#039;ouverture pour les enfants en Ile de France","robots":{"index":"index","follow":"follow","max-snippet":"max-snippet:-1","max-image-preview":"max-image-preview:large","max-video-preview":"max-video-preview:-1"},"canonical":"https:\/\/unenfantunefamille.org\/index.php\/mention-legale\/","og_locale":"fr_FR","og_type":"article","og_title":"Mention l\u00e9gale - Un Enfant Une Famille - Parrainage de proximit\u00e9, action citoyenne durable d&#039;ouverture pour les enfants en Ile de France","og_description":"Edition et gestion du site &nbsp; Un Enfant Une Famille Association loi de 1901, d&rsquo;int\u00e9r\u00eat g\u00e9n\u00e9ral. Num\u00e9ro RNA : W921000127 Num\u00e9ro SIRET : 480771278 00011 Adresse et si\u00e8ge social : Maison des Associations 13bis rue de Bi\u00e8vres 92140 Clamart Directeur de la publication : Claudine Husson R\u00e9alisation du site : Jean-Fran\u00e7ois Husson H\u00e9bergement du site\u2026 Lire la suite &raquo;","og_url":"https:\/\/unenfantunefamille.org\/index.php\/mention-legale\/","og_site_name":"Un Enfant Une Famille - Parrainage de proximit\u00e9, action citoyenne durable d&#039;ouverture pour les enfants en Ile de France","article_modified_time":"2018-02-07T18:06:28+00:00","twitter_card":"summary_large_image","schema":{"@context":"https:\/\/schema.org","@graph":[{"@type":"WebPage","@id":"https:\/\/unenfantunefamille.org\/index.php\/mention-legale\/","url":"https:\/\/unenfantunefamille.org\/index.php\/mention-legale\/","name":"Mention l\u00e9gale - Un Enfant Une Famille - Parrainage de proximit\u00e9, action citoyenne durable d&#039;ouverture pour les enfants en Ile de France","isPartOf":{"@id":"https:\/\/unenfantunefamille.org\/#website"},"datePublished":"2016-12-11T10:16:43+00:00","dateModified":"2018-02-07T18:06:28+00:00","breadcrumb":{"@id":"https:\/\/unenfantunefamille.org\/index.php\/mention-legale\/#breadcrumb"},"inLanguage":"fr-FR","potentialAction":[{"@type":"ReadAction","target":["https:\/\/unenfantunefamille.org\/index.php\/mention-legale\/"]}]},{"@type":"BreadcrumbList","@id":"https:\/\/unenfantunefamille.org\/index.php\/mention-legale\/#breadcrumb","itemListElement":[{"@type":"ListItem","position":1,"name":"Accueil","item":"https:\/\/unenfantunefamille.org\/"},{"@type":"ListItem","position":2,"name":"Mention l\u00e9gale"}]},{"@type":"WebSite","@id":"https:\/\/unenfantunefamille.org\/#website","url":"https:\/\/unenfantunefamille.org\/","name":"Un Enfant Une Famille - Parrainage de proximit\u00e9, action citoyenne durable d&#039;ouverture pour les enfants en Ile de France","description":"lien affectif b\u00e9n\u00e9vole durable pour aider un enfant \u00e0 grandir","potentialAction":[{"@type":"SearchAction","target":{"@type":"EntryPoint","urlTemplate":"https:\/\/unenfantunefamille.org\/?s={search_term_string}"},"query-input":{"@type":"PropertyValueSpecification","valueRequired":true,"valueName":"search_term_string"}}],"inLanguage":"fr-FR"}]}},"_links":{"self":[{"href":"https:\/\/unenfantunefamille.org\/index.php\/wp-json\/wp\/v2\/pages\/1615","targetHints":{"allow":["GET"]}}],"collection":[{"href":"https:\/\/unenfantunefamille.org\/index.php\/wp-json\/wp\/v2\/pages"}],"about":[{"href":"https:\/\/unenfantunefamille.org\/index.php\/wp-json\/wp\/v2\/types\/page"}],"author":[{"embeddable":true,"href":"https:\/\/unenfantunefamille.org\/index.php\/wp-json\/wp\/v2\/users\/1"}],"replies":[{"embeddable":true,"href":"https:\/\/unenfantunefamille.org\/index.php\/wp-json\/wp\/v2\/comments?post=1615"}],"version-history":[{"count":27,"href":"https:\/\/unenfantunefamille.org\/index.php\/wp-json\/wp\/v2\/pages\/1615\/revisions"}],"predecessor-version":[{"id":1974,"href":"https:\/\/unenfantunefamille.org\/index.php\/wp-json\/wp\/v2\/pages\/1615\/revisions\/1974"}],"wp:attachment":[{"href":"https:\/\/unenfantunefamille.org\/index.php\/wp-json\/wp\/v2\/media?parent=1615"}],"curies":[{"name":"wp","href":"https:\/\/api.w.org\/{rel}","templated":true}]}}