{"id":1796,"date":"2016-12-23T10:38:56","date_gmt":"2016-12-23T09:38:56","guid":{"rendered":"http:\/\/unenfantunefamille.org\/?page_id=1796"},"modified":"2016-12-23T13:21:42","modified_gmt":"2016-12-23T12:21:42","slug":"pique-nique-sept-2014","status":"publish","type":"page","link":"https:\/\/unenfantunefamille.org\/index.php\/pique-nique-sept-2014\/","title":{"rendered":"Pique Nique Sept 2014"},"content":{"rendered":"<h3 style=\"text-align: center;\">Photos Pique-Nique 2014<\/h3>\n<p>&nbsp;<\/p>\n<p><img loading=\"lazy\" decoding=\"async\" class=\"alignnone  wp-image-1804\" src=\"http:\/\/unenfantunefamille.org\/wp-content\/uploads\/2016\/12\/PicNic2014-7-500x375.jpg\" alt=\"picnic2014-7\" width=\"903\" height=\"677\" srcset=\"https:\/\/unenfantunefamille.org\/wp-content\/uploads\/2016\/12\/PicNic2014-7-500x375.jpg 500w, https:\/\/unenfantunefamille.org\/wp-content\/uploads\/2016\/12\/PicNic2014-7-768x576.jpg 768w, https:\/\/unenfantunefamille.org\/wp-content\/uploads\/2016\/12\/PicNic2014-7-1024x768.jpg 1024w, https:\/\/unenfantunefamille.org\/wp-content\/uploads\/2016\/12\/PicNic2014-7-660x495.jpg 660w, https:\/\/unenfantunefamille.org\/wp-content\/uploads\/2016\/12\/PicNic2014-7.jpg 1632w\" sizes=\"auto, (max-width: 903px) 100vw, 903px\" \/><\/p>\n<p><img loading=\"lazy\" decoding=\"async\" class=\"alignnone  wp-image-1805\" src=\"http:\/\/unenfantunefamille.org\/wp-content\/uploads\/2016\/12\/PicNic2014-8-500x282.jpg\" alt=\"picnic2014-8\" width=\"906\" height=\"511\" srcset=\"https:\/\/unenfantunefamille.org\/wp-content\/uploads\/2016\/12\/PicNic2014-8-500x282.jpg 500w, https:\/\/unenfantunefamille.org\/wp-content\/uploads\/2016\/12\/PicNic2014-8-768x433.jpg 768w, https:\/\/unenfantunefamille.org\/wp-content\/uploads\/2016\/12\/PicNic2014-8-1024x577.jpg 1024w, https:\/\/unenfantunefamille.org\/wp-content\/uploads\/2016\/12\/PicNic2014-8-660x372.jpg 660w, https:\/\/unenfantunefamille.org\/wp-content\/uploads\/2016\/12\/PicNic2014-8.jpg 1958w\" sizes=\"auto, (max-width: 906px) 100vw, 906px\" \/><\/p>\n<p><img loading=\"lazy\" decoding=\"async\" class=\"alignnone  wp-image-1803\" src=\"http:\/\/unenfantunefamille.org\/wp-content\/uploads\/2016\/12\/PicNic2014-6-500x375.jpg\" alt=\"picnic2014-6\" width=\"903\" height=\"677\" srcset=\"https:\/\/unenfantunefamille.org\/wp-content\/uploads\/2016\/12\/PicNic2014-6-500x375.jpg 500w, https:\/\/unenfantunefamille.org\/wp-content\/uploads\/2016\/12\/PicNic2014-6-768x576.jpg 768w, https:\/\/unenfantunefamille.org\/wp-content\/uploads\/2016\/12\/PicNic2014-6-1024x768.jpg 1024w, https:\/\/unenfantunefamille.org\/wp-content\/uploads\/2016\/12\/PicNic2014-6-660x495.jpg 660w, https:\/\/unenfantunefamille.org\/wp-content\/uploads\/2016\/12\/PicNic2014-6.jpg 1632w\" sizes=\"auto, (max-width: 903px) 100vw, 903px\" \/><\/p>\n<p><img loading=\"lazy\" decoding=\"async\" class=\"alignnone  wp-image-1802\" src=\"http:\/\/unenfantunefamille.org\/wp-content\/uploads\/2016\/12\/PicNic2014-5-500x282.jpg\" alt=\"picnic2014-5\" width=\"902\" height=\"509\" srcset=\"https:\/\/unenfantunefamille.org\/wp-content\/uploads\/2016\/12\/PicNic2014-5-500x282.jpg 500w, https:\/\/unenfantunefamille.org\/wp-content\/uploads\/2016\/12\/PicNic2014-5-768x433.jpg 768w, https:\/\/unenfantunefamille.org\/wp-content\/uploads\/2016\/12\/PicNic2014-5-1024x577.jpg 1024w, https:\/\/unenfantunefamille.org\/wp-content\/uploads\/2016\/12\/PicNic2014-5-660x372.jpg 660w, https:\/\/unenfantunefamille.org\/wp-content\/uploads\/2016\/12\/PicNic2014-5.jpg 1958w\" sizes=\"auto, (max-width: 902px) 100vw, 902px\" \/><\/p>\n<p><img loading=\"lazy\" decoding=\"async\" class=\"alignnone  wp-image-1806\" src=\"http:\/\/unenfantunefamille.org\/wp-content\/uploads\/2016\/12\/PicNic2014-9-500x282.jpg\" alt=\"picnic2014-9\" width=\"902\" height=\"509\" srcset=\"https:\/\/unenfantunefamille.org\/wp-content\/uploads\/2016\/12\/PicNic2014-9-500x282.jpg 500w, https:\/\/unenfantunefamille.org\/wp-content\/uploads\/2016\/12\/PicNic2014-9-768x433.jpg 768w, https:\/\/unenfantunefamille.org\/wp-content\/uploads\/2016\/12\/PicNic2014-9-1024x577.jpg 1024w, https:\/\/unenfantunefamille.org\/wp-content\/uploads\/2016\/12\/PicNic2014-9-660x372.jpg 660w, https:\/\/unenfantunefamille.org\/wp-content\/uploads\/2016\/12\/PicNic2014-9.jpg 1958w\" sizes=\"auto, (max-width: 902px) 100vw, 902px\" \/><\/p>\n<p><img loading=\"lazy\" decoding=\"async\" class=\"alignnone  wp-image-1801\" src=\"http:\/\/unenfantunefamille.org\/wp-content\/uploads\/2016\/12\/PicNic2014-4-500x375.jpg\" alt=\"picnic2014-4\" width=\"904\" height=\"678\" srcset=\"https:\/\/unenfantunefamille.org\/wp-content\/uploads\/2016\/12\/PicNic2014-4-500x375.jpg 500w, https:\/\/unenfantunefamille.org\/wp-content\/uploads\/2016\/12\/PicNic2014-4-768x576.jpg 768w, https:\/\/unenfantunefamille.org\/wp-content\/uploads\/2016\/12\/PicNic2014-4-1024x768.jpg 1024w, https:\/\/unenfantunefamille.org\/wp-content\/uploads\/2016\/12\/PicNic2014-4-660x495.jpg 660w, https:\/\/unenfantunefamille.org\/wp-content\/uploads\/2016\/12\/PicNic2014-4.jpg 1632w\" sizes=\"auto, (max-width: 904px) 100vw, 904px\" \/><\/p>\n<p><img decoding=\"async\" class=\"alignnone size-medium wp-image-1799\" src=\"http:\/\/unenfantunefamille.org\/wp-content\/uploads\/2016\/12\/PicNic2014-2-500x375.jpg\" alt=\"picnic2014-2\" width=\"900\" srcset=\"https:\/\/unenfantunefamille.org\/wp-content\/uploads\/2016\/12\/PicNic2014-2-500x375.jpg 500w, https:\/\/unenfantunefamille.org\/wp-content\/uploads\/2016\/12\/PicNic2014-2-768x576.jpg 768w, https:\/\/unenfantunefamille.org\/wp-content\/uploads\/2016\/12\/PicNic2014-2-1024x768.jpg 1024w, https:\/\/unenfantunefamille.org\/wp-content\/uploads\/2016\/12\/PicNic2014-2-660x495.jpg 660w, https:\/\/unenfantunefamille.org\/wp-content\/uploads\/2016\/12\/PicNic2014-2.jpg 1632w\" sizes=\"(max-width: 500px) 100vw, 500px\" \/><\/p>\n<p><img decoding=\"async\" class=\"alignnone size-medium wp-image-1798\" src=\"http:\/\/unenfantunefamille.org\/wp-content\/uploads\/2016\/12\/PicNic2014-1-500x375.jpg\" alt=\"picnic2014-1\" width=\"900\" srcset=\"https:\/\/unenfantunefamille.org\/wp-content\/uploads\/2016\/12\/PicNic2014-1-500x375.jpg 500w, https:\/\/unenfantunefamille.org\/wp-content\/uploads\/2016\/12\/PicNic2014-1-768x576.jpg 768w, https:\/\/unenfantunefamille.org\/wp-content\/uploads\/2016\/12\/PicNic2014-1-1024x768.jpg 1024w, https:\/\/unenfantunefamille.org\/wp-content\/uploads\/2016\/12\/PicNic2014-1-660x495.jpg 660w, https:\/\/unenfantunefamille.org\/wp-content\/uploads\/2016\/12\/PicNic2014-1.jpg 1632w\" sizes=\"(max-width: 500px) 100vw, 500px\" \/><\/p>\n<p>&nbsp;<\/p>\n","protected":false},"excerpt":{"rendered":"<p>Photos Pique-Nique 2014 &nbsp; &nbsp;<\/p>\n","protected":false},"author":1,"featured_media":0,"parent":0,"menu_order":0,"comment_status":"closed","ping_status":"closed","template":"","meta":{"footnotes":""},"class_list":["post-1796","page","type-page","status-publish","hentry"],"yoast_head":"<!-- This site is optimized with the Yoast SEO plugin v27.0 - https:\/\/yoast.com\/product\/yoast-seo-wordpress\/ -->\n<title>Pique Nique Sept 2014 - Un Enfant Une Famille - Parrainage de proximit\u00e9, action citoyenne durable d&#039;ouverture pour les enfants en Ile de France<\/title>\n<meta name=\"robots\" content=\"index, follow, max-snippet:-1, max-image-preview:large, max-video-preview:-1\" \/>\n<link rel=\"canonical\" href=\"https:\/\/unenfantunefamille.org\/index.php\/pique-nique-sept-2014\/\" \/>\n<meta property=\"og:locale\" content=\"fr_FR\" \/>\n<meta property=\"og:type\" content=\"article\" \/>\n<meta property=\"og:title\" content=\"Pique Nique Sept 2014 - Un Enfant Une Famille - Parrainage de proximit\u00e9, action citoyenne durable d&#039;ouverture pour les enfants en Ile de France\" \/>\n<meta property=\"og:description\" content=\"Photos Pique-Nique 2014 &nbsp; &nbsp;\" \/>\n<meta property=\"og:url\" content=\"https:\/\/unenfantunefamille.org\/index.php\/pique-nique-sept-2014\/\" \/>\n<meta property=\"og:site_name\" content=\"Un Enfant Une Famille - Parrainage de proximit\u00e9, action citoyenne durable d&#039;ouverture pour les enfants en Ile de France\" \/>\n<meta property=\"article:modified_time\" content=\"2016-12-23T12:21:42+00:00\" \/>\n<meta property=\"og:image\" content=\"http:\/\/unenfantunefamille.org\/wp-content\/uploads\/2016\/12\/PicNic2014-7-500x375.jpg\" \/>\n<meta name=\"twitter:card\" content=\"summary_large_image\" \/>\n<script type=\"application\/ld+json\" class=\"yoast-schema-graph\">{\"@context\":\"https:\/\/schema.org\",\"@graph\":[{\"@type\":\"WebPage\",\"@id\":\"https:\/\/unenfantunefamille.org\/index.php\/pique-nique-sept-2014\/\",\"url\":\"https:\/\/unenfantunefamille.org\/index.php\/pique-nique-sept-2014\/\",\"name\":\"Pique Nique Sept 2014 - Un Enfant Une Famille - Parrainage de proximit\u00e9, action citoyenne durable d&#039;ouverture pour les enfants en Ile de France\",\"isPartOf\":{\"@id\":\"https:\/\/unenfantunefamille.org\/#website\"},\"primaryImageOfPage\":{\"@id\":\"https:\/\/unenfantunefamille.org\/index.php\/pique-nique-sept-2014\/#primaryimage\"},\"image\":{\"@id\":\"https:\/\/unenfantunefamille.org\/index.php\/pique-nique-sept-2014\/#primaryimage\"},\"thumbnailUrl\":\"http:\/\/unenfantunefamille.org\/wp-content\/uploads\/2016\/12\/PicNic2014-7-500x375.jpg\",\"datePublished\":\"2016-12-23T09:38:56+00:00\",\"dateModified\":\"2016-12-23T12:21:42+00:00\",\"breadcrumb\":{\"@id\":\"https:\/\/unenfantunefamille.org\/index.php\/pique-nique-sept-2014\/#breadcrumb\"},\"inLanguage\":\"fr-FR\",\"potentialAction\":[{\"@type\":\"ReadAction\",\"target\":[\"https:\/\/unenfantunefamille.org\/index.php\/pique-nique-sept-2014\/\"]}]},{\"@type\":\"ImageObject\",\"inLanguage\":\"fr-FR\",\"@id\":\"https:\/\/unenfantunefamille.org\/index.php\/pique-nique-sept-2014\/#primaryimage\",\"url\":\"https:\/\/unenfantunefamille.org\/wp-content\/uploads\/2016\/12\/PicNic2014-7.jpg\",\"contentUrl\":\"https:\/\/unenfantunefamille.org\/wp-content\/uploads\/2016\/12\/PicNic2014-7.jpg\",\"width\":1632,\"height\":1224},{\"@type\":\"BreadcrumbList\",\"@id\":\"https:\/\/unenfantunefamille.org\/index.php\/pique-nique-sept-2014\/#breadcrumb\",\"itemListElement\":[{\"@type\":\"ListItem\",\"position\":1,\"name\":\"Accueil\",\"item\":\"https:\/\/unenfantunefamille.org\/\"},{\"@type\":\"ListItem\",\"position\":2,\"name\":\"Pique Nique Sept 2014\"}]},{\"@type\":\"WebSite\",\"@id\":\"https:\/\/unenfantunefamille.org\/#website\",\"url\":\"https:\/\/unenfantunefamille.org\/\",\"name\":\"Un Enfant Une Famille - Parrainage de proximit\u00e9, action citoyenne durable d&#039;ouverture pour les enfants en Ile de France\",\"description\":\"lien affectif b\u00e9n\u00e9vole durable pour aider un enfant \u00e0 grandir\",\"potentialAction\":[{\"@type\":\"SearchAction\",\"target\":{\"@type\":\"EntryPoint\",\"urlTemplate\":\"https:\/\/unenfantunefamille.org\/?s={search_term_string}\"},\"query-input\":{\"@type\":\"PropertyValueSpecification\",\"valueRequired\":true,\"valueName\":\"search_term_string\"}}],\"inLanguage\":\"fr-FR\"}]}<\/script>\n<!-- \/ Yoast SEO plugin. -->","yoast_head_json":{"title":"Pique Nique Sept 2014 - Un Enfant Une Famille - Parrainage de proximit\u00e9, action citoyenne durable d&#039;ouverture pour les enfants en Ile de France","robots":{"index":"index","follow":"follow","max-snippet":"max-snippet:-1","max-image-preview":"max-image-preview:large","max-video-preview":"max-video-preview:-1"},"canonical":"https:\/\/unenfantunefamille.org\/index.php\/pique-nique-sept-2014\/","og_locale":"fr_FR","og_type":"article","og_title":"Pique Nique Sept 2014 - Un Enfant Une Famille - Parrainage de proximit\u00e9, action citoyenne durable d&#039;ouverture pour les enfants en Ile de France","og_description":"Photos Pique-Nique 2014 &nbsp; &nbsp;","og_url":"https:\/\/unenfantunefamille.org\/index.php\/pique-nique-sept-2014\/","og_site_name":"Un Enfant Une Famille - Parrainage de proximit\u00e9, action citoyenne durable d&#039;ouverture pour les enfants en Ile de France","article_modified_time":"2016-12-23T12:21:42+00:00","og_image":[{"url":"http:\/\/unenfantunefamille.org\/wp-content\/uploads\/2016\/12\/PicNic2014-7-500x375.jpg","type":"","width":"","height":""}],"twitter_card":"summary_large_image","schema":{"@context":"https:\/\/schema.org","@graph":[{"@type":"WebPage","@id":"https:\/\/unenfantunefamille.org\/index.php\/pique-nique-sept-2014\/","url":"https:\/\/unenfantunefamille.org\/index.php\/pique-nique-sept-2014\/","name":"Pique Nique Sept 2014 - Un Enfant Une Famille - Parrainage de proximit\u00e9, action citoyenne durable d&#039;ouverture pour les enfants en Ile de France","isPartOf":{"@id":"https:\/\/unenfantunefamille.org\/#website"},"primaryImageOfPage":{"@id":"https:\/\/unenfantunefamille.org\/index.php\/pique-nique-sept-2014\/#primaryimage"},"image":{"@id":"https:\/\/unenfantunefamille.org\/index.php\/pique-nique-sept-2014\/#primaryimage"},"thumbnailUrl":"http:\/\/unenfantunefamille.org\/wp-content\/uploads\/2016\/12\/PicNic2014-7-500x375.jpg","datePublished":"2016-12-23T09:38:56+00:00","dateModified":"2016-12-23T12:21:42+00:00","breadcrumb":{"@id":"https:\/\/unenfantunefamille.org\/index.php\/pique-nique-sept-2014\/#breadcrumb"},"inLanguage":"fr-FR","potentialAction":[{"@type":"ReadAction","target":["https:\/\/unenfantunefamille.org\/index.php\/pique-nique-sept-2014\/"]}]},{"@type":"ImageObject","inLanguage":"fr-FR","@id":"https:\/\/unenfantunefamille.org\/index.php\/pique-nique-sept-2014\/#primaryimage","url":"https:\/\/unenfantunefamille.org\/wp-content\/uploads\/2016\/12\/PicNic2014-7.jpg","contentUrl":"https:\/\/unenfantunefamille.org\/wp-content\/uploads\/2016\/12\/PicNic2014-7.jpg","width":1632,"height":1224},{"@type":"BreadcrumbList","@id":"https:\/\/unenfantunefamille.org\/index.php\/pique-nique-sept-2014\/#breadcrumb","itemListElement":[{"@type":"ListItem","position":1,"name":"Accueil","item":"https:\/\/unenfantunefamille.org\/"},{"@type":"ListItem","position":2,"name":"Pique Nique Sept 2014"}]},{"@type":"WebSite","@id":"https:\/\/unenfantunefamille.org\/#website","url":"https:\/\/unenfantunefamille.org\/","name":"Un Enfant Une Famille - Parrainage de proximit\u00e9, action citoyenne durable d&#039;ouverture pour les enfants en Ile de France","description":"lien affectif b\u00e9n\u00e9vole durable pour aider un enfant \u00e0 grandir","potentialAction":[{"@type":"SearchAction","target":{"@type":"EntryPoint","urlTemplate":"https:\/\/unenfantunefamille.org\/?s={search_term_string}"},"query-input":{"@type":"PropertyValueSpecification","valueRequired":true,"valueName":"search_term_string"}}],"inLanguage":"fr-FR"}]}},"_links":{"self":[{"href":"https:\/\/unenfantunefamille.org\/index.php\/wp-json\/wp\/v2\/pages\/1796","targetHints":{"allow":["GET"]}}],"collection":[{"href":"https:\/\/unenfantunefamille.org\/index.php\/wp-json\/wp\/v2\/pages"}],"about":[{"href":"https:\/\/unenfantunefamille.org\/index.php\/wp-json\/wp\/v2\/types\/page"}],"author":[{"embeddable":true,"href":"https:\/\/unenfantunefamille.org\/index.php\/wp-json\/wp\/v2\/users\/1"}],"replies":[{"embeddable":true,"href":"https:\/\/unenfantunefamille.org\/index.php\/wp-json\/wp\/v2\/comments?post=1796"}],"version-history":[{"count":4,"href":"https:\/\/unenfantunefamille.org\/index.php\/wp-json\/wp\/v2\/pages\/1796\/revisions"}],"predecessor-version":[{"id":1811,"href":"https:\/\/unenfantunefamille.org\/index.php\/wp-json\/wp\/v2\/pages\/1796\/revisions\/1811"}],"wp:attachment":[{"href":"https:\/\/unenfantunefamille.org\/index.php\/wp-json\/wp\/v2\/media?parent=1796"}],"curies":[{"name":"wp","href":"https:\/\/api.w.org\/{rel}","templated":true}]}}