{"id":2130,"date":"2018-05-31T14:39:21","date_gmt":"2018-05-31T12:39:21","guid":{"rendered":"http:\/\/unenfantunefamille.org\/?page_id=2130"},"modified":"2022-09-18T14:37:38","modified_gmt":"2022-09-18T12:37:38","slug":"ag-2015","status":"publish","type":"page","link":"https:\/\/unenfantunefamille.org\/index.php\/rencontres-2-2\/ag-2015\/","title":{"rendered":"Photos 2015"},"content":{"rendered":"<h2 style=\"text-align: center;\">Photos de l&rsquo;AG 2015<\/h2>\n<p><img loading=\"lazy\" decoding=\"async\" class=\"alignnone size-medium wp-image-2124 aligncenter\" src=\"http:\/\/unenfantunefamille.org\/wp-content\/uploads\/2018\/05\/2015_AG-2-500x375.jpg\" alt=\"\" width=\"500\" height=\"375\" srcset=\"https:\/\/unenfantunefamille.org\/wp-content\/uploads\/2018\/05\/2015_AG-2-500x375.jpg 500w, https:\/\/unenfantunefamille.org\/wp-content\/uploads\/2018\/05\/2015_AG-2-768x576.jpg 768w, https:\/\/unenfantunefamille.org\/wp-content\/uploads\/2018\/05\/2015_AG-2-1024x768.jpg 1024w, https:\/\/unenfantunefamille.org\/wp-content\/uploads\/2018\/05\/2015_AG-2-660x495.jpg 660w\" sizes=\"auto, (max-width: 500px) 100vw, 500px\" \/><\/p>\n<p><img loading=\"lazy\" decoding=\"async\" class=\"alignnone size-medium wp-image-2125 aligncenter\" src=\"http:\/\/unenfantunefamille.org\/wp-content\/uploads\/2018\/05\/2015_AG-9-375x500.jpg\" alt=\"\" width=\"375\" height=\"500\" srcset=\"https:\/\/unenfantunefamille.org\/wp-content\/uploads\/2018\/05\/2015_AG-9-375x500.jpg 375w, https:\/\/unenfantunefamille.org\/wp-content\/uploads\/2018\/05\/2015_AG-9-768x1024.jpg 768w, https:\/\/unenfantunefamille.org\/wp-content\/uploads\/2018\/05\/2015_AG-9-660x880.jpg 660w, https:\/\/unenfantunefamille.org\/wp-content\/uploads\/2018\/05\/2015_AG-9.jpg 1920w\" sizes=\"auto, (max-width: 375px) 100vw, 375px\" \/><\/p>\n<p><img loading=\"lazy\" decoding=\"async\" class=\"alignnone size-medium wp-image-2126 aligncenter\" src=\"http:\/\/unenfantunefamille.org\/wp-content\/uploads\/2018\/05\/2015_AG-14-500x375.jpg\" alt=\"\" width=\"500\" height=\"375\" srcset=\"https:\/\/unenfantunefamille.org\/wp-content\/uploads\/2018\/05\/2015_AG-14-500x375.jpg 500w, https:\/\/unenfantunefamille.org\/wp-content\/uploads\/2018\/05\/2015_AG-14-768x576.jpg 768w, https:\/\/unenfantunefamille.org\/wp-content\/uploads\/2018\/05\/2015_AG-14-1024x768.jpg 1024w, https:\/\/unenfantunefamille.org\/wp-content\/uploads\/2018\/05\/2015_AG-14-660x495.jpg 660w\" sizes=\"auto, (max-width: 500px) 100vw, 500px\" \/><\/p>\n<p><img loading=\"lazy\" decoding=\"async\" class=\"alignnone size-medium wp-image-2129 aligncenter\" src=\"http:\/\/unenfantunefamille.org\/wp-content\/uploads\/2018\/05\/2015_AG-30-500x375.jpg\" alt=\"\" width=\"500\" height=\"375\" srcset=\"https:\/\/unenfantunefamille.org\/wp-content\/uploads\/2018\/05\/2015_AG-30-500x375.jpg 500w, https:\/\/unenfantunefamille.org\/wp-content\/uploads\/2018\/05\/2015_AG-30-768x576.jpg 768w, https:\/\/unenfantunefamille.org\/wp-content\/uploads\/2018\/05\/2015_AG-30-1024x768.jpg 1024w, https:\/\/unenfantunefamille.org\/wp-content\/uploads\/2018\/05\/2015_AG-30-660x495.jpg 660w\" sizes=\"auto, (max-width: 500px) 100vw, 500px\" \/><\/p>\n<p><img loading=\"lazy\" decoding=\"async\" class=\"alignnone size-medium wp-image-2128 aligncenter\" src=\"http:\/\/unenfantunefamille.org\/wp-content\/uploads\/2018\/05\/2015_AG-21-375x500.jpg\" alt=\"\" width=\"375\" height=\"500\" srcset=\"https:\/\/unenfantunefamille.org\/wp-content\/uploads\/2018\/05\/2015_AG-21-375x500.jpg 375w, https:\/\/unenfantunefamille.org\/wp-content\/uploads\/2018\/05\/2015_AG-21-768x1024.jpg 768w, https:\/\/unenfantunefamille.org\/wp-content\/uploads\/2018\/05\/2015_AG-21-660x880.jpg 660w, https:\/\/unenfantunefamille.org\/wp-content\/uploads\/2018\/05\/2015_AG-21.jpg 1920w\" sizes=\"auto, (max-width: 375px) 100vw, 375px\" \/><\/p>\n<p><img loading=\"lazy\" decoding=\"async\" class=\"alignnone size-medium wp-image-2127 aligncenter\" src=\"http:\/\/unenfantunefamille.org\/wp-content\/uploads\/2018\/05\/2015_AG-18-500x375.jpg\" alt=\"\" width=\"500\" height=\"375\" srcset=\"https:\/\/unenfantunefamille.org\/wp-content\/uploads\/2018\/05\/2015_AG-18-500x375.jpg 500w, https:\/\/unenfantunefamille.org\/wp-content\/uploads\/2018\/05\/2015_AG-18-768x576.jpg 768w, https:\/\/unenfantunefamille.org\/wp-content\/uploads\/2018\/05\/2015_AG-18-1024x768.jpg 1024w, https:\/\/unenfantunefamille.org\/wp-content\/uploads\/2018\/05\/2015_AG-18-660x495.jpg 660w\" sizes=\"auto, (max-width: 500px) 100vw, 500px\" \/><\/p>\n","protected":false},"excerpt":{"rendered":"<p>Photos de l&rsquo;AG 2015<\/p>\n","protected":false},"author":1,"featured_media":0,"parent":205,"menu_order":0,"comment_status":"closed","ping_status":"closed","template":"","meta":{"footnotes":""},"class_list":["post-2130","page","type-page","status-publish","hentry"],"yoast_head":"<!-- This site is optimized with the Yoast SEO plugin v27.0 - https:\/\/yoast.com\/product\/yoast-seo-wordpress\/ -->\n<title>Photos 2015 - Un Enfant Une Famille - Parrainage de proximit\u00e9, action citoyenne durable d&#039;ouverture pour les enfants en Ile de France<\/title>\n<meta name=\"robots\" content=\"index, follow, max-snippet:-1, max-image-preview:large, max-video-preview:-1\" \/>\n<link rel=\"canonical\" href=\"https:\/\/unenfantunefamille.org\/index.php\/rencontres-2-2\/ag-2015\/\" \/>\n<meta property=\"og:locale\" content=\"fr_FR\" \/>\n<meta property=\"og:type\" content=\"article\" \/>\n<meta property=\"og:title\" content=\"Photos 2015 - Un Enfant Une Famille - Parrainage de proximit\u00e9, action citoyenne durable d&#039;ouverture pour les enfants en Ile de France\" \/>\n<meta property=\"og:description\" content=\"Photos de l&rsquo;AG 2015\" \/>\n<meta property=\"og:url\" content=\"https:\/\/unenfantunefamille.org\/index.php\/rencontres-2-2\/ag-2015\/\" \/>\n<meta property=\"og:site_name\" content=\"Un Enfant Une Famille - Parrainage de proximit\u00e9, action citoyenne durable d&#039;ouverture pour les enfants en Ile de France\" \/>\n<meta property=\"article:modified_time\" content=\"2022-09-18T12:37:38+00:00\" \/>\n<meta property=\"og:image\" content=\"http:\/\/unenfantunefamille.org\/wp-content\/uploads\/2018\/05\/2015_AG-2-500x375.jpg\" \/>\n<meta name=\"twitter:card\" content=\"summary_large_image\" \/>\n<meta name=\"twitter:label1\" content=\"Dur\u00e9e de lecture estim\u00e9e\" \/>\n\t<meta name=\"twitter:data1\" content=\"2 minutes\" \/>\n<script type=\"application\/ld+json\" class=\"yoast-schema-graph\">{\"@context\":\"https:\/\/schema.org\",\"@graph\":[{\"@type\":\"WebPage\",\"@id\":\"https:\/\/unenfantunefamille.org\/index.php\/rencontres-2-2\/ag-2015\/\",\"url\":\"https:\/\/unenfantunefamille.org\/index.php\/rencontres-2-2\/ag-2015\/\",\"name\":\"Photos 2015 - Un Enfant Une Famille - Parrainage de proximit\u00e9, action citoyenne durable d&#039;ouverture pour les enfants en Ile de France\",\"isPartOf\":{\"@id\":\"https:\/\/unenfantunefamille.org\/#website\"},\"primaryImageOfPage\":{\"@id\":\"https:\/\/unenfantunefamille.org\/index.php\/rencontres-2-2\/ag-2015\/#primaryimage\"},\"image\":{\"@id\":\"https:\/\/unenfantunefamille.org\/index.php\/rencontres-2-2\/ag-2015\/#primaryimage\"},\"thumbnailUrl\":\"http:\/\/unenfantunefamille.org\/wp-content\/uploads\/2018\/05\/2015_AG-2-500x375.jpg\",\"datePublished\":\"2018-05-31T12:39:21+00:00\",\"dateModified\":\"2022-09-18T12:37:38+00:00\",\"breadcrumb\":{\"@id\":\"https:\/\/unenfantunefamille.org\/index.php\/rencontres-2-2\/ag-2015\/#breadcrumb\"},\"inLanguage\":\"fr-FR\",\"potentialAction\":[{\"@type\":\"ReadAction\",\"target\":[\"https:\/\/unenfantunefamille.org\/index.php\/rencontres-2-2\/ag-2015\/\"]}]},{\"@type\":\"ImageObject\",\"inLanguage\":\"fr-FR\",\"@id\":\"https:\/\/unenfantunefamille.org\/index.php\/rencontres-2-2\/ag-2015\/#primaryimage\",\"url\":\"https:\/\/unenfantunefamille.org\/wp-content\/uploads\/2018\/05\/2015_AG-2.jpg\",\"contentUrl\":\"https:\/\/unenfantunefamille.org\/wp-content\/uploads\/2018\/05\/2015_AG-2.jpg\",\"width\":2560,\"height\":1920},{\"@type\":\"BreadcrumbList\",\"@id\":\"https:\/\/unenfantunefamille.org\/index.php\/rencontres-2-2\/ag-2015\/#breadcrumb\",\"itemListElement\":[{\"@type\":\"ListItem\",\"position\":1,\"name\":\"Accueil\",\"item\":\"https:\/\/unenfantunefamille.org\/\"},{\"@type\":\"ListItem\",\"position\":2,\"name\":\"Rencontres\",\"item\":\"https:\/\/unenfantunefamille.org\/index.php\/rencontres-2-2\/\"},{\"@type\":\"ListItem\",\"position\":3,\"name\":\"Photos 2015\"}]},{\"@type\":\"WebSite\",\"@id\":\"https:\/\/unenfantunefamille.org\/#website\",\"url\":\"https:\/\/unenfantunefamille.org\/\",\"name\":\"Un Enfant Une Famille - Parrainage de proximit\u00e9, action citoyenne durable d&#039;ouverture pour les enfants en Ile de France\",\"description\":\"lien affectif b\u00e9n\u00e9vole durable pour aider un enfant \u00e0 grandir\",\"potentialAction\":[{\"@type\":\"SearchAction\",\"target\":{\"@type\":\"EntryPoint\",\"urlTemplate\":\"https:\/\/unenfantunefamille.org\/?s={search_term_string}\"},\"query-input\":{\"@type\":\"PropertyValueSpecification\",\"valueRequired\":true,\"valueName\":\"search_term_string\"}}],\"inLanguage\":\"fr-FR\"}]}<\/script>\n<!-- \/ Yoast SEO plugin. -->","yoast_head_json":{"title":"Photos 2015 - Un Enfant Une Famille - Parrainage de proximit\u00e9, action citoyenne durable d&#039;ouverture pour les enfants en Ile de France","robots":{"index":"index","follow":"follow","max-snippet":"max-snippet:-1","max-image-preview":"max-image-preview:large","max-video-preview":"max-video-preview:-1"},"canonical":"https:\/\/unenfantunefamille.org\/index.php\/rencontres-2-2\/ag-2015\/","og_locale":"fr_FR","og_type":"article","og_title":"Photos 2015 - Un Enfant Une Famille - Parrainage de proximit\u00e9, action citoyenne durable d&#039;ouverture pour les enfants en Ile de France","og_description":"Photos de l&rsquo;AG 2015","og_url":"https:\/\/unenfantunefamille.org\/index.php\/rencontres-2-2\/ag-2015\/","og_site_name":"Un Enfant Une Famille - Parrainage de proximit\u00e9, action citoyenne durable d&#039;ouverture pour les enfants en Ile de France","article_modified_time":"2022-09-18T12:37:38+00:00","og_image":[{"url":"http:\/\/unenfantunefamille.org\/wp-content\/uploads\/2018\/05\/2015_AG-2-500x375.jpg","type":"","width":"","height":""}],"twitter_card":"summary_large_image","twitter_misc":{"Dur\u00e9e de lecture estim\u00e9e":"2 minutes"},"schema":{"@context":"https:\/\/schema.org","@graph":[{"@type":"WebPage","@id":"https:\/\/unenfantunefamille.org\/index.php\/rencontres-2-2\/ag-2015\/","url":"https:\/\/unenfantunefamille.org\/index.php\/rencontres-2-2\/ag-2015\/","name":"Photos 2015 - Un Enfant Une Famille - Parrainage de proximit\u00e9, action citoyenne durable d&#039;ouverture pour les enfants en Ile de France","isPartOf":{"@id":"https:\/\/unenfantunefamille.org\/#website"},"primaryImageOfPage":{"@id":"https:\/\/unenfantunefamille.org\/index.php\/rencontres-2-2\/ag-2015\/#primaryimage"},"image":{"@id":"https:\/\/unenfantunefamille.org\/index.php\/rencontres-2-2\/ag-2015\/#primaryimage"},"thumbnailUrl":"http:\/\/unenfantunefamille.org\/wp-content\/uploads\/2018\/05\/2015_AG-2-500x375.jpg","datePublished":"2018-05-31T12:39:21+00:00","dateModified":"2022-09-18T12:37:38+00:00","breadcrumb":{"@id":"https:\/\/unenfantunefamille.org\/index.php\/rencontres-2-2\/ag-2015\/#breadcrumb"},"inLanguage":"fr-FR","potentialAction":[{"@type":"ReadAction","target":["https:\/\/unenfantunefamille.org\/index.php\/rencontres-2-2\/ag-2015\/"]}]},{"@type":"ImageObject","inLanguage":"fr-FR","@id":"https:\/\/unenfantunefamille.org\/index.php\/rencontres-2-2\/ag-2015\/#primaryimage","url":"https:\/\/unenfantunefamille.org\/wp-content\/uploads\/2018\/05\/2015_AG-2.jpg","contentUrl":"https:\/\/unenfantunefamille.org\/wp-content\/uploads\/2018\/05\/2015_AG-2.jpg","width":2560,"height":1920},{"@type":"BreadcrumbList","@id":"https:\/\/unenfantunefamille.org\/index.php\/rencontres-2-2\/ag-2015\/#breadcrumb","itemListElement":[{"@type":"ListItem","position":1,"name":"Accueil","item":"https:\/\/unenfantunefamille.org\/"},{"@type":"ListItem","position":2,"name":"Rencontres","item":"https:\/\/unenfantunefamille.org\/index.php\/rencontres-2-2\/"},{"@type":"ListItem","position":3,"name":"Photos 2015"}]},{"@type":"WebSite","@id":"https:\/\/unenfantunefamille.org\/#website","url":"https:\/\/unenfantunefamille.org\/","name":"Un Enfant Une Famille - Parrainage de proximit\u00e9, action citoyenne durable d&#039;ouverture pour les enfants en Ile de France","description":"lien affectif b\u00e9n\u00e9vole durable pour aider un enfant \u00e0 grandir","potentialAction":[{"@type":"SearchAction","target":{"@type":"EntryPoint","urlTemplate":"https:\/\/unenfantunefamille.org\/?s={search_term_string}"},"query-input":{"@type":"PropertyValueSpecification","valueRequired":true,"valueName":"search_term_string"}}],"inLanguage":"fr-FR"}]}},"_links":{"self":[{"href":"https:\/\/unenfantunefamille.org\/index.php\/wp-json\/wp\/v2\/pages\/2130","targetHints":{"allow":["GET"]}}],"collection":[{"href":"https:\/\/unenfantunefamille.org\/index.php\/wp-json\/wp\/v2\/pages"}],"about":[{"href":"https:\/\/unenfantunefamille.org\/index.php\/wp-json\/wp\/v2\/types\/page"}],"author":[{"embeddable":true,"href":"https:\/\/unenfantunefamille.org\/index.php\/wp-json\/wp\/v2\/users\/1"}],"replies":[{"embeddable":true,"href":"https:\/\/unenfantunefamille.org\/index.php\/wp-json\/wp\/v2\/comments?post=2130"}],"version-history":[{"count":4,"href":"https:\/\/unenfantunefamille.org\/index.php\/wp-json\/wp\/v2\/pages\/2130\/revisions"}],"predecessor-version":[{"id":4276,"href":"https:\/\/unenfantunefamille.org\/index.php\/wp-json\/wp\/v2\/pages\/2130\/revisions\/4276"}],"up":[{"embeddable":true,"href":"https:\/\/unenfantunefamille.org\/index.php\/wp-json\/wp\/v2\/pages\/205"}],"wp:attachment":[{"href":"https:\/\/unenfantunefamille.org\/index.php\/wp-json\/wp\/v2\/media?parent=2130"}],"curies":[{"name":"wp","href":"https:\/\/api.w.org\/{rel}","templated":true}]}}