{"id":217,"date":"2016-10-23T18:15:21","date_gmt":"2016-10-23T16:15:21","guid":{"rendered":"http:\/\/localhost\/ueuf\/?page_id=217"},"modified":"2026-03-15T11:41:15","modified_gmt":"2026-03-15T10:41:15","slug":"cr-ag","status":"publish","type":"page","link":"https:\/\/unenfantunefamille.org\/index.php\/cr-ag\/","title":{"rendered":"Documents"},"content":{"rendered":"<h4>Documents de l&rsquo;association \u00ab Un Enfant Une Famille \u00bb<\/h4>\n<ul class=\"hh4\">\n<li><a href=\"https:\/\/unenfantunefamille.org\/wp-content\/uploads\/2025\/07\/pvag2025.pdf\" data-wplink-edit=\"true\">rapport d&rsquo;activit\u00e9 2024 approuv\u00e9 par l&rsquo;assembl\u00e9e g\u00e9n\u00e9rale du 23 Mars 2025<\/a><\/li>\n<li><a href=\"https:\/\/unenfantunefamille.org\/wp-content\/uploads\/2025\/07\/plaquette-red-ueuf_v9_logos.pdf\">plaquette de pr\u00e9sentation<\/a><\/li>\n<li><a href=\"https:\/\/unenfantunefamille.org\/wp-content\/uploads\/2023\/06\/Statut-UEUF-12-mars-2023.pdf\">statuts 13 mars 2023<\/a><\/li>\n<li><a href=\"https:\/\/unenfantunefamille.org\/wp-content\/uploads\/2026\/03\/Projet-associatif-2026.pdf\"> Projet associatif 2026-2027<\/a><\/li>\n<li><a href=\"https:\/\/unenfantunefamille.org\/wp-content\/uploads\/2025\/03\/Bulletin-Adhesion-2025.pdf\">Bulletin d&rsquo;adh\u00e9sion<\/a><\/li>\n<li>Pour les candidats parrains :<a href=\"https:\/\/unenfantunefamille.org\/wp-content\/uploads\/2025\/03\/Bulletin-Adhesion-complementaire-2025.pdf\">bulletin compl\u00e9mentaire<\/a><\/li>\n<li><a href=\"https:\/\/unenfantunefamille.org\/wp-content\/uploads\/2022\/06\/CER-signe.pdf\">Contrat d&rsquo;engagement r\u00e9publicain (CER)<\/a><\/li>\n<\/ul>\n<h4>Documents sur le parrainage<\/h4>\n<ul class=\"hh4\">\n<li><a href=\"https:\/\/unenfantunefamille.org\/wp-content\/uploads\/2025\/06\/Charte-Nationale-du-Parrainage-arrete-joe_20250131_0026_0014-1.pdf\">Charte nationale du Parrainage (janvier 2025)<\/a><\/li>\n<li><a href=\"http:\/\/unenfantunefamille.org\/index.php\/veil\/\">Circulaire Veil 1978<\/a><\/li>\n<li><a href=\"http:\/\/unenfantunefamille.org\/pdf-presentation\/ParrainerEnFrance_MmeDorhac_1989.pdf\">Parrainer en France (1989 Mme Dorlhac &#8211; secr\u00e9taire d&rsquo; Etat)<\/a><\/li>\n<li><a href=\"http:\/\/unenfantunefamille.org\/pdf-presentation\/Rapport_parrainage_MD_Verges2001.pdf\">Rapport de Mme le Juge M.D. Verges<\/a><\/li>\n<\/ul>\n","protected":false},"excerpt":{"rendered":"<p>Documents de l&rsquo;association \u00ab Un Enfant Une Famille \u00bb rapport d&rsquo;activit\u00e9 2024 approuv\u00e9 par l&rsquo;assembl\u00e9e g\u00e9n\u00e9rale du 23 Mars 2025 plaquette de pr\u00e9sentation statuts 13 mars 2023 Projet associatif 2026-2027 Bulletin d&rsquo;adh\u00e9sion Pour les candidats parrains :bulletin compl\u00e9mentaire Contrat d&rsquo;engagement r\u00e9publicain (CER) Documents sur le parrainage Charte nationale du Parrainage (janvier 2025) Circulaire Veil 1978\u2026 <span class=\"read-more\"><a href=\"https:\/\/unenfantunefamille.org\/index.php\/cr-ag\/\">Lire la suite &raquo;<\/a><\/span><\/p>\n","protected":false},"author":1,"featured_media":0,"parent":0,"menu_order":0,"comment_status":"closed","ping_status":"closed","template":"page-deux-sidebar.php","meta":{"footnotes":""},"class_list":["post-217","page","type-page","status-publish","hentry"],"yoast_head":"<!-- This site is optimized with the Yoast SEO plugin v27.0 - https:\/\/yoast.com\/product\/yoast-seo-wordpress\/ -->\n<title>Documents - Un Enfant Une Famille - Parrainage de proximit\u00e9, action citoyenne durable d&#039;ouverture pour les enfants en Ile de France<\/title>\n<meta name=\"robots\" content=\"index, follow, max-snippet:-1, max-image-preview:large, max-video-preview:-1\" \/>\n<link rel=\"canonical\" href=\"https:\/\/unenfantunefamille.org\/index.php\/cr-ag\/\" \/>\n<meta property=\"og:locale\" content=\"fr_FR\" \/>\n<meta property=\"og:type\" content=\"article\" \/>\n<meta property=\"og:title\" content=\"Documents - Un Enfant Une Famille - Parrainage de proximit\u00e9, action citoyenne durable d&#039;ouverture pour les enfants en Ile de France\" \/>\n<meta property=\"og:description\" content=\"Documents de l&rsquo;association \u00ab Un Enfant Une Famille \u00bb rapport d&rsquo;activit\u00e9 2024 approuv\u00e9 par l&rsquo;assembl\u00e9e g\u00e9n\u00e9rale du 23 Mars 2025 plaquette de pr\u00e9sentation statuts 13 mars 2023 Projet associatif 2026-2027 Bulletin d&rsquo;adh\u00e9sion Pour les candidats parrains :bulletin compl\u00e9mentaire Contrat d&rsquo;engagement r\u00e9publicain (CER) Documents sur le parrainage Charte nationale du Parrainage (janvier 2025) Circulaire Veil 1978\u2026 Lire la suite &raquo;\" \/>\n<meta property=\"og:url\" content=\"https:\/\/unenfantunefamille.org\/index.php\/cr-ag\/\" \/>\n<meta property=\"og:site_name\" content=\"Un Enfant Une Famille - Parrainage de proximit\u00e9, action citoyenne durable d&#039;ouverture pour les enfants en Ile de France\" \/>\n<meta property=\"article:modified_time\" content=\"2026-03-15T10:41:15+00:00\" \/>\n<meta name=\"twitter:card\" content=\"summary_large_image\" \/>\n<meta name=\"twitter:label1\" content=\"Dur\u00e9e de lecture estim\u00e9e\" \/>\n\t<meta name=\"twitter:data1\" content=\"1 minute\" \/>\n<script type=\"application\/ld+json\" class=\"yoast-schema-graph\">{\"@context\":\"https:\/\/schema.org\",\"@graph\":[{\"@type\":\"WebPage\",\"@id\":\"https:\/\/unenfantunefamille.org\/index.php\/cr-ag\/\",\"url\":\"https:\/\/unenfantunefamille.org\/index.php\/cr-ag\/\",\"name\":\"Documents - Un Enfant Une Famille - Parrainage de proximit\u00e9, action citoyenne durable d&#039;ouverture pour les enfants en Ile de France\",\"isPartOf\":{\"@id\":\"https:\/\/unenfantunefamille.org\/#website\"},\"datePublished\":\"2016-10-23T16:15:21+00:00\",\"dateModified\":\"2026-03-15T10:41:15+00:00\",\"breadcrumb\":{\"@id\":\"https:\/\/unenfantunefamille.org\/index.php\/cr-ag\/#breadcrumb\"},\"inLanguage\":\"fr-FR\",\"potentialAction\":[{\"@type\":\"ReadAction\",\"target\":[\"https:\/\/unenfantunefamille.org\/index.php\/cr-ag\/\"]}]},{\"@type\":\"BreadcrumbList\",\"@id\":\"https:\/\/unenfantunefamille.org\/index.php\/cr-ag\/#breadcrumb\",\"itemListElement\":[{\"@type\":\"ListItem\",\"position\":1,\"name\":\"Accueil\",\"item\":\"https:\/\/unenfantunefamille.org\/\"},{\"@type\":\"ListItem\",\"position\":2,\"name\":\"Documents\"}]},{\"@type\":\"WebSite\",\"@id\":\"https:\/\/unenfantunefamille.org\/#website\",\"url\":\"https:\/\/unenfantunefamille.org\/\",\"name\":\"Un Enfant Une Famille - Parrainage de proximit\u00e9, action citoyenne durable d&#039;ouverture pour les enfants en Ile de France\",\"description\":\"lien affectif b\u00e9n\u00e9vole durable pour aider un enfant \u00e0 grandir\",\"potentialAction\":[{\"@type\":\"SearchAction\",\"target\":{\"@type\":\"EntryPoint\",\"urlTemplate\":\"https:\/\/unenfantunefamille.org\/?s={search_term_string}\"},\"query-input\":{\"@type\":\"PropertyValueSpecification\",\"valueRequired\":true,\"valueName\":\"search_term_string\"}}],\"inLanguage\":\"fr-FR\"}]}<\/script>\n<!-- \/ Yoast SEO plugin. -->","yoast_head_json":{"title":"Documents - Un Enfant Une Famille - Parrainage de proximit\u00e9, action citoyenne durable d&#039;ouverture pour les enfants en Ile de France","robots":{"index":"index","follow":"follow","max-snippet":"max-snippet:-1","max-image-preview":"max-image-preview:large","max-video-preview":"max-video-preview:-1"},"canonical":"https:\/\/unenfantunefamille.org\/index.php\/cr-ag\/","og_locale":"fr_FR","og_type":"article","og_title":"Documents - Un Enfant Une Famille - Parrainage de proximit\u00e9, action citoyenne durable d&#039;ouverture pour les enfants en Ile de France","og_description":"Documents de l&rsquo;association \u00ab Un Enfant Une Famille \u00bb rapport d&rsquo;activit\u00e9 2024 approuv\u00e9 par l&rsquo;assembl\u00e9e g\u00e9n\u00e9rale du 23 Mars 2025 plaquette de pr\u00e9sentation statuts 13 mars 2023 Projet associatif 2026-2027 Bulletin d&rsquo;adh\u00e9sion Pour les candidats parrains :bulletin compl\u00e9mentaire Contrat d&rsquo;engagement r\u00e9publicain (CER) Documents sur le parrainage Charte nationale du Parrainage (janvier 2025) Circulaire Veil 1978\u2026 Lire la suite &raquo;","og_url":"https:\/\/unenfantunefamille.org\/index.php\/cr-ag\/","og_site_name":"Un Enfant Une Famille - Parrainage de proximit\u00e9, action citoyenne durable d&#039;ouverture pour les enfants en Ile de France","article_modified_time":"2026-03-15T10:41:15+00:00","twitter_card":"summary_large_image","twitter_misc":{"Dur\u00e9e de lecture estim\u00e9e":"1 minute"},"schema":{"@context":"https:\/\/schema.org","@graph":[{"@type":"WebPage","@id":"https:\/\/unenfantunefamille.org\/index.php\/cr-ag\/","url":"https:\/\/unenfantunefamille.org\/index.php\/cr-ag\/","name":"Documents - Un Enfant Une Famille - Parrainage de proximit\u00e9, action citoyenne durable d&#039;ouverture pour les enfants en Ile de France","isPartOf":{"@id":"https:\/\/unenfantunefamille.org\/#website"},"datePublished":"2016-10-23T16:15:21+00:00","dateModified":"2026-03-15T10:41:15+00:00","breadcrumb":{"@id":"https:\/\/unenfantunefamille.org\/index.php\/cr-ag\/#breadcrumb"},"inLanguage":"fr-FR","potentialAction":[{"@type":"ReadAction","target":["https:\/\/unenfantunefamille.org\/index.php\/cr-ag\/"]}]},{"@type":"BreadcrumbList","@id":"https:\/\/unenfantunefamille.org\/index.php\/cr-ag\/#breadcrumb","itemListElement":[{"@type":"ListItem","position":1,"name":"Accueil","item":"https:\/\/unenfantunefamille.org\/"},{"@type":"ListItem","position":2,"name":"Documents"}]},{"@type":"WebSite","@id":"https:\/\/unenfantunefamille.org\/#website","url":"https:\/\/unenfantunefamille.org\/","name":"Un Enfant Une Famille - Parrainage de proximit\u00e9, action citoyenne durable d&#039;ouverture pour les enfants en Ile de France","description":"lien affectif b\u00e9n\u00e9vole durable pour aider un enfant \u00e0 grandir","potentialAction":[{"@type":"SearchAction","target":{"@type":"EntryPoint","urlTemplate":"https:\/\/unenfantunefamille.org\/?s={search_term_string}"},"query-input":{"@type":"PropertyValueSpecification","valueRequired":true,"valueName":"search_term_string"}}],"inLanguage":"fr-FR"}]}},"_links":{"self":[{"href":"https:\/\/unenfantunefamille.org\/index.php\/wp-json\/wp\/v2\/pages\/217","targetHints":{"allow":["GET"]}}],"collection":[{"href":"https:\/\/unenfantunefamille.org\/index.php\/wp-json\/wp\/v2\/pages"}],"about":[{"href":"https:\/\/unenfantunefamille.org\/index.php\/wp-json\/wp\/v2\/types\/page"}],"author":[{"embeddable":true,"href":"https:\/\/unenfantunefamille.org\/index.php\/wp-json\/wp\/v2\/users\/1"}],"replies":[{"embeddable":true,"href":"https:\/\/unenfantunefamille.org\/index.php\/wp-json\/wp\/v2\/comments?post=217"}],"version-history":[{"count":78,"href":"https:\/\/unenfantunefamille.org\/index.php\/wp-json\/wp\/v2\/pages\/217\/revisions"}],"predecessor-version":[{"id":5502,"href":"https:\/\/unenfantunefamille.org\/index.php\/wp-json\/wp\/v2\/pages\/217\/revisions\/5502"}],"wp:attachment":[{"href":"https:\/\/unenfantunefamille.org\/index.php\/wp-json\/wp\/v2\/media?parent=217"}],"curies":[{"name":"wp","href":"https:\/\/api.w.org\/{rel}","templated":true}]}}