{"id":2213,"date":"2018-08-21T14:44:29","date_gmt":"2018-08-21T12:44:29","guid":{"rendered":"http:\/\/unenfantunefamille.org\/?page_id=2213"},"modified":"2018-08-21T14:54:12","modified_gmt":"2018-08-21T12:54:12","slug":"2213-2","status":"publish","type":"page","link":"https:\/\/unenfantunefamille.org\/index.php\/2213-2\/","title":{"rendered":"Thoiry"},"content":{"rendered":"<h3 style=\"text-align: center;\">Demande d&rsquo;inscription \u00e0 la journ\u00e9e de Thoiry<\/h3>\n<p>&nbsp;<\/p>\n<h3 style=\"text-align: center;\">du 23 Septembre 2018<\/h3>\n<p>&nbsp;<\/p>\n\n<div class=\"wpcf7 no-js\" id=\"wpcf7-f2211-o1\" lang=\"fr-FR\" dir=\"ltr\" data-wpcf7-id=\"2211\">\n<div class=\"screen-reader-response\"><p role=\"status\" aria-live=\"polite\" aria-atomic=\"true\"><\/p> <ul><\/ul><\/div>\n<form action=\"\/index.php\/wp-json\/wp\/v2\/pages\/2213#wpcf7-f2211-o1\" method=\"post\" class=\"wpcf7-form init\" aria-label=\"Formulaire de contact\" novalidate=\"novalidate\" data-status=\"init\">\n<fieldset class=\"hidden-fields-container\"><input type=\"hidden\" name=\"_wpcf7\" value=\"2211\" \/><input type=\"hidden\" name=\"_wpcf7_version\" value=\"6.1.5\" \/><input type=\"hidden\" name=\"_wpcf7_locale\" value=\"fr_FR\" \/><input type=\"hidden\" name=\"_wpcf7_unit_tag\" value=\"wpcf7-f2211-o1\" \/><input type=\"hidden\" name=\"_wpcf7_container_post\" value=\"0\" \/><input type=\"hidden\" name=\"_wpcf7_posted_data_hash\" value=\"\" \/><input type=\"hidden\" name=\"redirect_nonce\" value=\"e630b49c6a\" \/><input type=\"hidden\" name=\"wpcf7cfpdf_hidden_name\" value=\"document-pdf\" \/><input type=\"hidden\" name=\"wpcf7cfpdf_hidden_reference\" value=\"7dcfadba\" \/><input type=\"hidden\" name=\"wpcf7cfpdf_hidden_date\" value=\"04142026\" \/><input type=\"hidden\" name=\"_wpcf7_recaptcha_response\" value=\"\" \/>\n<\/fieldset>\n<p><label> <\/label>\n<\/p>\n<h5>NOM - Pr\u00e9nom (*)\n<\/h5>\n<p><span class=\"wpcf7-form-control-wrap\" data-name=\"your-name\"><input size=\"40\" maxlength=\"400\" class=\"wpcf7-form-control wpcf7-text wpcf7-validates-as-required\" aria-required=\"true\" aria-invalid=\"false\" value=\"\" type=\"text\" name=\"your-name\" \/><\/span>\n<\/p>\n<h5> Adresse de messagerie (*)\n<\/h5>\n<p><span class=\"wpcf7-form-control-wrap\" data-name=\"your-email\"><input size=\"40\" maxlength=\"400\" class=\"wpcf7-form-control wpcf7-email wpcf7-validates-as-required wpcf7-text wpcf7-validates-as-email\" aria-required=\"true\" aria-invalid=\"false\" value=\"\" type=\"email\" name=\"your-email\" \/><\/span>\n<\/p>\n<h5> Nombre de places \u00e0 r\u00e9server (*) :\n<\/h5>\n<p><span class=\"wpcf7-form-control-wrap\" data-name=\"places\"><input class=\"wpcf7-form-control wpcf7-number wpcf7-validates-as-required wpcf7-validates-as-number\" aria-required=\"true\" aria-invalid=\"false\" value=\"\" type=\"number\" name=\"places\" \/><\/span>\n<\/p>\n<h5> (*) : champs obligatoires\n<\/h5>\n<p>&nbsp;\n<\/p>\n<h5> En cas de r\u00e9ponse positive, je m'engage \u00e0 verser 10 euros de participation<br \/>\n&nbsp;<br \/>\n<label>\n\t\t<h5> Vous pouvez nous envoyer un message\n\t\t<\/h5><br \/>\n<span class=\"wpcf7-form-control-wrap\" data-name=\"your-message\"><textarea cols=\"40\" rows=\"10\" maxlength=\"2000\" class=\"wpcf7-form-control wpcf7-textarea\" aria-invalid=\"false\" name=\"your-message\"><\/textarea><\/span> <\/label>\n<\/h5>\n<h5><input class=\"wpcf7-form-control wpcf7-submit has-spinner\" type=\"submit\" value=\"Envoyer la demande\" \/>\n<\/h5><p style=\"display: none !important;\" class=\"akismet-fields-container\" data-prefix=\"_wpcf7_ak_\"><label>&#916;<textarea name=\"_wpcf7_ak_hp_textarea\" cols=\"45\" rows=\"8\" maxlength=\"100\"><\/textarea><\/label><input type=\"hidden\" id=\"ak_js_1\" name=\"_wpcf7_ak_js\" value=\"219\"\/><script>document.getElementById( \"ak_js_1\" ).setAttribute( \"value\", ( new Date() ).getTime() );<\/script><\/p><input type='hidden' class='wpcf7-pum' value='{\"closepopup\":false,\"closedelay\":0,\"openpopup\":false,\"openpopup_id\":0}' \/><div class=\"wpcf7-response-output\" aria-hidden=\"true\"><\/div>\n<\/form>\n<\/div>\n\n","protected":false},"excerpt":{"rendered":"<p>Demande d&rsquo;inscription \u00e0 la journ\u00e9e de Thoiry &nbsp; du 23 Septembre 2018 &nbsp;<\/p>\n","protected":false},"author":1,"featured_media":0,"parent":0,"menu_order":0,"comment_status":"closed","ping_status":"closed","template":"","meta":{"footnotes":""},"class_list":["post-2213","page","type-page","status-publish","hentry"],"yoast_head":"<!-- This site is optimized with the Yoast SEO plugin v27.0 - https:\/\/yoast.com\/product\/yoast-seo-wordpress\/ -->\n<title>Thoiry - Un Enfant Une Famille - Parrainage de proximit\u00e9, action citoyenne durable d&#039;ouverture pour les enfants en Ile de France<\/title>\n<meta name=\"robots\" content=\"index, follow, max-snippet:-1, max-image-preview:large, max-video-preview:-1\" \/>\n<link rel=\"canonical\" href=\"https:\/\/unenfantunefamille.org\/index.php\/2213-2\/\" \/>\n<meta property=\"og:locale\" content=\"fr_FR\" \/>\n<meta property=\"og:type\" content=\"article\" \/>\n<meta property=\"og:title\" content=\"Thoiry - Un Enfant Une Famille - Parrainage de proximit\u00e9, action citoyenne durable d&#039;ouverture pour les enfants en Ile de France\" \/>\n<meta property=\"og:description\" content=\"Demande d&rsquo;inscription \u00e0 la journ\u00e9e de Thoiry &nbsp; du 23 Septembre 2018 &nbsp;\" \/>\n<meta property=\"og:url\" content=\"https:\/\/unenfantunefamille.org\/index.php\/2213-2\/\" \/>\n<meta property=\"og:site_name\" content=\"Un Enfant Une Famille - Parrainage de proximit\u00e9, action citoyenne durable d&#039;ouverture pour les enfants en Ile de France\" \/>\n<meta property=\"article:modified_time\" content=\"2018-08-21T12:54:12+00:00\" \/>\n<meta name=\"twitter:card\" content=\"summary_large_image\" \/>\n<script type=\"application\/ld+json\" class=\"yoast-schema-graph\">{\"@context\":\"https:\/\/schema.org\",\"@graph\":[{\"@type\":\"WebPage\",\"@id\":\"https:\/\/unenfantunefamille.org\/index.php\/2213-2\/\",\"url\":\"https:\/\/unenfantunefamille.org\/index.php\/2213-2\/\",\"name\":\"Thoiry - Un Enfant Une Famille - Parrainage de proximit\u00e9, action citoyenne durable d&#039;ouverture pour les enfants en Ile de France\",\"isPartOf\":{\"@id\":\"https:\/\/unenfantunefamille.org\/#website\"},\"datePublished\":\"2018-08-21T12:44:29+00:00\",\"dateModified\":\"2018-08-21T12:54:12+00:00\",\"breadcrumb\":{\"@id\":\"https:\/\/unenfantunefamille.org\/index.php\/2213-2\/#breadcrumb\"},\"inLanguage\":\"fr-FR\",\"potentialAction\":[{\"@type\":\"ReadAction\",\"target\":[\"https:\/\/unenfantunefamille.org\/index.php\/2213-2\/\"]}]},{\"@type\":\"BreadcrumbList\",\"@id\":\"https:\/\/unenfantunefamille.org\/index.php\/2213-2\/#breadcrumb\",\"itemListElement\":[{\"@type\":\"ListItem\",\"position\":1,\"name\":\"Accueil\",\"item\":\"https:\/\/unenfantunefamille.org\/\"},{\"@type\":\"ListItem\",\"position\":2,\"name\":\"Thoiry\"}]},{\"@type\":\"WebSite\",\"@id\":\"https:\/\/unenfantunefamille.org\/#website\",\"url\":\"https:\/\/unenfantunefamille.org\/\",\"name\":\"Un Enfant Une Famille - Parrainage de proximit\u00e9, action citoyenne durable d&#039;ouverture pour les enfants en Ile de France\",\"description\":\"lien affectif b\u00e9n\u00e9vole durable pour aider un enfant \u00e0 grandir\",\"potentialAction\":[{\"@type\":\"SearchAction\",\"target\":{\"@type\":\"EntryPoint\",\"urlTemplate\":\"https:\/\/unenfantunefamille.org\/?s={search_term_string}\"},\"query-input\":{\"@type\":\"PropertyValueSpecification\",\"valueRequired\":true,\"valueName\":\"search_term_string\"}}],\"inLanguage\":\"fr-FR\"}]}<\/script>\n<!-- \/ Yoast SEO plugin. -->","yoast_head_json":{"title":"Thoiry - Un Enfant Une Famille - Parrainage de proximit\u00e9, action citoyenne durable d&#039;ouverture pour les enfants en Ile de France","robots":{"index":"index","follow":"follow","max-snippet":"max-snippet:-1","max-image-preview":"max-image-preview:large","max-video-preview":"max-video-preview:-1"},"canonical":"https:\/\/unenfantunefamille.org\/index.php\/2213-2\/","og_locale":"fr_FR","og_type":"article","og_title":"Thoiry - Un Enfant Une Famille - Parrainage de proximit\u00e9, action citoyenne durable d&#039;ouverture pour les enfants en Ile de France","og_description":"Demande d&rsquo;inscription \u00e0 la journ\u00e9e de Thoiry &nbsp; du 23 Septembre 2018 &nbsp;","og_url":"https:\/\/unenfantunefamille.org\/index.php\/2213-2\/","og_site_name":"Un Enfant Une Famille - Parrainage de proximit\u00e9, action citoyenne durable d&#039;ouverture pour les enfants en Ile de France","article_modified_time":"2018-08-21T12:54:12+00:00","twitter_card":"summary_large_image","schema":{"@context":"https:\/\/schema.org","@graph":[{"@type":"WebPage","@id":"https:\/\/unenfantunefamille.org\/index.php\/2213-2\/","url":"https:\/\/unenfantunefamille.org\/index.php\/2213-2\/","name":"Thoiry - Un Enfant Une Famille - Parrainage de proximit\u00e9, action citoyenne durable d&#039;ouverture pour les enfants en Ile de France","isPartOf":{"@id":"https:\/\/unenfantunefamille.org\/#website"},"datePublished":"2018-08-21T12:44:29+00:00","dateModified":"2018-08-21T12:54:12+00:00","breadcrumb":{"@id":"https:\/\/unenfantunefamille.org\/index.php\/2213-2\/#breadcrumb"},"inLanguage":"fr-FR","potentialAction":[{"@type":"ReadAction","target":["https:\/\/unenfantunefamille.org\/index.php\/2213-2\/"]}]},{"@type":"BreadcrumbList","@id":"https:\/\/unenfantunefamille.org\/index.php\/2213-2\/#breadcrumb","itemListElement":[{"@type":"ListItem","position":1,"name":"Accueil","item":"https:\/\/unenfantunefamille.org\/"},{"@type":"ListItem","position":2,"name":"Thoiry"}]},{"@type":"WebSite","@id":"https:\/\/unenfantunefamille.org\/#website","url":"https:\/\/unenfantunefamille.org\/","name":"Un Enfant Une Famille - Parrainage de proximit\u00e9, action citoyenne durable d&#039;ouverture pour les enfants en Ile de France","description":"lien affectif b\u00e9n\u00e9vole durable pour aider un enfant \u00e0 grandir","potentialAction":[{"@type":"SearchAction","target":{"@type":"EntryPoint","urlTemplate":"https:\/\/unenfantunefamille.org\/?s={search_term_string}"},"query-input":{"@type":"PropertyValueSpecification","valueRequired":true,"valueName":"search_term_string"}}],"inLanguage":"fr-FR"}]}},"_links":{"self":[{"href":"https:\/\/unenfantunefamille.org\/index.php\/wp-json\/wp\/v2\/pages\/2213","targetHints":{"allow":["GET"]}}],"collection":[{"href":"https:\/\/unenfantunefamille.org\/index.php\/wp-json\/wp\/v2\/pages"}],"about":[{"href":"https:\/\/unenfantunefamille.org\/index.php\/wp-json\/wp\/v2\/types\/page"}],"author":[{"embeddable":true,"href":"https:\/\/unenfantunefamille.org\/index.php\/wp-json\/wp\/v2\/users\/1"}],"replies":[{"embeddable":true,"href":"https:\/\/unenfantunefamille.org\/index.php\/wp-json\/wp\/v2\/comments?post=2213"}],"version-history":[{"count":7,"href":"https:\/\/unenfantunefamille.org\/index.php\/wp-json\/wp\/v2\/pages\/2213\/revisions"}],"predecessor-version":[{"id":2222,"href":"https:\/\/unenfantunefamille.org\/index.php\/wp-json\/wp\/v2\/pages\/2213\/revisions\/2222"}],"wp:attachment":[{"href":"https:\/\/unenfantunefamille.org\/index.php\/wp-json\/wp\/v2\/media?parent=2213"}],"curies":[{"name":"wp","href":"https:\/\/api.w.org\/{rel}","templated":true}]}}