{"id":228,"date":"2016-10-23T19:05:58","date_gmt":"2016-10-23T17:05:58","guid":{"rendered":"http:\/\/localhost\/ueuf\/?page_id=228"},"modified":"2023-03-09T14:56:37","modified_gmt":"2023-03-09T13:56:37","slug":"nos-objectifs","status":"publish","type":"page","link":"https:\/\/unenfantunefamille.org\/index.php\/nos-objectifs\/","title":{"rendered":"nos objectifs"},"content":{"rendered":"<p><span class=\"hh4\"><br \/>\n\u00ab\u00a0Un Enfant Une Famille\u00a0\u00bb <\/span><span class=\"hh4\">est une association loi de 1901, d&rsquo;int\u00e9r\u00eat g\u00e9n\u00e9ral, active dans toute l&rsquo;Ile de France. <\/span><\/p>\n<p><span class=\"hh4\"> Elle a pour unique objectif le <a href=\"http:\/\/unenfantunefamille.org\/index.php\/le-parrainage-de-proximite\/\"> parrainage de proximit\u00e9<\/a> : <\/span><\/p>\n<ul class=\"hh4\" style=\"line-height: 1.2;\">\n<li class=\"hh4\">d&rsquo;une part, et c&rsquo;est le c\u0153ur de son action, en pr\u00e9parant, mettant en place, accompagnant les parrainages.<a href= \"\" class=\"hh5 \" id=\"bouton_id_div1\" onclick = \"javascript:afficher_cacher('id_div1',' => ',' <= ');return false; \" >  =>  <\/a><br \/>\n<div id=\"id_div1\" style=\"display: none; margin-top: 15px;\" class=\"hh4\"><\/p>\n<ul style=\"list-style-type: disc;\">\n<li style=\"margin-top: 15px; line-height: 1.2;\">Elle contribue \u00e0 l&rsquo;information et \u00e0 la pr\u00e9paration des personnes qui souhaitent parrainer. <a href= \"\" class=\"hh5 \" id=\"bouton_parrain\" onclick = \"javascript:afficher_cacher('parrain',' => ',' <= ');return false; \" >  =>  <\/a><br \/>\n<div id=\"parrain\" style=\"display: none;  \"><\/p>\n<p class=\"hh5\" style=\"line-height: 1.2; padding: 0 0 0 2px;\">Lors de rendez-vous individuels, mais aussi lors de rencontres conviviales avec des parrains, des parents, des jeunes, les futurs parrains comprennent mieux les objectifs du parrainage de proximit\u00e9 et l\u2019association, de son c\u00f4t\u00e9, comprend mieux leurs attentes.<\/p>\n<p><\/div><\/li>\n<li>Elle participe \u00e0 l&rsquo;organisation des parrainages et \u00e0 leur accompagnement, en relation avec les responsables de l&rsquo;enfant.<a href= \"\" class=\"hh5 \" id=\"bouton_proc_id1\" onclick = \"javascript:afficher_cacher('proc_id1',' => ',' <= ');return false; \" >  =>  <\/a><br \/>\n<div id=\"proc_id1\" style=\"display: none;  \"><\/p>\n<ul class=\"hh5\" style=\"list-style-type: circle;\">\n<li style=\"margin-top: 10px;\">Un (ou des) parent(s) (et\/ou \u00e9ducateurs et\/ou responsables) nous contacte(nt) pour trouver un ou des parrains-marraines pour leur enfant ou l\u2019enfant, le jeune dont ils ont la charge. Nous les rencontrons, souvent deux fois \u00e0 leur demande, au moins une fois avec l\u2019enfant ou le jeune, dont l\u2019avis est d\u00e9terminant.<\/li>\n<li>A la suite de ces rencontres et parfois des journ\u00e9es conviviales, si c\u2019est possible, l\u2019association pense \u00e0 une mise en relation et \u00e9voque cette \u00e9ventualit\u00e9 avec chacune des parties.<\/li>\n<li>S\u2019il y a accord de principe de tous, l\u2019 \u00ab aparrainage \u00bb va pouvoir se faire : on va se r\u00e9unir tous ensemble, \u00e9tablir un premier calendrier et signer une <strong><i>attestation de parrainage<\/i><\/strong>.<\/li>\n<li style=\"margin-bottom: 10px;\">Ce n\u2019est que 6 mois \u00e0 un an apr\u00e8s, que pourra \u00eatre \u00e9tablie, de fa\u00e7on adapt\u00e9e \u00e0 chaque situation, <strong><i>une convention de parrainage<\/i><\/strong>. D\u00e8s lors certains parrainages vont continuer, parfois tr\u00e8s, tr\u00e8s longtemps.<\/li>\n<li style=\"margin-bottom: 10px;\">Elle organise, pour les parrains, les parents, les filleuls, des \u00e9changes permettant la r\u00e9flexion et le partage, ainsi que des groupes de paroles anim\u00e9s par une psychologue sp\u00e9cialiste de l&rsquo;enfance.<br \/>\n<img loading=\"lazy\" decoding=\"async\" class=\"size-medium wp-image-660 aligncenter\" src=\"http:\/\/unenfantunefamille.org\/wp-content\/uploads\/2016\/10\/Aidez_enfant_grandir_sans_texte-225x300.jpg\" alt=\"aidez_enfant_grandir_sans_texte\" width=\"225\" height=\"300\" srcset=\"https:\/\/unenfantunefamille.org\/wp-content\/uploads\/2016\/10\/Aidez_enfant_grandir_sans_texte-225x300.jpg 225w, https:\/\/unenfantunefamille.org\/wp-content\/uploads\/2016\/10\/Aidez_enfant_grandir_sans_texte.jpg 369w\" sizes=\"auto, (max-width: 225px) 100vw, 225px\" \/><\/li>\n<\/ul>\n<\/li>\n<\/ul>\n<p><\/div><\/li>\n<li class=\"hh4\">d&rsquo;autre part, en contribuant de toutes les mani\u00e8res possibles \u00e0 la promotion du parrainage de proximit\u00e9, engagement citoyen dans le partage et la r\u00e9ciprocit\u00e9. <a href= \"\" class=\"hh5 \" id=\"bouton_parrainage\" onclick = \"javascript:afficher_cacher('parrainage',' => ',' <= ');return false; \" >  =>  <\/a><br \/>\n<div id=\"parrainage\" style=\"display: none;  \" class=\"hh4\"><\/p>\n<ul style=\"list-style-type: disc;\">\n<li style=\"margin-top: 10px;\">Elle intervient aupr\u00e8s des autorit\u00e9s responsables, chaque fois que n\u00e9cessaire, dans un large esprit de concertation.<\/li>\n<li>Elle fait conna\u00eetre et promeut le parrainage sous toutes ses formes, en particulier en tant que membre fondateur de l&rsquo;U.N.A.P.P. Actuellement, au nom de l&rsquo; U.N.A.P.P., Un Enfant Une Famille participe au collectif \u00ab\u00a0Tous Parrains !\u00a0\u00bb (<a href=\"http:\/\/tousparrains.org\">vers le site<\/a>) et \u00e0 la fondation \u00ab\u00a0Parents Solos et compagnie\u00a0\u00bb<\/li>\n<\/ul>\n<p><\/div><\/li>\n<\/ul>\n<div class=\"hh4\" style=\"line-height: 1.2;\">L&rsquo;association est administr\u00e9e par des b\u00e9n\u00e9voles. Ses ressources proviennent essentiellement de la cotisation annuelle des membres de l\u2019association, compl\u00e9t\u00e9es par quelques dons et subventions.<\/div>\n<div class=\"hh4\">Vous pouvez t\u00e9l\u00e9charger la <a href=\"https:\/\/unenfantunefamille.org\/wp-content\/uploads\/2022\/12\/plaquette-ueuf_2023_rv-red.pdf\">plaquette de pr\u00e9sentation<\/a> de l&rsquo;association<\/div>\n<div class=\"hh5\" style=\"float : right ; margin : 0px 0px 10px 30px ;\" > Cette page a \u00e9t\u00e9 visit\u00e9e 9857 fois <\/div>\n","protected":false},"excerpt":{"rendered":"<p>\u00ab\u00a0Un Enfant Une Famille\u00a0\u00bb est une association loi de 1901, d&rsquo;int\u00e9r\u00eat g\u00e9n\u00e9ral, active dans toute l&rsquo;Ile de France. Elle a pour unique objectif le parrainage de proximit\u00e9 : d&rsquo;une part, et c&rsquo;est le c\u0153ur de son action, en pr\u00e9parant, mettant en place, accompagnant les parrainages. Elle contribue \u00e0 l&rsquo;information et \u00e0 la pr\u00e9paration des personnes\u2026 <span class=\"read-more\"><a href=\"https:\/\/unenfantunefamille.org\/index.php\/nos-objectifs\/\">Lire la suite &raquo;<\/a><\/span><\/p>\n","protected":false},"author":1,"featured_media":0,"parent":0,"menu_order":0,"comment_status":"closed","ping_status":"closed","template":"page-deux-sidebar.php","meta":{"footnotes":""},"class_list":["post-228","page","type-page","status-publish","hentry"],"yoast_head":"<!-- This site is optimized with the Yoast SEO plugin v27.0 - https:\/\/yoast.com\/product\/yoast-seo-wordpress\/ -->\n<title>nos objectifs - Un Enfant Une Famille - Parrainage de proximit\u00e9, action citoyenne durable d&#039;ouverture pour les enfants en Ile de France<\/title>\n<meta name=\"robots\" content=\"index, follow, max-snippet:-1, max-image-preview:large, max-video-preview:-1\" \/>\n<link rel=\"canonical\" href=\"https:\/\/unenfantunefamille.org\/index.php\/nos-objectifs\/\" \/>\n<meta property=\"og:locale\" content=\"fr_FR\" \/>\n<meta property=\"og:type\" content=\"article\" \/>\n<meta property=\"og:title\" content=\"nos objectifs - Un Enfant Une Famille - Parrainage de proximit\u00e9, action citoyenne durable d&#039;ouverture pour les enfants en Ile de France\" \/>\n<meta property=\"og:description\" content=\"\u00ab\u00a0Un Enfant Une Famille\u00a0\u00bb est une association loi de 1901, d&rsquo;int\u00e9r\u00eat g\u00e9n\u00e9ral, active dans toute l&rsquo;Ile de France. Elle a pour unique objectif le parrainage de proximit\u00e9 : d&rsquo;une part, et c&rsquo;est le c\u0153ur de son action, en pr\u00e9parant, mettant en place, accompagnant les parrainages. Elle contribue \u00e0 l&rsquo;information et \u00e0 la pr\u00e9paration des personnes\u2026 Lire la suite &raquo;\" \/>\n<meta property=\"og:url\" content=\"https:\/\/unenfantunefamille.org\/index.php\/nos-objectifs\/\" \/>\n<meta property=\"og:site_name\" content=\"Un Enfant Une Famille - Parrainage de proximit\u00e9, action citoyenne durable d&#039;ouverture pour les enfants en Ile de France\" \/>\n<meta property=\"article:modified_time\" content=\"2023-03-09T13:56:37+00:00\" \/>\n<meta property=\"og:image\" content=\"http:\/\/unenfantunefamille.org\/wp-content\/uploads\/2016\/10\/Aidez_enfant_grandir_sans_texte-225x300.jpg\" \/>\n<meta name=\"twitter:card\" content=\"summary_large_image\" \/>\n<meta name=\"twitter:label1\" content=\"Dur\u00e9e de lecture estim\u00e9e\" \/>\n\t<meta name=\"twitter:data1\" content=\"3 minutes\" \/>\n<script type=\"application\/ld+json\" class=\"yoast-schema-graph\">{\"@context\":\"https:\/\/schema.org\",\"@graph\":[{\"@type\":\"WebPage\",\"@id\":\"https:\/\/unenfantunefamille.org\/index.php\/nos-objectifs\/\",\"url\":\"https:\/\/unenfantunefamille.org\/index.php\/nos-objectifs\/\",\"name\":\"nos objectifs - Un Enfant Une Famille - Parrainage de proximit\u00e9, action citoyenne durable d&#039;ouverture pour les enfants en Ile de France\",\"isPartOf\":{\"@id\":\"https:\/\/unenfantunefamille.org\/#website\"},\"primaryImageOfPage\":{\"@id\":\"https:\/\/unenfantunefamille.org\/index.php\/nos-objectifs\/#primaryimage\"},\"image\":{\"@id\":\"https:\/\/unenfantunefamille.org\/index.php\/nos-objectifs\/#primaryimage\"},\"thumbnailUrl\":\"http:\/\/unenfantunefamille.org\/wp-content\/uploads\/2016\/10\/Aidez_enfant_grandir_sans_texte-225x300.jpg\",\"datePublished\":\"2016-10-23T17:05:58+00:00\",\"dateModified\":\"2023-03-09T13:56:37+00:00\",\"breadcrumb\":{\"@id\":\"https:\/\/unenfantunefamille.org\/index.php\/nos-objectifs\/#breadcrumb\"},\"inLanguage\":\"fr-FR\",\"potentialAction\":[{\"@type\":\"ReadAction\",\"target\":[\"https:\/\/unenfantunefamille.org\/index.php\/nos-objectifs\/\"]}]},{\"@type\":\"ImageObject\",\"inLanguage\":\"fr-FR\",\"@id\":\"https:\/\/unenfantunefamille.org\/index.php\/nos-objectifs\/#primaryimage\",\"url\":\"https:\/\/unenfantunefamille.org\/wp-content\/uploads\/2016\/10\/Aidez_enfant_grandir_sans_texte.jpg\",\"contentUrl\":\"https:\/\/unenfantunefamille.org\/wp-content\/uploads\/2016\/10\/Aidez_enfant_grandir_sans_texte.jpg\",\"width\":369,\"height\":491},{\"@type\":\"BreadcrumbList\",\"@id\":\"https:\/\/unenfantunefamille.org\/index.php\/nos-objectifs\/#breadcrumb\",\"itemListElement\":[{\"@type\":\"ListItem\",\"position\":1,\"name\":\"Accueil\",\"item\":\"https:\/\/unenfantunefamille.org\/\"},{\"@type\":\"ListItem\",\"position\":2,\"name\":\"nos objectifs\"}]},{\"@type\":\"WebSite\",\"@id\":\"https:\/\/unenfantunefamille.org\/#website\",\"url\":\"https:\/\/unenfantunefamille.org\/\",\"name\":\"Un Enfant Une Famille - Parrainage de proximit\u00e9, action citoyenne durable d&#039;ouverture pour les enfants en Ile de France\",\"description\":\"lien affectif b\u00e9n\u00e9vole durable pour aider un enfant \u00e0 grandir\",\"potentialAction\":[{\"@type\":\"SearchAction\",\"target\":{\"@type\":\"EntryPoint\",\"urlTemplate\":\"https:\/\/unenfantunefamille.org\/?s={search_term_string}\"},\"query-input\":{\"@type\":\"PropertyValueSpecification\",\"valueRequired\":true,\"valueName\":\"search_term_string\"}}],\"inLanguage\":\"fr-FR\"}]}<\/script>\n<!-- \/ Yoast SEO plugin. -->","yoast_head_json":{"title":"nos objectifs - Un Enfant Une Famille - Parrainage de proximit\u00e9, action citoyenne durable d&#039;ouverture pour les enfants en Ile de France","robots":{"index":"index","follow":"follow","max-snippet":"max-snippet:-1","max-image-preview":"max-image-preview:large","max-video-preview":"max-video-preview:-1"},"canonical":"https:\/\/unenfantunefamille.org\/index.php\/nos-objectifs\/","og_locale":"fr_FR","og_type":"article","og_title":"nos objectifs - Un Enfant Une Famille - Parrainage de proximit\u00e9, action citoyenne durable d&#039;ouverture pour les enfants en Ile de France","og_description":"\u00ab\u00a0Un Enfant Une Famille\u00a0\u00bb est une association loi de 1901, d&rsquo;int\u00e9r\u00eat g\u00e9n\u00e9ral, active dans toute l&rsquo;Ile de France. Elle a pour unique objectif le parrainage de proximit\u00e9 : d&rsquo;une part, et c&rsquo;est le c\u0153ur de son action, en pr\u00e9parant, mettant en place, accompagnant les parrainages. Elle contribue \u00e0 l&rsquo;information et \u00e0 la pr\u00e9paration des personnes\u2026 Lire la suite &raquo;","og_url":"https:\/\/unenfantunefamille.org\/index.php\/nos-objectifs\/","og_site_name":"Un Enfant Une Famille - Parrainage de proximit\u00e9, action citoyenne durable d&#039;ouverture pour les enfants en Ile de France","article_modified_time":"2023-03-09T13:56:37+00:00","og_image":[{"url":"http:\/\/unenfantunefamille.org\/wp-content\/uploads\/2016\/10\/Aidez_enfant_grandir_sans_texte-225x300.jpg","type":"","width":"","height":""}],"twitter_card":"summary_large_image","twitter_misc":{"Dur\u00e9e de lecture estim\u00e9e":"3 minutes"},"schema":{"@context":"https:\/\/schema.org","@graph":[{"@type":"WebPage","@id":"https:\/\/unenfantunefamille.org\/index.php\/nos-objectifs\/","url":"https:\/\/unenfantunefamille.org\/index.php\/nos-objectifs\/","name":"nos objectifs - Un Enfant Une Famille - Parrainage de proximit\u00e9, action citoyenne durable d&#039;ouverture pour les enfants en Ile de France","isPartOf":{"@id":"https:\/\/unenfantunefamille.org\/#website"},"primaryImageOfPage":{"@id":"https:\/\/unenfantunefamille.org\/index.php\/nos-objectifs\/#primaryimage"},"image":{"@id":"https:\/\/unenfantunefamille.org\/index.php\/nos-objectifs\/#primaryimage"},"thumbnailUrl":"http:\/\/unenfantunefamille.org\/wp-content\/uploads\/2016\/10\/Aidez_enfant_grandir_sans_texte-225x300.jpg","datePublished":"2016-10-23T17:05:58+00:00","dateModified":"2023-03-09T13:56:37+00:00","breadcrumb":{"@id":"https:\/\/unenfantunefamille.org\/index.php\/nos-objectifs\/#breadcrumb"},"inLanguage":"fr-FR","potentialAction":[{"@type":"ReadAction","target":["https:\/\/unenfantunefamille.org\/index.php\/nos-objectifs\/"]}]},{"@type":"ImageObject","inLanguage":"fr-FR","@id":"https:\/\/unenfantunefamille.org\/index.php\/nos-objectifs\/#primaryimage","url":"https:\/\/unenfantunefamille.org\/wp-content\/uploads\/2016\/10\/Aidez_enfant_grandir_sans_texte.jpg","contentUrl":"https:\/\/unenfantunefamille.org\/wp-content\/uploads\/2016\/10\/Aidez_enfant_grandir_sans_texte.jpg","width":369,"height":491},{"@type":"BreadcrumbList","@id":"https:\/\/unenfantunefamille.org\/index.php\/nos-objectifs\/#breadcrumb","itemListElement":[{"@type":"ListItem","position":1,"name":"Accueil","item":"https:\/\/unenfantunefamille.org\/"},{"@type":"ListItem","position":2,"name":"nos objectifs"}]},{"@type":"WebSite","@id":"https:\/\/unenfantunefamille.org\/#website","url":"https:\/\/unenfantunefamille.org\/","name":"Un Enfant Une Famille - Parrainage de proximit\u00e9, action citoyenne durable d&#039;ouverture pour les enfants en Ile de France","description":"lien affectif b\u00e9n\u00e9vole durable pour aider un enfant \u00e0 grandir","potentialAction":[{"@type":"SearchAction","target":{"@type":"EntryPoint","urlTemplate":"https:\/\/unenfantunefamille.org\/?s={search_term_string}"},"query-input":{"@type":"PropertyValueSpecification","valueRequired":true,"valueName":"search_term_string"}}],"inLanguage":"fr-FR"}]}},"_links":{"self":[{"href":"https:\/\/unenfantunefamille.org\/index.php\/wp-json\/wp\/v2\/pages\/228","targetHints":{"allow":["GET"]}}],"collection":[{"href":"https:\/\/unenfantunefamille.org\/index.php\/wp-json\/wp\/v2\/pages"}],"about":[{"href":"https:\/\/unenfantunefamille.org\/index.php\/wp-json\/wp\/v2\/types\/page"}],"author":[{"embeddable":true,"href":"https:\/\/unenfantunefamille.org\/index.php\/wp-json\/wp\/v2\/users\/1"}],"replies":[{"embeddable":true,"href":"https:\/\/unenfantunefamille.org\/index.php\/wp-json\/wp\/v2\/comments?post=228"}],"version-history":[{"count":342,"href":"https:\/\/unenfantunefamille.org\/index.php\/wp-json\/wp\/v2\/pages\/228\/revisions"}],"predecessor-version":[{"id":4585,"href":"https:\/\/unenfantunefamille.org\/index.php\/wp-json\/wp\/v2\/pages\/228\/revisions\/4585"}],"wp:attachment":[{"href":"https:\/\/unenfantunefamille.org\/index.php\/wp-json\/wp\/v2\/media?parent=228"}],"curies":[{"name":"wp","href":"https:\/\/api.w.org\/{rel}","templated":true}]}}