{"id":3015,"date":"2020-04-26T10:01:12","date_gmt":"2020-04-26T08:01:12","guid":{"rendered":"http:\/\/unenfantunefamille.org\/?page_id=3015"},"modified":"2020-04-30T16:02:58","modified_gmt":"2020-04-30T14:02:58","slug":"confinement","status":"publish","type":"page","link":"https:\/\/unenfantunefamille.org\/index.php\/confinement\/","title":{"rendered":"Confinement"},"content":{"rendered":"<h2 id=\"titre\">Des ressources pendant le confinement, et apr\u00e8s<\/h2>\n<p><div style=\"margin-top:1em;\"><\/div><br \/>\n<!------------------------------><\/p>\n<h3>Enfance et Covid<\/h3>\n<p><!------------------------------><\/p>\n<ul class=\"hh4\">\n<li><a href=\"http:\/\/www.enfance-et-covid.org\/\">Enfance et Covid<\/a> : des ressources concr\u00e8tes et efficaces produites<br \/>\npar des experts de terrain et valid\u00e9es scientifiquement.<br \/>\nR\u00e9pondant aux besoins que vous exprimez quotidiennement<\/li>\n<li><a href=\"https:\/\/www.cocovirus.net\/\">Cocovirus<\/a> aborde de nombreux sujets d&rsquo;actualit\u00e9 sur le confinement par la bande dessin\u00e9e et offre \u00e9galement des activit\u00e9s manuelles \u00e0 r\u00e9aliser pour entretenir la cr\u00e9ativit\u00e9<\/li>\n<\/ul>\n<p><!------------------------------><\/p>\n<h3>Contes, comptines et po\u00e9sie<\/h3>\n<p><!------------------------------><\/p>\n<ul class=\"hh4\">\n<li><a href=\"https:\/\/office365.eu.vadesecure.com\/safeproxy\/v3?f=cacnZqhH5mRHXrmt1tPV8owFAWVFoWyMD11fDrtUha9s6bHCBodzBsSnhhJjh8fw&amp;i=ZM8aVGyo4cYU4SdK77LdmCa9Ad67WaOE0GgQM-CEGEPIhfI6rdMEvEkihhKuOPFawb_fhfG95kWKtNot5xF08w&amp;k=yEc1&amp;r=SzujcG17WViB2q6kv-5uPvElg1TK2gzEYz6Hk0Bi2kftAKzInytEBveBVxsWibPFjy2AO5n1tIzWuyF9c-PrDA&amp;u=https%3A%2F%2Fboards.wetransfer.com%2Fboard%2Fsye92z0hifmt1cvt020200326090800%2Flatest%3Ftoken%3Df5a9faed-a163-4a5a-9bdd-e4a1c1a48c50\">Contes et comptines<\/a>\u00a0: des video courtes \u00e0 t\u00e9l\u00e9charger<\/li>\n<li>Les <a href=\"https:\/\/podcasts.apple.com\/fr\/podcast\/les-contes-de-bloom-la-radio-des-enfants\/id1503519573\">Contes de Bloom<\/a> la radio des enfants vous proposent des contes in\u00e9dits \u00e0 \u00e9couter<\/li>\n<li><a href=\"http:\/\/unenfantunefamille.org\/index.php\/poesie\/\">Po\u00e9sies<\/a> disponibles sur le site. On peut les t\u00e9l\u00e9charger pour les colorier,&#8230;<\/li>\n<li><a href=\"https:\/\/www.ac-orleans-tours.fr\/fileadmin\/user_upload\/ia28\/doc_peda\/MDL\/actions\/poesie\/Banques\/L_humour_et_la_fantaisie.htm\" target=\"_blank\" rel=\"noopener noreferrer\">po\u00e9sies<\/a> : l&rsquo;humour et la fantaisie<\/li>\n<li><a href=\"https:\/\/www.youtube.com\/watch?v=3cK54co9EAw&amp;feature=youtu.be\">fabulettes<\/a> : album d&rsquo;Anne sylvestre \u00e0 \u00e9couter<\/li>\n<li><span class=\"style-scope yt-formatted-string\" dir=\"auto\">Les 17 <a href=\"http:\/\/Les 17 chansons d' Henri D\u00e8s avec Albert le Vert\" data-wplink-url-error=\"true\">chansons<\/a> d&rsquo; Henri D\u00e8s avec Albert le Vert<\/span><\/li>\n<\/ul>\n<p><!------------------------------><\/p>\n<h3>Soutien \u00e0 la parentalit\u00e9<\/h3>\n<p><!------------------------------><\/p>\n<ul class=\"hh4\">\n<li><a href=\"https:\/\/112379.fr.mp-track.com\/view\/?s=DFWLhuOCBfnKJWYJZSGyTY%2f%2fzulvCm3aNFYO2ngUqGvhcg%2fISkWsZmq8B%2bHEc0yOO4NYpx0N6%2fi9WWgiH%2fjCGBi1p3uB9SZSYO4KcbLKF4cwiRP3hkRJ9Jb8dobcO%2bSDzgZs9%2fEV%2bSK4ClIVEuag0oSp1FDkXi%2fZAlOrEbIuuaAT281olLFK47VihwTVmQryyb5ykxiT936coSGrugqpRFjW5GvVsQjWveJpHg91H8U%3d&amp;e=2Vw5weW3werQRsnsDfO9oUA0aJq4737gK5qtE1d%2fcow%3d\">Allo, parents confin\u00e9<\/a> : un num\u00e9ro vert mis en place par la Fnape (F\u00e9d\u00e9ration Nationale des Ecoles des Parents et des Educateurs)<\/li>\n<li><a href=\"https:\/\/www.franceculture.fr\/emissions\/radiographies-du-coronavirus\/confinement-comment-preserver-le-sommeil-des-enfants?actId=ebwp0YMB8s0XXev-swTWi6FWgZQt9biALyr5FYI13OpISM4nKN3bGhR8nw116tr5&amp;actCampaignType=CAMPAIGN_MAIL&amp;actSource=579511#xtor=EPR-2-[LaLettre14042020]\">Pr\u00e9server le sommeil des enfants<\/a> : entretien sur France culture avec Lyliane Nemet-Pier, psychologue clinicienne. On trouve aussi des lien vers d&rsquo;autres sujets en bas de page.<\/li>\n<li><a href=\"https:\/\/www.psychologies.com\/Actualites\/Education\/Confinement-comment-motiver-son-ado-sans-s-epuiser\">Comment motiver son ado<\/a> : des conseils de Brigitte Prot, psychop\u00e9dagogue repris dans un article du site psychologies avec<\/li>\n<li><a href=\"https:\/\/www.mime-corporel-theatre.com\/mimesis\/310-gestez-chez-vous-une-creation-participative.html\">Gestez chez vous<\/a> : un projet de cr\u00e9ation participative. Ce site propose des tutoriels pour composer une courte pi\u00e8ce de mouvements et la filmer en vid\u00e9o. Cette pi\u00e8ce aura la dur\u00e9e d&rsquo;un peu plus d&rsquo;une minute et ce sont vos propres gestes qui rentrent en jeu. Le site propose une structure pour cr\u00e9er les mouvements, une musique commune et deux th\u00e9matiques \u00e0 explorer<\/li>\n<li><a href=\"https:\/\/www.yapaka.be\/page\/parents-enfants-confines-comment-ne-pas-peter-les-plombs-0?fbclid=IwAR1UXKsIYzq0rSSLYvyqyPFh_l8frUusSVQ-QV-EZ04VutmR01xSrk6b_cE\"> Parents \u2013 enfants confin\u00e9s\u2026 Comment ne pas p\u00e9ter les plombs ?<\/a><\/li>\n<\/ul>\n<p><!------------------------><\/p>\n<h3>Des sites pour les enfants<\/h3>\n<p><!------------------------><\/p>\n<ul class=\"hh4\">\n<li><a href=\"https:\/\/www.lumni.fr\/\">Lumni<\/a> propose aux enfants seuls ou accompagn\u00e9s d\u2019apprendre autrement, prolonger les cours et comprendre le monde qui nous entoure.<\/li>\n<li><a href=\"https:\/\/ligue92.us13.list-manage.com\/track\/click?u=4c9c400bb7ecd3e99548a582d&amp;id=b57da4794f&amp;e=f2ebe0077a\">Arte Journal Junior<\/a> : les rediffusions de ARTE Junior le mag, mais aussi pleins d&rsquo;autres s\u00e9ances \u00e0 d\u00e9couvrir.<\/li>\n<li><a href=\"https:\/\/ligue92.us13.list-manage.com\/track\/click?u=4c9c400bb7ecd3e99548a582d&amp;id=a2020f236b&amp;e=f2ebe0077a\">Educadroit, Le droit pour les 6-11 ans<\/a>. Ce parcours p\u00e9dagogique, sous la forme de 10 \u00e9pisodes, est \u00e0 destination d&rsquo;enfants de 6 \u00e0 11 ans.<\/li>\n<li><a href=\"https:\/\/ligue92.us13.list-manage.com\/track\/click?u=4c9c400bb7ecd3e99548a582d&amp;id=5d782122be&amp;e=f2ebe0077a\">Les P\u2019tits D\u00e9brouillards, Les sciences en pyjama<\/a> propose des parcours \u00e9ducatifs et ludiques pendant le confinement.<\/li>\n<\/ul>\n<p><!----------------------><\/p>\n<h3>Points de vue,&#8230;<\/h3>\n<p><!----------------------><\/p>\n<ul class=\"hh4\">\n<li><a href=\"https:\/\/laviedesidees.fr\/Sortie-de-confinement-ou-la-somme-de-tous-les-dangers.html\">D\u00e9confinement<\/a>. Un article de Philippe Sansonetti, m\u00e9decin et micro-biologiste, professeur au Coll\u00e8ge de France (titulaire de la chaire Microbiologie et maladies infectieuses) et \u00e0 l\u2019Institut Pasteur \u00e9crit le 14 Avril, mais toujours d&rsquo;actualit\u00e9.<\/li>\n<li><a href=\"https:\/\/www.liberation.fr\/debats\/2020\/04\/23\/refusons-que-la-protection-de-l-enfance-soit-sacrifiee-dans-la-lutte-contre-la-pandemie_1786061\">Protection de l&rsquo;enfance pendant la pand\u00e9mie<\/a>: article de L\u00e9b\u00e9ration de Lyes Louffok et Ana\u00efs Vrain<\/li>\n<li><a href=\"https:\/\/www.publicsenat.fr\/article\/societe\/enfance-en-danger-imaginez-ceux-qui-ont-leur-bourreau-24h24-dans-la-piece-181997\">Enfance en danger<\/a> : un article de Public S\u00e9nat (17 Avril)<\/li>\n<\/ul>\n<p><!-----><\/p>\n<h4 style=\"margin-top: 1em;\">Avez-vous d&rsquo;autres id\u00e9es ? Ecrivez-nous : <a href=\"mailto:unenfantunefamille@orange.fr\">unenfantunefamille@orange.fr<\/a><\/h4>\n","protected":false},"excerpt":{"rendered":"<p>Des ressources pendant le confinement, et apr\u00e8s Enfance et Covid Enfance et Covid : des ressources concr\u00e8tes et efficaces produites par des experts de terrain et valid\u00e9es scientifiquement. R\u00e9pondant aux besoins que vous exprimez quotidiennement Cocovirus aborde de nombreux sujets d&rsquo;actualit\u00e9 sur le confinement par la bande dessin\u00e9e et offre \u00e9galement des activit\u00e9s manuelles \u00e0\u2026 <span class=\"read-more\"><a href=\"https:\/\/unenfantunefamille.org\/index.php\/confinement\/\">Lire la suite &raquo;<\/a><\/span><\/p>\n","protected":false},"author":1,"featured_media":0,"parent":0,"menu_order":0,"comment_status":"closed","ping_status":"closed","template":"","meta":{"footnotes":""},"class_list":["post-3015","page","type-page","status-publish","hentry"],"yoast_head":"<!-- This site is optimized with the Yoast SEO plugin v27.0 - https:\/\/yoast.com\/product\/yoast-seo-wordpress\/ -->\n<title>Confinement - Un Enfant Une Famille - Parrainage de proximit\u00e9, action citoyenne durable d&#039;ouverture pour les enfants en Ile de France<\/title>\n<meta name=\"robots\" content=\"index, follow, max-snippet:-1, max-image-preview:large, max-video-preview:-1\" \/>\n<link rel=\"canonical\" href=\"https:\/\/unenfantunefamille.org\/index.php\/confinement\/\" \/>\n<meta property=\"og:locale\" content=\"fr_FR\" \/>\n<meta property=\"og:type\" content=\"article\" \/>\n<meta property=\"og:title\" content=\"Confinement - Un Enfant Une Famille - Parrainage de proximit\u00e9, action citoyenne durable d&#039;ouverture pour les enfants en Ile de France\" \/>\n<meta property=\"og:description\" content=\"Des ressources pendant le confinement, et apr\u00e8s Enfance et Covid Enfance et Covid : des ressources concr\u00e8tes et efficaces produites par des experts de terrain et valid\u00e9es scientifiquement. R\u00e9pondant aux besoins que vous exprimez quotidiennement Cocovirus aborde de nombreux sujets d&rsquo;actualit\u00e9 sur le confinement par la bande dessin\u00e9e et offre \u00e9galement des activit\u00e9s manuelles \u00e0\u2026 Lire la suite &raquo;\" \/>\n<meta property=\"og:url\" content=\"https:\/\/unenfantunefamille.org\/index.php\/confinement\/\" \/>\n<meta property=\"og:site_name\" content=\"Un Enfant Une Famille - Parrainage de proximit\u00e9, action citoyenne durable d&#039;ouverture pour les enfants en Ile de France\" \/>\n<meta property=\"article:modified_time\" content=\"2020-04-30T14:02:58+00:00\" \/>\n<meta name=\"twitter:card\" content=\"summary_large_image\" \/>\n<meta name=\"twitter:label1\" content=\"Dur\u00e9e de lecture estim\u00e9e\" \/>\n\t<meta name=\"twitter:data1\" content=\"2 minutes\" \/>\n<script type=\"application\/ld+json\" class=\"yoast-schema-graph\">{\"@context\":\"https:\/\/schema.org\",\"@graph\":[{\"@type\":\"WebPage\",\"@id\":\"https:\/\/unenfantunefamille.org\/index.php\/confinement\/\",\"url\":\"https:\/\/unenfantunefamille.org\/index.php\/confinement\/\",\"name\":\"Confinement - Un Enfant Une Famille - Parrainage de proximit\u00e9, action citoyenne durable d&#039;ouverture pour les enfants en Ile de France\",\"isPartOf\":{\"@id\":\"https:\/\/unenfantunefamille.org\/#website\"},\"datePublished\":\"2020-04-26T08:01:12+00:00\",\"dateModified\":\"2020-04-30T14:02:58+00:00\",\"breadcrumb\":{\"@id\":\"https:\/\/unenfantunefamille.org\/index.php\/confinement\/#breadcrumb\"},\"inLanguage\":\"fr-FR\",\"potentialAction\":[{\"@type\":\"ReadAction\",\"target\":[\"https:\/\/unenfantunefamille.org\/index.php\/confinement\/\"]}]},{\"@type\":\"BreadcrumbList\",\"@id\":\"https:\/\/unenfantunefamille.org\/index.php\/confinement\/#breadcrumb\",\"itemListElement\":[{\"@type\":\"ListItem\",\"position\":1,\"name\":\"Accueil\",\"item\":\"https:\/\/unenfantunefamille.org\/\"},{\"@type\":\"ListItem\",\"position\":2,\"name\":\"Confinement\"}]},{\"@type\":\"WebSite\",\"@id\":\"https:\/\/unenfantunefamille.org\/#website\",\"url\":\"https:\/\/unenfantunefamille.org\/\",\"name\":\"Un Enfant Une Famille - Parrainage de proximit\u00e9, action citoyenne durable d&#039;ouverture pour les enfants en Ile de France\",\"description\":\"lien affectif b\u00e9n\u00e9vole durable pour aider un enfant \u00e0 grandir\",\"potentialAction\":[{\"@type\":\"SearchAction\",\"target\":{\"@type\":\"EntryPoint\",\"urlTemplate\":\"https:\/\/unenfantunefamille.org\/?s={search_term_string}\"},\"query-input\":{\"@type\":\"PropertyValueSpecification\",\"valueRequired\":true,\"valueName\":\"search_term_string\"}}],\"inLanguage\":\"fr-FR\"}]}<\/script>\n<!-- \/ Yoast SEO plugin. -->","yoast_head_json":{"title":"Confinement - Un Enfant Une Famille - Parrainage de proximit\u00e9, action citoyenne durable d&#039;ouverture pour les enfants en Ile de France","robots":{"index":"index","follow":"follow","max-snippet":"max-snippet:-1","max-image-preview":"max-image-preview:large","max-video-preview":"max-video-preview:-1"},"canonical":"https:\/\/unenfantunefamille.org\/index.php\/confinement\/","og_locale":"fr_FR","og_type":"article","og_title":"Confinement - Un Enfant Une Famille - Parrainage de proximit\u00e9, action citoyenne durable d&#039;ouverture pour les enfants en Ile de France","og_description":"Des ressources pendant le confinement, et apr\u00e8s Enfance et Covid Enfance et Covid : des ressources concr\u00e8tes et efficaces produites par des experts de terrain et valid\u00e9es scientifiquement. R\u00e9pondant aux besoins que vous exprimez quotidiennement Cocovirus aborde de nombreux sujets d&rsquo;actualit\u00e9 sur le confinement par la bande dessin\u00e9e et offre \u00e9galement des activit\u00e9s manuelles \u00e0\u2026 Lire la suite &raquo;","og_url":"https:\/\/unenfantunefamille.org\/index.php\/confinement\/","og_site_name":"Un Enfant Une Famille - Parrainage de proximit\u00e9, action citoyenne durable d&#039;ouverture pour les enfants en Ile de France","article_modified_time":"2020-04-30T14:02:58+00:00","twitter_card":"summary_large_image","twitter_misc":{"Dur\u00e9e de lecture estim\u00e9e":"2 minutes"},"schema":{"@context":"https:\/\/schema.org","@graph":[{"@type":"WebPage","@id":"https:\/\/unenfantunefamille.org\/index.php\/confinement\/","url":"https:\/\/unenfantunefamille.org\/index.php\/confinement\/","name":"Confinement - Un Enfant Une Famille - Parrainage de proximit\u00e9, action citoyenne durable d&#039;ouverture pour les enfants en Ile de France","isPartOf":{"@id":"https:\/\/unenfantunefamille.org\/#website"},"datePublished":"2020-04-26T08:01:12+00:00","dateModified":"2020-04-30T14:02:58+00:00","breadcrumb":{"@id":"https:\/\/unenfantunefamille.org\/index.php\/confinement\/#breadcrumb"},"inLanguage":"fr-FR","potentialAction":[{"@type":"ReadAction","target":["https:\/\/unenfantunefamille.org\/index.php\/confinement\/"]}]},{"@type":"BreadcrumbList","@id":"https:\/\/unenfantunefamille.org\/index.php\/confinement\/#breadcrumb","itemListElement":[{"@type":"ListItem","position":1,"name":"Accueil","item":"https:\/\/unenfantunefamille.org\/"},{"@type":"ListItem","position":2,"name":"Confinement"}]},{"@type":"WebSite","@id":"https:\/\/unenfantunefamille.org\/#website","url":"https:\/\/unenfantunefamille.org\/","name":"Un Enfant Une Famille - Parrainage de proximit\u00e9, action citoyenne durable d&#039;ouverture pour les enfants en Ile de France","description":"lien affectif b\u00e9n\u00e9vole durable pour aider un enfant \u00e0 grandir","potentialAction":[{"@type":"SearchAction","target":{"@type":"EntryPoint","urlTemplate":"https:\/\/unenfantunefamille.org\/?s={search_term_string}"},"query-input":{"@type":"PropertyValueSpecification","valueRequired":true,"valueName":"search_term_string"}}],"inLanguage":"fr-FR"}]}},"_links":{"self":[{"href":"https:\/\/unenfantunefamille.org\/index.php\/wp-json\/wp\/v2\/pages\/3015","targetHints":{"allow":["GET"]}}],"collection":[{"href":"https:\/\/unenfantunefamille.org\/index.php\/wp-json\/wp\/v2\/pages"}],"about":[{"href":"https:\/\/unenfantunefamille.org\/index.php\/wp-json\/wp\/v2\/types\/page"}],"author":[{"embeddable":true,"href":"https:\/\/unenfantunefamille.org\/index.php\/wp-json\/wp\/v2\/users\/1"}],"replies":[{"embeddable":true,"href":"https:\/\/unenfantunefamille.org\/index.php\/wp-json\/wp\/v2\/comments?post=3015"}],"version-history":[{"count":50,"href":"https:\/\/unenfantunefamille.org\/index.php\/wp-json\/wp\/v2\/pages\/3015\/revisions"}],"predecessor-version":[{"id":3101,"href":"https:\/\/unenfantunefamille.org\/index.php\/wp-json\/wp\/v2\/pages\/3015\/revisions\/3101"}],"wp:attachment":[{"href":"https:\/\/unenfantunefamille.org\/index.php\/wp-json\/wp\/v2\/media?parent=3015"}],"curies":[{"name":"wp","href":"https:\/\/api.w.org\/{rel}","templated":true}]}}