{"id":4368,"date":"2022-10-19T17:57:39","date_gmt":"2022-10-19T15:57:39","guid":{"rendered":"https:\/\/unenfantunefamille.org\/?page_id=4368"},"modified":"2024-12-07T12:49:48","modified_gmt":"2024-12-07T11:49:48","slug":"unapp","status":"publish","type":"page","link":"https:\/\/unenfantunefamille.org\/index.php\/unapp\/","title":{"rendered":"Partenariat Unapp"},"content":{"rendered":"<h4><strong>Un Enfant Une Famille est membre fondateur de l&rsquo;UNAPP et toujours membre du CA.<\/strong><\/h4>\n<h4>L&rsquo;UNAPP a maintenant une direction coll\u00e9giale. Elle regroupe un certain nombre d&rsquo;associations, dont un grand nombre fonctionnent comme Un Enfant Une Famille.<\/h4>\n<h4>Via l&rsquo;UNAPP, nous sommes membre de \u201c Tous Parrains !! \u201d.<\/h4>\n<h4>En ce moment, nous participons \u00e0 la r\u00e9daction du d\u00e9cret d&rsquo;application du Parrainage de Proximit\u00e9 de la loi de F\u00e9vrier 2022, dite \u00ab\u00a0loi Taquet\u00a0\u00bb.<\/h4>\n\n\n<figure class=\"wp-block-gallery has-nested-images columns-default is-cropped wp-block-gallery-1 is-layout-flex wp-block-gallery-is-layout-flex\"><\/figure>\n","protected":false},"excerpt":{"rendered":"<p>Un Enfant Une Famille est membre fondateur de l&rsquo;UNAPP et toujours membre du CA. L&rsquo;UNAPP a maintenant une direction coll\u00e9giale. Elle regroupe un certain nombre d&rsquo;associations, dont un grand nombre fonctionnent comme Un Enfant Une Famille. Via l&rsquo;UNAPP, nous sommes membre de \u201c Tous Parrains !! \u201d. En ce moment, nous participons \u00e0 la r\u00e9daction\u2026 <span class=\"read-more\"><a href=\"https:\/\/unenfantunefamille.org\/index.php\/unapp\/\">Lire la suite &raquo;<\/a><\/span><\/p>\n","protected":false},"author":1,"featured_media":0,"parent":0,"menu_order":0,"comment_status":"closed","ping_status":"closed","template":"page-une-sidebare.php","meta":{"footnotes":""},"class_list":["post-4368","page","type-page","status-publish","hentry"],"yoast_head":"<!-- This site is optimized with the Yoast SEO plugin v27.0 - https:\/\/yoast.com\/product\/yoast-seo-wordpress\/ -->\n<title>Partenariat Unapp - Un Enfant Une Famille - Parrainage de proximit\u00e9, action citoyenne durable d&#039;ouverture pour les enfants en Ile de France<\/title>\n<meta name=\"robots\" content=\"index, follow, max-snippet:-1, max-image-preview:large, max-video-preview:-1\" \/>\n<link rel=\"canonical\" href=\"https:\/\/unenfantunefamille.org\/index.php\/unapp\/\" \/>\n<meta property=\"og:locale\" content=\"fr_FR\" \/>\n<meta property=\"og:type\" content=\"article\" \/>\n<meta property=\"og:title\" content=\"Partenariat Unapp - Un Enfant Une Famille - Parrainage de proximit\u00e9, action citoyenne durable d&#039;ouverture pour les enfants en Ile de France\" \/>\n<meta property=\"og:description\" content=\"Un Enfant Une Famille est membre fondateur de l&rsquo;UNAPP et toujours membre du CA. L&rsquo;UNAPP a maintenant une direction coll\u00e9giale. Elle regroupe un certain nombre d&rsquo;associations, dont un grand nombre fonctionnent comme Un Enfant Une Famille. Via l&rsquo;UNAPP, nous sommes membre de \u201c Tous Parrains !! \u201d. En ce moment, nous participons \u00e0 la r\u00e9daction\u2026 Lire la suite &raquo;\" \/>\n<meta property=\"og:url\" content=\"https:\/\/unenfantunefamille.org\/index.php\/unapp\/\" \/>\n<meta property=\"og:site_name\" content=\"Un Enfant Une Famille - Parrainage de proximit\u00e9, action citoyenne durable d&#039;ouverture pour les enfants en Ile de France\" \/>\n<meta property=\"article:modified_time\" content=\"2024-12-07T11:49:48+00:00\" \/>\n<meta name=\"twitter:card\" content=\"summary_large_image\" \/>\n<meta name=\"twitter:label1\" content=\"Dur\u00e9e de lecture estim\u00e9e\" \/>\n\t<meta name=\"twitter:data1\" content=\"1 minute\" \/>\n<script type=\"application\/ld+json\" class=\"yoast-schema-graph\">{\"@context\":\"https:\/\/schema.org\",\"@graph\":[{\"@type\":\"WebPage\",\"@id\":\"https:\/\/unenfantunefamille.org\/index.php\/unapp\/\",\"url\":\"https:\/\/unenfantunefamille.org\/index.php\/unapp\/\",\"name\":\"Partenariat Unapp - Un Enfant Une Famille - Parrainage de proximit\u00e9, action citoyenne durable d&#039;ouverture pour les enfants en Ile de France\",\"isPartOf\":{\"@id\":\"https:\/\/unenfantunefamille.org\/#website\"},\"datePublished\":\"2022-10-19T15:57:39+00:00\",\"dateModified\":\"2024-12-07T11:49:48+00:00\",\"breadcrumb\":{\"@id\":\"https:\/\/unenfantunefamille.org\/index.php\/unapp\/#breadcrumb\"},\"inLanguage\":\"fr-FR\",\"potentialAction\":[{\"@type\":\"ReadAction\",\"target\":[\"https:\/\/unenfantunefamille.org\/index.php\/unapp\/\"]}]},{\"@type\":\"BreadcrumbList\",\"@id\":\"https:\/\/unenfantunefamille.org\/index.php\/unapp\/#breadcrumb\",\"itemListElement\":[{\"@type\":\"ListItem\",\"position\":1,\"name\":\"Accueil\",\"item\":\"https:\/\/unenfantunefamille.org\/\"},{\"@type\":\"ListItem\",\"position\":2,\"name\":\"Partenariat Unapp\"}]},{\"@type\":\"WebSite\",\"@id\":\"https:\/\/unenfantunefamille.org\/#website\",\"url\":\"https:\/\/unenfantunefamille.org\/\",\"name\":\"Un Enfant Une Famille - Parrainage de proximit\u00e9, action citoyenne durable d&#039;ouverture pour les enfants en Ile de France\",\"description\":\"lien affectif b\u00e9n\u00e9vole durable pour aider un enfant \u00e0 grandir\",\"potentialAction\":[{\"@type\":\"SearchAction\",\"target\":{\"@type\":\"EntryPoint\",\"urlTemplate\":\"https:\/\/unenfantunefamille.org\/?s={search_term_string}\"},\"query-input\":{\"@type\":\"PropertyValueSpecification\",\"valueRequired\":true,\"valueName\":\"search_term_string\"}}],\"inLanguage\":\"fr-FR\"}]}<\/script>\n<!-- \/ Yoast SEO plugin. -->","yoast_head_json":{"title":"Partenariat Unapp - Un Enfant Une Famille - Parrainage de proximit\u00e9, action citoyenne durable d&#039;ouverture pour les enfants en Ile de France","robots":{"index":"index","follow":"follow","max-snippet":"max-snippet:-1","max-image-preview":"max-image-preview:large","max-video-preview":"max-video-preview:-1"},"canonical":"https:\/\/unenfantunefamille.org\/index.php\/unapp\/","og_locale":"fr_FR","og_type":"article","og_title":"Partenariat Unapp - Un Enfant Une Famille - Parrainage de proximit\u00e9, action citoyenne durable d&#039;ouverture pour les enfants en Ile de France","og_description":"Un Enfant Une Famille est membre fondateur de l&rsquo;UNAPP et toujours membre du CA. L&rsquo;UNAPP a maintenant une direction coll\u00e9giale. Elle regroupe un certain nombre d&rsquo;associations, dont un grand nombre fonctionnent comme Un Enfant Une Famille. Via l&rsquo;UNAPP, nous sommes membre de \u201c Tous Parrains !! \u201d. En ce moment, nous participons \u00e0 la r\u00e9daction\u2026 Lire la suite &raquo;","og_url":"https:\/\/unenfantunefamille.org\/index.php\/unapp\/","og_site_name":"Un Enfant Une Famille - Parrainage de proximit\u00e9, action citoyenne durable d&#039;ouverture pour les enfants en Ile de France","article_modified_time":"2024-12-07T11:49:48+00:00","twitter_card":"summary_large_image","twitter_misc":{"Dur\u00e9e de lecture estim\u00e9e":"1 minute"},"schema":{"@context":"https:\/\/schema.org","@graph":[{"@type":"WebPage","@id":"https:\/\/unenfantunefamille.org\/index.php\/unapp\/","url":"https:\/\/unenfantunefamille.org\/index.php\/unapp\/","name":"Partenariat Unapp - Un Enfant Une Famille - Parrainage de proximit\u00e9, action citoyenne durable d&#039;ouverture pour les enfants en Ile de France","isPartOf":{"@id":"https:\/\/unenfantunefamille.org\/#website"},"datePublished":"2022-10-19T15:57:39+00:00","dateModified":"2024-12-07T11:49:48+00:00","breadcrumb":{"@id":"https:\/\/unenfantunefamille.org\/index.php\/unapp\/#breadcrumb"},"inLanguage":"fr-FR","potentialAction":[{"@type":"ReadAction","target":["https:\/\/unenfantunefamille.org\/index.php\/unapp\/"]}]},{"@type":"BreadcrumbList","@id":"https:\/\/unenfantunefamille.org\/index.php\/unapp\/#breadcrumb","itemListElement":[{"@type":"ListItem","position":1,"name":"Accueil","item":"https:\/\/unenfantunefamille.org\/"},{"@type":"ListItem","position":2,"name":"Partenariat Unapp"}]},{"@type":"WebSite","@id":"https:\/\/unenfantunefamille.org\/#website","url":"https:\/\/unenfantunefamille.org\/","name":"Un Enfant Une Famille - Parrainage de proximit\u00e9, action citoyenne durable d&#039;ouverture pour les enfants en Ile de France","description":"lien affectif b\u00e9n\u00e9vole durable pour aider un enfant \u00e0 grandir","potentialAction":[{"@type":"SearchAction","target":{"@type":"EntryPoint","urlTemplate":"https:\/\/unenfantunefamille.org\/?s={search_term_string}"},"query-input":{"@type":"PropertyValueSpecification","valueRequired":true,"valueName":"search_term_string"}}],"inLanguage":"fr-FR"}]}},"_links":{"self":[{"href":"https:\/\/unenfantunefamille.org\/index.php\/wp-json\/wp\/v2\/pages\/4368","targetHints":{"allow":["GET"]}}],"collection":[{"href":"https:\/\/unenfantunefamille.org\/index.php\/wp-json\/wp\/v2\/pages"}],"about":[{"href":"https:\/\/unenfantunefamille.org\/index.php\/wp-json\/wp\/v2\/types\/page"}],"author":[{"embeddable":true,"href":"https:\/\/unenfantunefamille.org\/index.php\/wp-json\/wp\/v2\/users\/1"}],"replies":[{"embeddable":true,"href":"https:\/\/unenfantunefamille.org\/index.php\/wp-json\/wp\/v2\/comments?post=4368"}],"version-history":[{"count":5,"href":"https:\/\/unenfantunefamille.org\/index.php\/wp-json\/wp\/v2\/pages\/4368\/revisions"}],"predecessor-version":[{"id":4618,"href":"https:\/\/unenfantunefamille.org\/index.php\/wp-json\/wp\/v2\/pages\/4368\/revisions\/4618"}],"wp:attachment":[{"href":"https:\/\/unenfantunefamille.org\/index.php\/wp-json\/wp\/v2\/media?parent=4368"}],"curies":[{"name":"wp","href":"https:\/\/api.w.org\/{rel}","templated":true}]}}