{"id":5450,"date":"2026-02-08T17:45:58","date_gmt":"2026-02-08T16:45:58","guid":{"rendered":"https:\/\/unenfantunefamille.org\/?page_id=5450"},"modified":"2026-02-20T17:26:49","modified_gmt":"2026-02-20T16:26:49","slug":"adhesion-sympathisant","status":"publish","type":"page","link":"https:\/\/unenfantunefamille.org\/index.php\/adhesion-sympathisant\/","title":{"rendered":"adhesion sympathisant"},"content":{"rendered":"<div class=encadre> DEMANDE D&rsquo;ADHESION (sympathisant)<\/div>\n<div><\/div>\n\n<div class=\"wpcf7 no-js\" id=\"wpcf7-f5448-o1\" lang=\"fr-FR\" dir=\"ltr\" data-wpcf7-id=\"5448\">\n<div class=\"screen-reader-response\"><p role=\"status\" aria-live=\"polite\" aria-atomic=\"true\"><\/p> <ul><\/ul><\/div>\n<form action=\"\/index.php\/wp-json\/wp\/v2\/pages\/5450#wpcf7-f5448-o1\" method=\"post\" class=\"wpcf7-form init\" aria-label=\"Formulaire de contact\" novalidate=\"novalidate\" data-status=\"init\">\n<fieldset class=\"hidden-fields-container\"><input type=\"hidden\" name=\"_wpcf7\" value=\"5448\" \/><input type=\"hidden\" name=\"_wpcf7_version\" value=\"6.1.5\" \/><input type=\"hidden\" name=\"_wpcf7_locale\" value=\"fr_FR\" \/><input type=\"hidden\" name=\"_wpcf7_unit_tag\" value=\"wpcf7-f5448-o1\" \/><input type=\"hidden\" name=\"_wpcf7_container_post\" value=\"0\" \/><input type=\"hidden\" name=\"_wpcf7_posted_data_hash\" value=\"\" \/><input type=\"hidden\" name=\"redirect_nonce\" value=\"e630b49c6a\" \/><input type=\"hidden\" name=\"wpcf7cfpdf_hidden_name\" value=\"adh_sympathisant-prenom-nom\" \/><input type=\"hidden\" name=\"wpcf7cfpdf_hidden_reference\" value=\"2944d80c\" \/><input type=\"hidden\" name=\"wpcf7cfpdf_hidden_date\" value=\"15avril2026\" \/><input type=\"hidden\" name=\"_wpcf7_recaptcha_response\" value=\"\" \/>\n<\/fieldset>\n<p>(*) : champs obligatoires<br \/>\n&nbsp;&nbsp;&nbsp;\n<\/p>\n<p><label>Nom (*) <span class=\"wpcf7-form-control-wrap\" data-name=\"Nom\"><input size=\"40\" maxlength=\"400\" class=\"wpcf7-form-control wpcf7-text wpcf7-validates-as-required fnom\" aria-required=\"true\" aria-invalid=\"false\" value=\"\" type=\"text\" name=\"Nom\" \/><\/span><\/label>\n<\/p>\n<p><label> Pr\u00e9nom(s) (*) <span class=\"wpcf7-form-control-wrap\" data-name=\"prenom\"><input size=\"40\" maxlength=\"400\" class=\"wpcf7-form-control wpcf7-text wpcf7-validates-as-required fnom\" aria-required=\"true\" aria-invalid=\"false\" value=\"\" type=\"text\" name=\"prenom\" \/><\/span><\/label>\n<\/p>\n<p><label>e-mail (*) <span class=\"wpcf7-form-control-wrap\" data-name=\"email\"><input size=\"40\" maxlength=\"400\" class=\"wpcf7-form-control wpcf7-email wpcf7-validates-as-required wpcf7-text wpcf7-validates-as-email\" aria-required=\"true\" aria-invalid=\"false\" value=\"\" type=\"email\" name=\"email\" \/><\/span> <\/label>\n<\/p>\n<p><label> t\u00e9l\u00e9phone (*) <span class=\"wpcf7-form-control-wrap\" data-name=\"tel_port\"><input size=\"15\" maxlength=\"400\" class=\"wpcf7-form-control wpcf7-tel wpcf7-validates-as-required wpcf7-text wpcf7-validates-as-tel\" aria-required=\"true\" aria-invalid=\"false\" value=\"\" type=\"tel\" name=\"tel_port\" \/><\/span><\/label>\n<\/p>\n<p><label> Adresse (*)<br \/>\n<span class=\"wpcf7-form-control-wrap\" data-name=\"Adr1\"><input size=\"40\" maxlength=\"400\" class=\"wpcf7-form-control wpcf7-text wpcf7-validates-as-required\" aria-required=\"true\" aria-invalid=\"false\" value=\"\" type=\"text\" name=\"Adr1\" \/><\/span> <\/label><br \/>\n<span class=\"wpcf7-form-control-wrap\" data-name=\"Adr2\"><input size=\"40\" maxlength=\"400\" class=\"wpcf7-form-control wpcf7-text\" aria-invalid=\"false\" value=\"\" type=\"text\" name=\"Adr2\" \/><\/span>\n<\/p>\n<p><label> Code postal (*)<span class=\"wpcf7-form-control-wrap\" data-name=\"CP\"><input size=\"5\" maxlength=\"400\" class=\"wpcf7-form-control wpcf7-text wpcf7-validates-as-required\" aria-required=\"true\" aria-invalid=\"false\" value=\"\" type=\"text\" name=\"CP\" \/><\/span><\/label>\n<\/p>\n<p><label> Ville (*) <span class=\"wpcf7-form-control-wrap\" data-name=\"Ville\"><input size=\"30\" maxlength=\"400\" class=\"wpcf7-form-control wpcf7-text wpcf7-validates-as-required\" aria-required=\"true\" aria-invalid=\"false\" value=\"\" type=\"text\" name=\"Ville\" \/><\/span><\/label>\n<\/p>\n<p><label> Date de Naissance (*) <span class=\"wpcf7-form-control-wrap\" data-name=\"naissance\"><input class=\"wpcf7-form-control wpcf7-date wpcf7-validates-as-required wpcf7-validates-as-date\" aria-required=\"true\" aria-invalid=\"false\" value=\"\" type=\"date\" name=\"naissance\" \/><\/span><\/label>\n<\/p>\n<p><label> Profession (actuelle ou ant\u00e9rieure) : <span class=\"wpcf7-form-control-wrap\" data-name=\"profession\"><input size=\"40\" maxlength=\"400\" class=\"wpcf7-form-control wpcf7-text\" aria-invalid=\"false\" value=\"\" type=\"text\" name=\"profession\" \/><\/span><\/label>\n<\/p>\n<p>Autres centres d\u2019int\u00e9r\u00eats ou activit\u00e9s : <span class=\"wpcf7-form-control-wrap\" data-name=\"centre_interet\"><textarea cols=\"40\" rows=\"10\" maxlength=\"2000\" class=\"wpcf7-form-control wpcf7-textarea finteret\" aria-invalid=\"false\" name=\"centre_interet\"><\/textarea><\/span>\n<\/p>\n<div style=\"height: 0px;width:100%;border-width:1px;border-color:black;border-style:solid;margin-top: 10px;margin-bottom: 10px\" >\n<\/div>\n<p><strong> Conjoint(e) \u00e9ventuel(le) :<\/strong>\n<\/p>\n<p><label>Nom <span class=\"wpcf7-form-control-wrap\" data-name=\"Nomb\"><input size=\"40\" maxlength=\"400\" class=\"wpcf7-form-control wpcf7-text fnom\" aria-invalid=\"false\" value=\"\" type=\"text\" name=\"Nomb\" \/><\/span><\/label>\n<\/p>\n<p><label> Pr\u00e9nom(s) <span class=\"wpcf7-form-control-wrap\" data-name=\"prenomb\"><input size=\"40\" maxlength=\"400\" class=\"wpcf7-form-control wpcf7-text fnom\" aria-invalid=\"false\" value=\"\" type=\"text\" name=\"prenomb\" \/><\/span><\/label>\n<\/p>\n<p><label>e-mail <span class=\"wpcf7-form-control-wrap\" data-name=\"emailb\"><input size=\"40\" maxlength=\"400\" class=\"wpcf7-form-control wpcf7-email wpcf7-text wpcf7-validates-as-email\" aria-invalid=\"false\" value=\"\" type=\"email\" name=\"emailb\" \/><\/span> <\/label>\n<\/p>\n<p><label> t\u00e9l\u00e9phone <span class=\"wpcf7-form-control-wrap\" data-name=\"tel_portb\"><input size=\"15\" maxlength=\"400\" class=\"wpcf7-form-control wpcf7-tel wpcf7-text wpcf7-validates-as-tel\" aria-invalid=\"false\" value=\"\" type=\"tel\" name=\"tel_portb\" \/><\/span><\/label>\n<\/p>\n<p><label> Date de Naissance <span class=\"wpcf7-form-control-wrap\" data-name=\"naissanceb\"><input class=\"wpcf7-form-control wpcf7-date wpcf7-validates-as-date\" aria-invalid=\"false\" value=\"\" type=\"date\" name=\"naissanceb\" \/><\/span><\/label>\n<\/p>\n<p><label> Profession (actuelle ou ant\u00e9rieure) : <span class=\"wpcf7-form-control-wrap\" data-name=\"professionb\"><input size=\"40\" maxlength=\"400\" class=\"wpcf7-form-control wpcf7-text\" aria-invalid=\"false\" value=\"\" type=\"text\" name=\"professionb\" \/><\/span><\/label>\n<\/p>\n<p>Autres centres d\u2019int\u00e9r\u00eats ou activit\u00e9s : <span class=\"wpcf7-form-control-wrap\" data-name=\"centre_interetb\"><textarea cols=\"40\" rows=\"10\" maxlength=\"2000\" class=\"wpcf7-form-control wpcf7-textarea\" aria-invalid=\"false\" name=\"centre_interetb\"><\/textarea><\/span><br \/>\n&nbsp;\n<\/p>\n<p><strong>Statut<\/strong><span class=\"wpcf7-form-control-wrap\" data-name=\"statut\"><select class=\"wpcf7-form-control wpcf7-select\" aria-invalid=\"false\" name=\"statut\"><option value=\"Mari\u00e9s\">Mari\u00e9s<\/option><option value=\"Concubins ou pacs\u00e9s\">Concubins ou pacs\u00e9s<\/option><option value=\"C\u00e9libataire\">C\u00e9libataire<\/option><\/select><\/span> Pr\u00e9cisez \u00e9ventuellement <span class=\"wpcf7-form-control-wrap\" data-name=\"statuta\"><select class=\"wpcf7-form-control wpcf7-select\" aria-invalid=\"false\" name=\"statuta\"><option value=\"__\">__<\/option><option value=\"Veuvage\">Veuvage<\/option><option value=\"S\u00e9paration\">S\u00e9paration<\/option><option value=\"Divorce\">Divorce<\/option><option value=\"Autre\">Autre<\/option><\/select><\/span> &nbsp;\n<\/p>\n<p><strong>Enfants \u00e0 charge<\/strong>\n<\/p>\n<table style=\"border-spacing: 0 2px; border-collapse : separate ; \">\n\t<thead>\n\t\t<tr>\n\t\t\t<th style=\" padding: 1px 4px;    line-height: 1;\">\n\t\t\t\t<p>Pr\u00e9nom\n\t\t\t\t<\/p>\n\t\t\t<\/th>\n\t\t\t<th>\n\t\t\t\t<p>Sexe\n\t\t\t\t<\/p>\n\t\t\t<\/th>\n\t\t\t<th>\n\t\t\t\t<p>Date de Naissance\n\t\t\t\t<\/p>\n\t\t\t<\/th>\n\t\t\t<th>\n\t\t\t\t<p>Pr\u00e9cisions \u00e9ventuelles (filiation, scolarit\u00e9, etc. )\n\t\t\t\t<\/p>\n\t\t\t<\/th>\n\t\t<\/tr>\n\t<\/thead>\n\t<tbody>\n\t\t<tr style=\"padding-bottom: 0px;padding-top:0px;\">\n\t\t\t<td>\n\t\t\t\t<p><span class=\"wpcf7-form-control-wrap\" data-name=\"enfant1prenom\"><input size=\"20\" maxlength=\"400\" class=\"wpcf7-form-control wpcf7-text\" aria-invalid=\"false\" value=\"\" type=\"text\" name=\"enfant1prenom\" \/><\/span>\n\t\t\t\t<\/p>\n\t\t\t<\/td>\n\t\t\t<td>\n\t\t\t\t<p><span class=\"wpcf7-form-control-wrap\" data-name=\"enfant1sexe\"><select class=\"wpcf7-form-control wpcf7-select\" aria-invalid=\"false\" name=\"enfant1sexe\"><option value=\"M\">M<\/option><option value=\"F\">F<\/option><\/select><\/span>\n\t\t\t\t<\/p>\n\t\t\t<\/td>\n\t\t\t<td>\n\t\t\t\t<p><span class=\"wpcf7-form-control-wrap\" data-name=\"enfant1naissance\"><input class=\"wpcf7-form-control wpcf7-date wpcf7-validates-as-date\" aria-invalid=\"false\" value=\"\" type=\"date\" name=\"enfant1naissance\" \/><\/span>\n\t\t\t\t<\/p>\n\t\t\t<\/td>\n\t\t\t<td>\n\t\t\t\t<p><span class=\"wpcf7-form-control-wrap\" data-name=\"enfant1prec\"><input size=\"40\" maxlength=\"400\" class=\"wpcf7-form-control wpcf7-text\" aria-invalid=\"false\" value=\"\" type=\"text\" name=\"enfant1prec\" \/><\/span>\n\t\t\t\t<\/p>\n\t\t\t<\/td>\n\t\t<\/tr>\n\t\t<tr style=\"padding-bottom: 0px;padding-top:0px;\">\n\t\t\t<td>\n\t\t\t\t<p><span class=\"wpcf7-form-control-wrap\" data-name=\"enfant2prenom\"><input size=\"20\" maxlength=\"400\" class=\"wpcf7-form-control wpcf7-text\" aria-invalid=\"false\" value=\"\" type=\"text\" name=\"enfant2prenom\" \/><\/span>\n\t\t\t\t<\/p>\n\t\t\t<\/td>\n\t\t\t<td>\n\t\t\t\t<p><span class=\"wpcf7-form-control-wrap\" data-name=\"enfant2sexe\"><select class=\"wpcf7-form-control wpcf7-select\" aria-invalid=\"false\" name=\"enfant2sexe\"><option value=\"M\">M<\/option><option value=\"F\">F<\/option><\/select><\/span>\n\t\t\t\t<\/p>\n\t\t\t<\/td>\n\t\t\t<td>\n\t\t\t\t<p><span class=\"wpcf7-form-control-wrap\" data-name=\"enfant2naissance\"><input class=\"wpcf7-form-control wpcf7-date wpcf7-validates-as-date\" aria-invalid=\"false\" value=\"\" type=\"date\" name=\"enfant2naissance\" \/><\/span>\n\t\t\t\t<\/p>\n\t\t\t<\/td>\n\t\t\t<td>\n\t\t\t\t<p><span class=\"wpcf7-form-control-wrap\" data-name=\"enfant2prec\"><input size=\"40\" maxlength=\"400\" class=\"wpcf7-form-control wpcf7-text\" aria-invalid=\"false\" value=\"\" type=\"text\" name=\"enfant2prec\" \/><\/span>\n\t\t\t\t<\/p>\n\t\t\t<\/td>\n\t\t<\/tr>\n\t\t<tr>\n\t\t\t<td>\n\t\t\t\t<p><span class=\"wpcf7-form-control-wrap\" data-name=\"enfant3prenom\"><input size=\"20\" maxlength=\"400\" class=\"wpcf7-form-control wpcf7-text\" aria-invalid=\"false\" value=\"\" type=\"text\" name=\"enfant3prenom\" \/><\/span>\n\t\t\t\t<\/p>\n\t\t\t<\/td>\n\t\t\t<td>\n\t\t\t\t<p><span class=\"wpcf7-form-control-wrap\" data-name=\"enfant3sexe\"><select class=\"wpcf7-form-control wpcf7-select\" aria-invalid=\"false\" name=\"enfant3sexe\"><option value=\"M\">M<\/option><option value=\"F\">F<\/option><\/select><\/span>\n\t\t\t\t<\/p>\n\t\t\t<\/td>\n\t\t\t<td>\n\t\t\t\t<p><span class=\"wpcf7-form-control-wrap\" data-name=\"enfant3naissance\"><input class=\"wpcf7-form-control wpcf7-date wpcf7-validates-as-date\" aria-invalid=\"false\" value=\"\" type=\"date\" name=\"enfant3naissance\" \/><\/span>\n\t\t\t\t<\/p>\n\t\t\t<\/td>\n\t\t\t<td>\n\t\t\t\t<p><span class=\"wpcf7-form-control-wrap\" data-name=\"enfant3prec\"><input size=\"40\" maxlength=\"400\" class=\"wpcf7-form-control wpcf7-text\" aria-invalid=\"false\" value=\"\" type=\"text\" name=\"enfant3prec\" \/><\/span>\n\t\t\t\t<\/p>\n\t\t\t<\/td>\n\t\t<\/tr>\n\t<\/tbody>\n<\/table>\n<p>&nbsp;\n<\/p>\n<p><label>Comment avez-vous connu l'association ? <span class=\"wpcf7-form-control-wrap\" data-name=\"connu_ass\"><input size=\"40\" maxlength=\"400\" class=\"wpcf7-form-control wpcf7-text\" aria-invalid=\"false\" value=\"\" type=\"text\" name=\"connu_ass\" \/><\/span><\/label>\n<\/p>\n<p>La cotisation est de 40 euros pour les parrains, les sympathisants \u2026 et de 5 euros pour les parents volontaires. Elle constitue un don \u00e0 l'association et donne droit \u00e0 un re\u00e7u fiscal.\n<\/p>\n<p>Paiement de pr\u00e9f\u00e9rence par virement bancaire.\n<\/p>\n<p><img decoding=\"async\" src=\"https:\/\/unenfantunefamille.org\/wp-content\/uploads\/2026\/02\/rib_ueuf.jpg\" \/>\n<\/p>\n<p>Les statuts de l'association Un Enfant Une famille sont disponibles sur le site.<br \/>\n&nbsp;\n<\/p>\n<p>Que voulez-vous amener \u00e0 l'association ?<br \/>\n<span class=\"wpcf7-form-control-wrap\" data-name=\"motiv\"><textarea cols=\"40\" rows=\"10\" maxlength=\"2000\" class=\"wpcf7-form-control wpcf7-textarea\" aria-invalid=\"false\" name=\"motiv\"><\/textarea><\/span>\n<\/p>\n<p><input class=\"wpcf7-form-control wpcf7-submit has-spinner\" type=\"submit\" value=\"Envoyer\" \/>\n<\/p><p style=\"display: none !important;\" class=\"akismet-fields-container\" data-prefix=\"_wpcf7_ak_\"><label>&#916;<textarea name=\"_wpcf7_ak_hp_textarea\" cols=\"45\" rows=\"8\" maxlength=\"100\"><\/textarea><\/label><input type=\"hidden\" id=\"ak_js_1\" name=\"_wpcf7_ak_js\" value=\"247\"\/><script>document.getElementById( \"ak_js_1\" ).setAttribute( \"value\", ( new Date() ).getTime() );<\/script><\/p><input type='hidden' class='wpcf7-pum' value='{\"closepopup\":false,\"closedelay\":0,\"openpopup\":false,\"openpopup_id\":0}' \/><div class=\"wpcf7-response-output\" aria-hidden=\"true\"><\/div>\n<\/form>\n<\/div>\n\n","protected":false},"excerpt":{"rendered":"<p>DEMANDE D&rsquo;ADHESION (sympathisant)<\/p>\n","protected":false},"author":1,"featured_media":0,"parent":0,"menu_order":0,"comment_status":"closed","ping_status":"closed","template":"page-large.php","meta":{"footnotes":""},"class_list":["post-5450","page","type-page","status-publish","hentry"],"yoast_head":"<!-- This site is optimized with the Yoast SEO plugin v27.0 - https:\/\/yoast.com\/product\/yoast-seo-wordpress\/ -->\n<title>adhesion sympathisant - Un Enfant Une Famille - Parrainage de proximit\u00e9, action citoyenne durable d&#039;ouverture pour les enfants en Ile de France<\/title>\n<meta name=\"robots\" content=\"index, follow, max-snippet:-1, max-image-preview:large, max-video-preview:-1\" \/>\n<link rel=\"canonical\" href=\"https:\/\/unenfantunefamille.org\/index.php\/adhesion-sympathisant\/\" \/>\n<meta property=\"og:locale\" content=\"fr_FR\" \/>\n<meta property=\"og:type\" content=\"article\" \/>\n<meta property=\"og:title\" content=\"adhesion sympathisant - Un Enfant Une Famille - Parrainage de proximit\u00e9, action citoyenne durable d&#039;ouverture pour les enfants en Ile de France\" \/>\n<meta property=\"og:description\" content=\"DEMANDE D&rsquo;ADHESION (sympathisant)\" \/>\n<meta property=\"og:url\" content=\"https:\/\/unenfantunefamille.org\/index.php\/adhesion-sympathisant\/\" \/>\n<meta property=\"og:site_name\" content=\"Un Enfant Une Famille - Parrainage de proximit\u00e9, action citoyenne durable d&#039;ouverture pour les enfants en Ile de France\" \/>\n<meta property=\"article:modified_time\" content=\"2026-02-20T16:26:49+00:00\" \/>\n<meta name=\"twitter:card\" content=\"summary_large_image\" \/>\n<meta name=\"twitter:label1\" content=\"Dur\u00e9e de lecture estim\u00e9e\" \/>\n\t<meta name=\"twitter:data1\" content=\"1 minute\" \/>\n<script type=\"application\/ld+json\" class=\"yoast-schema-graph\">{\"@context\":\"https:\/\/schema.org\",\"@graph\":[{\"@type\":\"WebPage\",\"@id\":\"https:\/\/unenfantunefamille.org\/index.php\/adhesion-sympathisant\/\",\"url\":\"https:\/\/unenfantunefamille.org\/index.php\/adhesion-sympathisant\/\",\"name\":\"adhesion sympathisant - Un Enfant Une Famille - Parrainage de proximit\u00e9, action citoyenne durable d&#039;ouverture pour les enfants en Ile de France\",\"isPartOf\":{\"@id\":\"https:\/\/unenfantunefamille.org\/#website\"},\"datePublished\":\"2026-02-08T16:45:58+00:00\",\"dateModified\":\"2026-02-20T16:26:49+00:00\",\"breadcrumb\":{\"@id\":\"https:\/\/unenfantunefamille.org\/index.php\/adhesion-sympathisant\/#breadcrumb\"},\"inLanguage\":\"fr-FR\",\"potentialAction\":[{\"@type\":\"ReadAction\",\"target\":[\"https:\/\/unenfantunefamille.org\/index.php\/adhesion-sympathisant\/\"]}]},{\"@type\":\"BreadcrumbList\",\"@id\":\"https:\/\/unenfantunefamille.org\/index.php\/adhesion-sympathisant\/#breadcrumb\",\"itemListElement\":[{\"@type\":\"ListItem\",\"position\":1,\"name\":\"Accueil\",\"item\":\"https:\/\/unenfantunefamille.org\/\"},{\"@type\":\"ListItem\",\"position\":2,\"name\":\"adhesion sympathisant\"}]},{\"@type\":\"WebSite\",\"@id\":\"https:\/\/unenfantunefamille.org\/#website\",\"url\":\"https:\/\/unenfantunefamille.org\/\",\"name\":\"Un Enfant Une Famille - Parrainage de proximit\u00e9, action citoyenne durable d&#039;ouverture pour les enfants en Ile de France\",\"description\":\"lien affectif b\u00e9n\u00e9vole durable pour aider un enfant \u00e0 grandir\",\"potentialAction\":[{\"@type\":\"SearchAction\",\"target\":{\"@type\":\"EntryPoint\",\"urlTemplate\":\"https:\/\/unenfantunefamille.org\/?s={search_term_string}\"},\"query-input\":{\"@type\":\"PropertyValueSpecification\",\"valueRequired\":true,\"valueName\":\"search_term_string\"}}],\"inLanguage\":\"fr-FR\"}]}<\/script>\n<!-- \/ Yoast SEO plugin. -->","yoast_head_json":{"title":"adhesion sympathisant - Un Enfant Une Famille - Parrainage de proximit\u00e9, action citoyenne durable d&#039;ouverture pour les enfants en Ile de France","robots":{"index":"index","follow":"follow","max-snippet":"max-snippet:-1","max-image-preview":"max-image-preview:large","max-video-preview":"max-video-preview:-1"},"canonical":"https:\/\/unenfantunefamille.org\/index.php\/adhesion-sympathisant\/","og_locale":"fr_FR","og_type":"article","og_title":"adhesion sympathisant - Un Enfant Une Famille - Parrainage de proximit\u00e9, action citoyenne durable d&#039;ouverture pour les enfants en Ile de France","og_description":"DEMANDE D&rsquo;ADHESION (sympathisant)","og_url":"https:\/\/unenfantunefamille.org\/index.php\/adhesion-sympathisant\/","og_site_name":"Un Enfant Une Famille - Parrainage de proximit\u00e9, action citoyenne durable d&#039;ouverture pour les enfants en Ile de France","article_modified_time":"2026-02-20T16:26:49+00:00","twitter_card":"summary_large_image","twitter_misc":{"Dur\u00e9e de lecture estim\u00e9e":"1 minute"},"schema":{"@context":"https:\/\/schema.org","@graph":[{"@type":"WebPage","@id":"https:\/\/unenfantunefamille.org\/index.php\/adhesion-sympathisant\/","url":"https:\/\/unenfantunefamille.org\/index.php\/adhesion-sympathisant\/","name":"adhesion sympathisant - Un Enfant Une Famille - Parrainage de proximit\u00e9, action citoyenne durable d&#039;ouverture pour les enfants en Ile de France","isPartOf":{"@id":"https:\/\/unenfantunefamille.org\/#website"},"datePublished":"2026-02-08T16:45:58+00:00","dateModified":"2026-02-20T16:26:49+00:00","breadcrumb":{"@id":"https:\/\/unenfantunefamille.org\/index.php\/adhesion-sympathisant\/#breadcrumb"},"inLanguage":"fr-FR","potentialAction":[{"@type":"ReadAction","target":["https:\/\/unenfantunefamille.org\/index.php\/adhesion-sympathisant\/"]}]},{"@type":"BreadcrumbList","@id":"https:\/\/unenfantunefamille.org\/index.php\/adhesion-sympathisant\/#breadcrumb","itemListElement":[{"@type":"ListItem","position":1,"name":"Accueil","item":"https:\/\/unenfantunefamille.org\/"},{"@type":"ListItem","position":2,"name":"adhesion sympathisant"}]},{"@type":"WebSite","@id":"https:\/\/unenfantunefamille.org\/#website","url":"https:\/\/unenfantunefamille.org\/","name":"Un Enfant Une Famille - Parrainage de proximit\u00e9, action citoyenne durable d&#039;ouverture pour les enfants en Ile de France","description":"lien affectif b\u00e9n\u00e9vole durable pour aider un enfant \u00e0 grandir","potentialAction":[{"@type":"SearchAction","target":{"@type":"EntryPoint","urlTemplate":"https:\/\/unenfantunefamille.org\/?s={search_term_string}"},"query-input":{"@type":"PropertyValueSpecification","valueRequired":true,"valueName":"search_term_string"}}],"inLanguage":"fr-FR"}]}},"_links":{"self":[{"href":"https:\/\/unenfantunefamille.org\/index.php\/wp-json\/wp\/v2\/pages\/5450","targetHints":{"allow":["GET"]}}],"collection":[{"href":"https:\/\/unenfantunefamille.org\/index.php\/wp-json\/wp\/v2\/pages"}],"about":[{"href":"https:\/\/unenfantunefamille.org\/index.php\/wp-json\/wp\/v2\/types\/page"}],"author":[{"embeddable":true,"href":"https:\/\/unenfantunefamille.org\/index.php\/wp-json\/wp\/v2\/users\/1"}],"replies":[{"embeddable":true,"href":"https:\/\/unenfantunefamille.org\/index.php\/wp-json\/wp\/v2\/comments?post=5450"}],"version-history":[{"count":5,"href":"https:\/\/unenfantunefamille.org\/index.php\/wp-json\/wp\/v2\/pages\/5450\/revisions"}],"predecessor-version":[{"id":5457,"href":"https:\/\/unenfantunefamille.org\/index.php\/wp-json\/wp\/v2\/pages\/5450\/revisions\/5457"}],"wp:attachment":[{"href":"https:\/\/unenfantunefamille.org\/index.php\/wp-json\/wp\/v2\/media?parent=5450"}],"curies":[{"name":"wp","href":"https:\/\/api.w.org\/{rel}","templated":true}]}}