{"id":72,"date":"2016-10-06T10:56:21","date_gmt":"2016-10-06T08:56:21","guid":{"rendered":"http:\/\/localhost\/ueuf\/?page_id=72"},"modified":"2021-11-28T09:26:00","modified_gmt":"2021-11-28T08:26:00","slug":"photos_ag2012","status":"publish","type":"page","link":"https:\/\/unenfantunefamille.org\/index.php\/photos\/photos_ag2012\/","title":{"rendered":"photos 2012"},"content":{"rendered":"<h3 style=\"text-align: center;\">Photos AG 2012<\/h3>\n<p><img decoding=\"async\" class=\" wp-image-79 aligncenter\" src=\"http:\/\/unenfantunefamille.org\/Photos\/AG2012\/1_AG25mars2012.jpg\" alt=\"1_ag25mars2012\" width=\"700\"><\/p>\n<p><img loading=\"lazy\" decoding=\"async\" class=\" wp-image-85 aligncenter\" src=\"http:\/\/unenfantunefamille.org\/Photos\/AG2012\/10_AG25mars2012.jpg\" alt=\"10_ag25mars2012\" width=\"505\" height=\"322\"><\/p>\n<p><img loading=\"lazy\" decoding=\"async\" class=\" wp-image-81 aligncenter\" src=\"http:\/\/unenfantunefamille.org\/Photos\/AG2012\/3_AG25mars2012.jpg\" alt=\"3_ag25mars2012\" width=\"487\" height=\"320\"><\/p>\n<p><img loading=\"lazy\" decoding=\"async\" class=\" wp-image-83 aligncenter\" src=\"http:\/\/unenfantunefamille.org\/Photos\/AG2012\/6_AG25mars2012.jpg\" alt=\"6_ag25mars2012\" width=\"515\" height=\"327\"><\/p>\n<p>&nbsp;<\/p>\n<p style=\"text-align: center;\" class=\"hh4\"><a  href=>retour<\/a><\/p>\n","protected":false},"excerpt":{"rendered":"<p>Photos AG 2012 &nbsp;<\/p>\n","protected":false},"author":1,"featured_media":0,"parent":122,"menu_order":0,"comment_status":"closed","ping_status":"closed","template":"","meta":{"footnotes":""},"class_list":["post-72","page","type-page","status-publish","hentry"],"yoast_head":"<!-- This site is optimized with the Yoast SEO plugin v27.0 - https:\/\/yoast.com\/product\/yoast-seo-wordpress\/ -->\n<title>photos 2012 - Un Enfant Une Famille - Parrainage de proximit\u00e9, action citoyenne durable d&#039;ouverture pour les enfants en Ile de France<\/title>\n<meta name=\"robots\" content=\"index, follow, max-snippet:-1, max-image-preview:large, max-video-preview:-1\" \/>\n<link rel=\"canonical\" href=\"https:\/\/unenfantunefamille.org\/index.php\/photos\/photos_ag2012\/\" \/>\n<meta property=\"og:locale\" content=\"fr_FR\" \/>\n<meta property=\"og:type\" content=\"article\" \/>\n<meta property=\"og:title\" content=\"photos 2012 - Un Enfant Une Famille - Parrainage de proximit\u00e9, action citoyenne durable d&#039;ouverture pour les enfants en Ile de France\" \/>\n<meta property=\"og:description\" content=\"Photos AG 2012 &nbsp;\" \/>\n<meta property=\"og:url\" content=\"https:\/\/unenfantunefamille.org\/index.php\/photos\/photos_ag2012\/\" \/>\n<meta property=\"og:site_name\" content=\"Un Enfant Une Famille - Parrainage de proximit\u00e9, action citoyenne durable d&#039;ouverture pour les enfants en Ile de France\" \/>\n<meta property=\"article:modified_time\" content=\"2021-11-28T08:26:00+00:00\" \/>\n<meta property=\"og:image\" content=\"http:\/\/unenfantunefamille.org\/Photos\/AG2012\/1_AG25mars2012.jpg\" \/>\n<meta name=\"twitter:card\" content=\"summary_large_image\" \/>\n<meta name=\"twitter:label1\" content=\"Dur\u00e9e de lecture estim\u00e9e\" \/>\n\t<meta name=\"twitter:data1\" content=\"1 minute\" \/>\n<script type=\"application\/ld+json\" class=\"yoast-schema-graph\">{\"@context\":\"https:\/\/schema.org\",\"@graph\":[{\"@type\":\"WebPage\",\"@id\":\"https:\/\/unenfantunefamille.org\/index.php\/photos\/photos_ag2012\/\",\"url\":\"https:\/\/unenfantunefamille.org\/index.php\/photos\/photos_ag2012\/\",\"name\":\"photos 2012 - Un Enfant Une Famille - Parrainage de proximit\u00e9, action citoyenne durable d&#039;ouverture pour les enfants en Ile de France\",\"isPartOf\":{\"@id\":\"https:\/\/unenfantunefamille.org\/#website\"},\"primaryImageOfPage\":{\"@id\":\"https:\/\/unenfantunefamille.org\/index.php\/photos\/photos_ag2012\/#primaryimage\"},\"image\":{\"@id\":\"https:\/\/unenfantunefamille.org\/index.php\/photos\/photos_ag2012\/#primaryimage\"},\"thumbnailUrl\":\"http:\/\/unenfantunefamille.org\/Photos\/AG2012\/1_AG25mars2012.jpg\",\"datePublished\":\"2016-10-06T08:56:21+00:00\",\"dateModified\":\"2021-11-28T08:26:00+00:00\",\"breadcrumb\":{\"@id\":\"https:\/\/unenfantunefamille.org\/index.php\/photos\/photos_ag2012\/#breadcrumb\"},\"inLanguage\":\"fr-FR\",\"potentialAction\":[{\"@type\":\"ReadAction\",\"target\":[\"https:\/\/unenfantunefamille.org\/index.php\/photos\/photos_ag2012\/\"]}]},{\"@type\":\"ImageObject\",\"inLanguage\":\"fr-FR\",\"@id\":\"https:\/\/unenfantunefamille.org\/index.php\/photos\/photos_ag2012\/#primaryimage\",\"url\":\"http:\/\/unenfantunefamille.org\/Photos\/AG2012\/1_AG25mars2012.jpg\",\"contentUrl\":\"http:\/\/unenfantunefamille.org\/Photos\/AG2012\/1_AG25mars2012.jpg\"},{\"@type\":\"BreadcrumbList\",\"@id\":\"https:\/\/unenfantunefamille.org\/index.php\/photos\/photos_ag2012\/#breadcrumb\",\"itemListElement\":[{\"@type\":\"ListItem\",\"position\":1,\"name\":\"Accueil\",\"item\":\"https:\/\/unenfantunefamille.org\/\"},{\"@type\":\"ListItem\",\"position\":2,\"name\":\"Photos 2017\",\"item\":\"https:\/\/unenfantunefamille.org\/index.php\/photos\/\"},{\"@type\":\"ListItem\",\"position\":3,\"name\":\"photos 2012\"}]},{\"@type\":\"WebSite\",\"@id\":\"https:\/\/unenfantunefamille.org\/#website\",\"url\":\"https:\/\/unenfantunefamille.org\/\",\"name\":\"Un Enfant Une Famille - Parrainage de proximit\u00e9, action citoyenne durable d&#039;ouverture pour les enfants en Ile de France\",\"description\":\"lien affectif b\u00e9n\u00e9vole durable pour aider un enfant \u00e0 grandir\",\"potentialAction\":[{\"@type\":\"SearchAction\",\"target\":{\"@type\":\"EntryPoint\",\"urlTemplate\":\"https:\/\/unenfantunefamille.org\/?s={search_term_string}\"},\"query-input\":{\"@type\":\"PropertyValueSpecification\",\"valueRequired\":true,\"valueName\":\"search_term_string\"}}],\"inLanguage\":\"fr-FR\"}]}<\/script>\n<!-- \/ Yoast SEO plugin. -->","yoast_head_json":{"title":"photos 2012 - Un Enfant Une Famille - Parrainage de proximit\u00e9, action citoyenne durable d&#039;ouverture pour les enfants en Ile de France","robots":{"index":"index","follow":"follow","max-snippet":"max-snippet:-1","max-image-preview":"max-image-preview:large","max-video-preview":"max-video-preview:-1"},"canonical":"https:\/\/unenfantunefamille.org\/index.php\/photos\/photos_ag2012\/","og_locale":"fr_FR","og_type":"article","og_title":"photos 2012 - Un Enfant Une Famille - Parrainage de proximit\u00e9, action citoyenne durable d&#039;ouverture pour les enfants en Ile de France","og_description":"Photos AG 2012 &nbsp;","og_url":"https:\/\/unenfantunefamille.org\/index.php\/photos\/photos_ag2012\/","og_site_name":"Un Enfant Une Famille - Parrainage de proximit\u00e9, action citoyenne durable d&#039;ouverture pour les enfants en Ile de France","article_modified_time":"2021-11-28T08:26:00+00:00","og_image":[{"url":"http:\/\/unenfantunefamille.org\/Photos\/AG2012\/1_AG25mars2012.jpg","type":"","width":"","height":""}],"twitter_card":"summary_large_image","twitter_misc":{"Dur\u00e9e de lecture estim\u00e9e":"1 minute"},"schema":{"@context":"https:\/\/schema.org","@graph":[{"@type":"WebPage","@id":"https:\/\/unenfantunefamille.org\/index.php\/photos\/photos_ag2012\/","url":"https:\/\/unenfantunefamille.org\/index.php\/photos\/photos_ag2012\/","name":"photos 2012 - Un Enfant Une Famille - Parrainage de proximit\u00e9, action citoyenne durable d&#039;ouverture pour les enfants en Ile de France","isPartOf":{"@id":"https:\/\/unenfantunefamille.org\/#website"},"primaryImageOfPage":{"@id":"https:\/\/unenfantunefamille.org\/index.php\/photos\/photos_ag2012\/#primaryimage"},"image":{"@id":"https:\/\/unenfantunefamille.org\/index.php\/photos\/photos_ag2012\/#primaryimage"},"thumbnailUrl":"http:\/\/unenfantunefamille.org\/Photos\/AG2012\/1_AG25mars2012.jpg","datePublished":"2016-10-06T08:56:21+00:00","dateModified":"2021-11-28T08:26:00+00:00","breadcrumb":{"@id":"https:\/\/unenfantunefamille.org\/index.php\/photos\/photos_ag2012\/#breadcrumb"},"inLanguage":"fr-FR","potentialAction":[{"@type":"ReadAction","target":["https:\/\/unenfantunefamille.org\/index.php\/photos\/photos_ag2012\/"]}]},{"@type":"ImageObject","inLanguage":"fr-FR","@id":"https:\/\/unenfantunefamille.org\/index.php\/photos\/photos_ag2012\/#primaryimage","url":"http:\/\/unenfantunefamille.org\/Photos\/AG2012\/1_AG25mars2012.jpg","contentUrl":"http:\/\/unenfantunefamille.org\/Photos\/AG2012\/1_AG25mars2012.jpg"},{"@type":"BreadcrumbList","@id":"https:\/\/unenfantunefamille.org\/index.php\/photos\/photos_ag2012\/#breadcrumb","itemListElement":[{"@type":"ListItem","position":1,"name":"Accueil","item":"https:\/\/unenfantunefamille.org\/"},{"@type":"ListItem","position":2,"name":"Photos 2017","item":"https:\/\/unenfantunefamille.org\/index.php\/photos\/"},{"@type":"ListItem","position":3,"name":"photos 2012"}]},{"@type":"WebSite","@id":"https:\/\/unenfantunefamille.org\/#website","url":"https:\/\/unenfantunefamille.org\/","name":"Un Enfant Une Famille - Parrainage de proximit\u00e9, action citoyenne durable d&#039;ouverture pour les enfants en Ile de France","description":"lien affectif b\u00e9n\u00e9vole durable pour aider un enfant \u00e0 grandir","potentialAction":[{"@type":"SearchAction","target":{"@type":"EntryPoint","urlTemplate":"https:\/\/unenfantunefamille.org\/?s={search_term_string}"},"query-input":{"@type":"PropertyValueSpecification","valueRequired":true,"valueName":"search_term_string"}}],"inLanguage":"fr-FR"}]}},"_links":{"self":[{"href":"https:\/\/unenfantunefamille.org\/index.php\/wp-json\/wp\/v2\/pages\/72","targetHints":{"allow":["GET"]}}],"collection":[{"href":"https:\/\/unenfantunefamille.org\/index.php\/wp-json\/wp\/v2\/pages"}],"about":[{"href":"https:\/\/unenfantunefamille.org\/index.php\/wp-json\/wp\/v2\/types\/page"}],"author":[{"embeddable":true,"href":"https:\/\/unenfantunefamille.org\/index.php\/wp-json\/wp\/v2\/users\/1"}],"replies":[{"embeddable":true,"href":"https:\/\/unenfantunefamille.org\/index.php\/wp-json\/wp\/v2\/comments?post=72"}],"version-history":[{"count":19,"href":"https:\/\/unenfantunefamille.org\/index.php\/wp-json\/wp\/v2\/pages\/72\/revisions"}],"predecessor-version":[{"id":3867,"href":"https:\/\/unenfantunefamille.org\/index.php\/wp-json\/wp\/v2\/pages\/72\/revisions\/3867"}],"up":[{"embeddable":true,"href":"https:\/\/unenfantunefamille.org\/index.php\/wp-json\/wp\/v2\/pages\/122"}],"wp:attachment":[{"href":"https:\/\/unenfantunefamille.org\/index.php\/wp-json\/wp\/v2\/media?parent=72"}],"curies":[{"name":"wp","href":"https:\/\/api.w.org\/{rel}","templated":true}]}}