{"id":747,"date":"2016-11-08T21:24:50","date_gmt":"2016-11-08T20:24:50","guid":{"rendered":"http:\/\/unenfantunefamille.org\/?page_id=747"},"modified":"2026-03-22T10:07:12","modified_gmt":"2026-03-22T09:07:12","slug":"contacts","status":"publish","type":"page","link":"https:\/\/unenfantunefamille.org\/index.php\/contacts\/","title":{"rendered":"Contacts"},"content":{"rendered":"<h4 style=\"text-align: center;\">Nous sommes actifs dans toute l&rsquo;Ile de France, en particulier<\/h4>\n<ul>\n<li style=\"text-align: center;\">\n<h4 style=\"text-align: left;\">dans les Hauts de Seine (92), \u00e0 Clamart et dans les environs, \u00e0 Gennevilliers et dans les environs,<\/h4>\n<\/li>\n<li>\n<h4>\u00e0 Paris (75),<\/h4>\n<\/li>\n<li>\n<h4>dans les Yvelines (78),<\/h4>\n<\/li>\n<li>\n<h4>dans l&rsquo;Essonne (91),<\/h4>\n<\/li>\n<li>\n<h4>la Seine-Saint-Denis (93), &#8230;.<\/h4>\n<\/li>\n<\/ul>\n<h4 style=\"text-align: center;\">Notre local et si\u00e8ge social se trouve :<\/h4>\n<h4 style=\"text-align: center;\">Maison des Associations 13bis rue de Bi\u00e8vres<\/h4>\n<h4 style=\"text-align: center;\">92140 CLAMART<\/h4>\n<h4 style=\"text-align: center;\">Vous pouvez nous joindre par courriel :<br \/>\n<a href=\"mailto:contact@unenfantunefamille.org\">contact@unenfantunefamille.org<\/a><\/h4>\n<h4 style=\"text-align: center;\">par t\u00e9l\u00e9phone au :<\/h4>\n<h4 style=\"text-align: center;\">06 87 40 01 28 ou 06 82 21 58 12<\/h4>\n<p><!-----------------------------------------------------------><br \/>\n<!-----------------------------------------------------------><\/p>\n<h5 class=\"hh5\" style=\"margin-top: 0;\">Vous pouvez t\u00e9l\u00e9charger la <a href=\"https:\/\/unenfantunefamille.org\/wp-content\/uploads\/2025\/07\/plaquette-red-ueuf_v9_logos.pdf\"> plaquette de pr\u00e9sentation,<\/a> le <a href=\"https:\/\/unenfantunefamille.org\/wp-content\/uploads\/2024\/04\/Projet-associatif-UEUF-2024-v4.pdf\">projet d&rsquo;association 2024<\/a>, voir aussi le <a href=\"https:\/\/unenfantunefamille.org\/index.php\/temoignages\/#film40ans\">film de t\u00e9moignage<\/a><\/h5>\n<h5 class=\"hh5\" style=\"margin-top: 0;\">Pour les candidats parrains, vous pouvez t\u00e9l\u00e9charger le <a href=\"https:\/\/unenfantunefamille.org\/wp-content\/uploads\/2024\/01\/BulletinAdhesion-2024.pdf\">bulletin d&rsquo;adh\u00e9sion<\/a> et le <a href=\"https:\/\/unenfantunefamille.org\/wp-content\/uploads\/2024\/01\/Bulletin-Adhesion-complementaire-2024.pdf\">bulletin compl\u00e9mentaire<\/a> et nous les renvoyer <a href=\"mailto:contact@unenfantunefamille.org\">par mail<\/a><\/h5>\n<p><!---------------------------------------------------------------------------><\/p>\n<h5 class=\"hh5\" style=\"margin-top: 0;\">Si vous souhaitez devenir b\u00e9n\u00e9vole et nous apporter votre aide, vous pouvez t\u00e9l\u00e9charger le <a href=\"https:\/\/unenfantunefamille.org\/wp-content\/uploads\/2024\/01\/BulletinAdhesion-2024.pdf\">bulletin d&rsquo;adh\u00e9sion<\/a> et nous le renvoyer <a href=\"mailto:contact@unenfantunefamille.org\">par mail<\/a><\/h5>\n<h5 class=\"hh5\" style=\"margin-top: 0;\">\n <\/h5>\n<p style=\"text-align: center;\" class=\"hh4\"><a  href=>retour<\/a><\/p>\n\n","protected":false},"excerpt":{"rendered":"<p>Nous sommes actifs dans toute l&rsquo;Ile de France, en particulier dans les Hauts de Seine (92), \u00e0 Clamart et dans les environs, \u00e0 Gennevilliers et dans les environs, \u00e0 Paris (75), dans les Yvelines (78), dans l&rsquo;Essonne (91), la Seine-Saint-Denis (93), &#8230;. Notre local et si\u00e8ge social se trouve : Maison des Associations 13bis rue\u2026 <span class=\"read-more\"><a href=\"https:\/\/unenfantunefamille.org\/index.php\/contacts\/\">Lire la suite &raquo;<\/a><\/span><\/p>\n","protected":false},"author":1,"featured_media":0,"parent":0,"menu_order":0,"comment_status":"closed","ping_status":"closed","template":"page-deux-sidebar.php","meta":{"footnotes":""},"class_list":["post-747","page","type-page","status-publish","hentry"],"yoast_head":"<!-- This site is optimized with the Yoast SEO plugin v27.0 - https:\/\/yoast.com\/product\/yoast-seo-wordpress\/ -->\n<title>Contacts - Un Enfant Une Famille - Parrainage de proximit\u00e9, action citoyenne durable d&#039;ouverture pour les enfants en Ile de France<\/title>\n<meta name=\"robots\" content=\"index, follow, max-snippet:-1, max-image-preview:large, max-video-preview:-1\" \/>\n<link rel=\"canonical\" href=\"https:\/\/unenfantunefamille.org\/index.php\/contacts\/\" \/>\n<meta property=\"og:locale\" content=\"fr_FR\" \/>\n<meta property=\"og:type\" content=\"article\" \/>\n<meta property=\"og:title\" content=\"Contacts - Un Enfant Une Famille - Parrainage de proximit\u00e9, action citoyenne durable d&#039;ouverture pour les enfants en Ile de France\" \/>\n<meta property=\"og:description\" content=\"Nous sommes actifs dans toute l&rsquo;Ile de France, en particulier dans les Hauts de Seine (92), \u00e0 Clamart et dans les environs, \u00e0 Gennevilliers et dans les environs, \u00e0 Paris (75), dans les Yvelines (78), dans l&rsquo;Essonne (91), la Seine-Saint-Denis (93), &#8230;. Notre local et si\u00e8ge social se trouve : Maison des Associations 13bis rue\u2026 Lire la suite &raquo;\" \/>\n<meta property=\"og:url\" content=\"https:\/\/unenfantunefamille.org\/index.php\/contacts\/\" \/>\n<meta property=\"og:site_name\" content=\"Un Enfant Une Famille - Parrainage de proximit\u00e9, action citoyenne durable d&#039;ouverture pour les enfants en Ile de France\" \/>\n<meta property=\"article:modified_time\" content=\"2026-03-22T09:07:12+00:00\" \/>\n<meta name=\"twitter:card\" content=\"summary_large_image\" \/>\n<meta name=\"twitter:label1\" content=\"Dur\u00e9e de lecture estim\u00e9e\" \/>\n\t<meta name=\"twitter:data1\" content=\"1 minute\" \/>\n<script type=\"application\/ld+json\" class=\"yoast-schema-graph\">{\"@context\":\"https:\/\/schema.org\",\"@graph\":[{\"@type\":\"WebPage\",\"@id\":\"https:\/\/unenfantunefamille.org\/index.php\/contacts\/\",\"url\":\"https:\/\/unenfantunefamille.org\/index.php\/contacts\/\",\"name\":\"Contacts - Un Enfant Une Famille - Parrainage de proximit\u00e9, action citoyenne durable d&#039;ouverture pour les enfants en Ile de France\",\"isPartOf\":{\"@id\":\"https:\/\/unenfantunefamille.org\/#website\"},\"datePublished\":\"2016-11-08T20:24:50+00:00\",\"dateModified\":\"2026-03-22T09:07:12+00:00\",\"breadcrumb\":{\"@id\":\"https:\/\/unenfantunefamille.org\/index.php\/contacts\/#breadcrumb\"},\"inLanguage\":\"fr-FR\",\"potentialAction\":[{\"@type\":\"ReadAction\",\"target\":[\"https:\/\/unenfantunefamille.org\/index.php\/contacts\/\"]}]},{\"@type\":\"BreadcrumbList\",\"@id\":\"https:\/\/unenfantunefamille.org\/index.php\/contacts\/#breadcrumb\",\"itemListElement\":[{\"@type\":\"ListItem\",\"position\":1,\"name\":\"Accueil\",\"item\":\"https:\/\/unenfantunefamille.org\/\"},{\"@type\":\"ListItem\",\"position\":2,\"name\":\"Contacts\"}]},{\"@type\":\"WebSite\",\"@id\":\"https:\/\/unenfantunefamille.org\/#website\",\"url\":\"https:\/\/unenfantunefamille.org\/\",\"name\":\"Un Enfant Une Famille - Parrainage de proximit\u00e9, action citoyenne durable d&#039;ouverture pour les enfants en Ile de France\",\"description\":\"lien affectif b\u00e9n\u00e9vole durable pour aider un enfant \u00e0 grandir\",\"potentialAction\":[{\"@type\":\"SearchAction\",\"target\":{\"@type\":\"EntryPoint\",\"urlTemplate\":\"https:\/\/unenfantunefamille.org\/?s={search_term_string}\"},\"query-input\":{\"@type\":\"PropertyValueSpecification\",\"valueRequired\":true,\"valueName\":\"search_term_string\"}}],\"inLanguage\":\"fr-FR\"}]}<\/script>\n<!-- \/ Yoast SEO plugin. -->","yoast_head_json":{"title":"Contacts - Un Enfant Une Famille - Parrainage de proximit\u00e9, action citoyenne durable d&#039;ouverture pour les enfants en Ile de France","robots":{"index":"index","follow":"follow","max-snippet":"max-snippet:-1","max-image-preview":"max-image-preview:large","max-video-preview":"max-video-preview:-1"},"canonical":"https:\/\/unenfantunefamille.org\/index.php\/contacts\/","og_locale":"fr_FR","og_type":"article","og_title":"Contacts - Un Enfant Une Famille - Parrainage de proximit\u00e9, action citoyenne durable d&#039;ouverture pour les enfants en Ile de France","og_description":"Nous sommes actifs dans toute l&rsquo;Ile de France, en particulier dans les Hauts de Seine (92), \u00e0 Clamart et dans les environs, \u00e0 Gennevilliers et dans les environs, \u00e0 Paris (75), dans les Yvelines (78), dans l&rsquo;Essonne (91), la Seine-Saint-Denis (93), &#8230;. Notre local et si\u00e8ge social se trouve : Maison des Associations 13bis rue\u2026 Lire la suite &raquo;","og_url":"https:\/\/unenfantunefamille.org\/index.php\/contacts\/","og_site_name":"Un Enfant Une Famille - Parrainage de proximit\u00e9, action citoyenne durable d&#039;ouverture pour les enfants en Ile de France","article_modified_time":"2026-03-22T09:07:12+00:00","twitter_card":"summary_large_image","twitter_misc":{"Dur\u00e9e de lecture estim\u00e9e":"1 minute"},"schema":{"@context":"https:\/\/schema.org","@graph":[{"@type":"WebPage","@id":"https:\/\/unenfantunefamille.org\/index.php\/contacts\/","url":"https:\/\/unenfantunefamille.org\/index.php\/contacts\/","name":"Contacts - Un Enfant Une Famille - Parrainage de proximit\u00e9, action citoyenne durable d&#039;ouverture pour les enfants en Ile de France","isPartOf":{"@id":"https:\/\/unenfantunefamille.org\/#website"},"datePublished":"2016-11-08T20:24:50+00:00","dateModified":"2026-03-22T09:07:12+00:00","breadcrumb":{"@id":"https:\/\/unenfantunefamille.org\/index.php\/contacts\/#breadcrumb"},"inLanguage":"fr-FR","potentialAction":[{"@type":"ReadAction","target":["https:\/\/unenfantunefamille.org\/index.php\/contacts\/"]}]},{"@type":"BreadcrumbList","@id":"https:\/\/unenfantunefamille.org\/index.php\/contacts\/#breadcrumb","itemListElement":[{"@type":"ListItem","position":1,"name":"Accueil","item":"https:\/\/unenfantunefamille.org\/"},{"@type":"ListItem","position":2,"name":"Contacts"}]},{"@type":"WebSite","@id":"https:\/\/unenfantunefamille.org\/#website","url":"https:\/\/unenfantunefamille.org\/","name":"Un Enfant Une Famille - Parrainage de proximit\u00e9, action citoyenne durable d&#039;ouverture pour les enfants en Ile de France","description":"lien affectif b\u00e9n\u00e9vole durable pour aider un enfant \u00e0 grandir","potentialAction":[{"@type":"SearchAction","target":{"@type":"EntryPoint","urlTemplate":"https:\/\/unenfantunefamille.org\/?s={search_term_string}"},"query-input":{"@type":"PropertyValueSpecification","valueRequired":true,"valueName":"search_term_string"}}],"inLanguage":"fr-FR"}]}},"_links":{"self":[{"href":"https:\/\/unenfantunefamille.org\/index.php\/wp-json\/wp\/v2\/pages\/747","targetHints":{"allow":["GET"]}}],"collection":[{"href":"https:\/\/unenfantunefamille.org\/index.php\/wp-json\/wp\/v2\/pages"}],"about":[{"href":"https:\/\/unenfantunefamille.org\/index.php\/wp-json\/wp\/v2\/types\/page"}],"author":[{"embeddable":true,"href":"https:\/\/unenfantunefamille.org\/index.php\/wp-json\/wp\/v2\/users\/1"}],"replies":[{"embeddable":true,"href":"https:\/\/unenfantunefamille.org\/index.php\/wp-json\/wp\/v2\/comments?post=747"}],"version-history":[{"count":40,"href":"https:\/\/unenfantunefamille.org\/index.php\/wp-json\/wp\/v2\/pages\/747\/revisions"}],"predecessor-version":[{"id":5507,"href":"https:\/\/unenfantunefamille.org\/index.php\/wp-json\/wp\/v2\/pages\/747\/revisions\/5507"}],"wp:attachment":[{"href":"https:\/\/unenfantunefamille.org\/index.php\/wp-json\/wp\/v2\/media?parent=747"}],"curies":[{"name":"wp","href":"https:\/\/api.w.org\/{rel}","templated":true}]}}