{"id":824,"date":"2016-11-20T10:11:45","date_gmt":"2016-11-20T09:11:45","guid":{"rendered":"http:\/\/unenfantunefamille.org\/?page_id=824"},"modified":"2025-06-16T12:50:12","modified_gmt":"2025-06-16T10:50:12","slug":"le-parrainage-de-proximite","status":"publish","type":"page","link":"https:\/\/unenfantunefamille.org\/index.php\/le-parrainage-de-proximite\/","title":{"rendered":"Le parrainage de proximit\u00e9"},"content":{"rendered":"<div class=\"hh4\">\n<p>Selon la <a href=\"http:\/\/unenfantunefamille.org\/wp-content\/uploads\/2025\/06\/Charte-Nationale-du-Parrainage-arrete-joe_20250131_0026_0014-1.pdf\">Charte Nationale du Parrainage<\/a>, \u00e0 laquelle Un Enfant Une Famille a contribu\u00e9, le parrainage de proximit\u00e9 est la construction d\u2019une relation affective privil\u00e9gi\u00e9e institu\u00e9e entre un enfant ou un adolescent et un adulte ou une famille b\u00e9n\u00e9vole et repose sur sept grands principes fondamentaux<\/p>\n<ul>\n<li style=\"padding-bottom: 2%;\">Une d\u00e9marche individualis\u00e9e et concert\u00e9e entre tous les acteurs.<\/li>\n<li style=\"padding-bottom: 2%;\"> Un engagement r\u00e9ciproque et solidaire.<\/li>\n<li style=\"padding-bottom: 2%;\"> Une relation durable et continue.<\/li>\n<li style=\"padding-bottom: 2%;\"> Une relation qui s&rsquo;inscrit dans le respect de la place des parents, de l&rsquo;autorit\u00e9 parentale, du choix de l&rsquo;enfant et de la vie priv\u00e9e de chacun.<\/li>\n<li style=\"padding-bottom: 2%;\"> Une d\u00e9marche au b\u00e9n\u00e9fice de tous les enfants, de tous les parents, respectueuse des principes de neutralit\u00e9 politique, philosophique et confessionnelle.<\/li>\n<li style=\"padding-bottom: 2%;\"> Un droit \u00e0 la protection et \u00e0 l&rsquo;int\u00e9grit\u00e9 pour chacun.<\/li>\n<li style=\"padding-bottom: 2%;\"> Une relation privil\u00e9gi\u00e9e qui doit \u00eatre accompagn\u00e9e et formalis\u00e9e.<\/li>\n<\/ul>\n<\/div>\n<div class=\"hh4\">Apr\u00e8s plus de 40 ans d&rsquo;existence, nous pouvons <a href=\"http:\/\/unenfantunefamille.org\/index.php\/temoignages\/\">t\u00e9moigner<\/a> de la force de cet engagement citoyen et de la richesse de ce lien.<\/div>\n<p style=\"text-align: center;\" class=\"hh4\"><a  href=>retour<\/a><\/p>\n","protected":false},"excerpt":{"rendered":"<p>Selon la Charte Nationale du Parrainage, \u00e0 laquelle Un Enfant Une Famille a contribu\u00e9, le parrainage de proximit\u00e9 est la construction d\u2019une relation affective privil\u00e9gi\u00e9e institu\u00e9e entre un enfant ou un adolescent et un adulte ou une famille b\u00e9n\u00e9vole et repose sur sept grands principes fondamentaux Une d\u00e9marche individualis\u00e9e et concert\u00e9e entre tous les acteurs.\u2026 <span class=\"read-more\"><a href=\"https:\/\/unenfantunefamille.org\/index.php\/le-parrainage-de-proximite\/\">Lire la suite &raquo;<\/a><\/span><\/p>\n","protected":false},"author":1,"featured_media":0,"parent":0,"menu_order":0,"comment_status":"closed","ping_status":"closed","template":"","meta":{"footnotes":""},"class_list":["post-824","page","type-page","status-publish","hentry"],"yoast_head":"<!-- This site is optimized with the Yoast SEO plugin v27.0 - https:\/\/yoast.com\/product\/yoast-seo-wordpress\/ -->\n<title>Le parrainage de proximit\u00e9 - Un Enfant Une Famille - Parrainage de proximit\u00e9, action citoyenne durable d&#039;ouverture pour les enfants en Ile de France<\/title>\n<meta name=\"robots\" content=\"index, follow, max-snippet:-1, max-image-preview:large, max-video-preview:-1\" \/>\n<link rel=\"canonical\" href=\"https:\/\/unenfantunefamille.org\/index.php\/le-parrainage-de-proximite\/\" \/>\n<meta property=\"og:locale\" content=\"fr_FR\" \/>\n<meta property=\"og:type\" content=\"article\" \/>\n<meta property=\"og:title\" content=\"Le parrainage de proximit\u00e9 - Un Enfant Une Famille - Parrainage de proximit\u00e9, action citoyenne durable d&#039;ouverture pour les enfants en Ile de France\" \/>\n<meta property=\"og:description\" content=\"Selon la Charte Nationale du Parrainage, \u00e0 laquelle Un Enfant Une Famille a contribu\u00e9, le parrainage de proximit\u00e9 est la construction d\u2019une relation affective privil\u00e9gi\u00e9e institu\u00e9e entre un enfant ou un adolescent et un adulte ou une famille b\u00e9n\u00e9vole et repose sur sept grands principes fondamentaux Une d\u00e9marche individualis\u00e9e et concert\u00e9e entre tous les acteurs.\u2026 Lire la suite &raquo;\" \/>\n<meta property=\"og:url\" content=\"https:\/\/unenfantunefamille.org\/index.php\/le-parrainage-de-proximite\/\" \/>\n<meta property=\"og:site_name\" content=\"Un Enfant Une Famille - Parrainage de proximit\u00e9, action citoyenne durable d&#039;ouverture pour les enfants en Ile de France\" \/>\n<meta property=\"article:modified_time\" content=\"2025-06-16T10:50:12+00:00\" \/>\n<meta name=\"twitter:card\" content=\"summary_large_image\" \/>\n<meta name=\"twitter:label1\" content=\"Dur\u00e9e de lecture estim\u00e9e\" \/>\n\t<meta name=\"twitter:data1\" content=\"1 minute\" \/>\n<script type=\"application\/ld+json\" class=\"yoast-schema-graph\">{\"@context\":\"https:\/\/schema.org\",\"@graph\":[{\"@type\":\"WebPage\",\"@id\":\"https:\/\/unenfantunefamille.org\/index.php\/le-parrainage-de-proximite\/\",\"url\":\"https:\/\/unenfantunefamille.org\/index.php\/le-parrainage-de-proximite\/\",\"name\":\"Le parrainage de proximit\u00e9 - Un Enfant Une Famille - Parrainage de proximit\u00e9, action citoyenne durable d&#039;ouverture pour les enfants en Ile de France\",\"isPartOf\":{\"@id\":\"https:\/\/unenfantunefamille.org\/#website\"},\"datePublished\":\"2016-11-20T09:11:45+00:00\",\"dateModified\":\"2025-06-16T10:50:12+00:00\",\"breadcrumb\":{\"@id\":\"https:\/\/unenfantunefamille.org\/index.php\/le-parrainage-de-proximite\/#breadcrumb\"},\"inLanguage\":\"fr-FR\",\"potentialAction\":[{\"@type\":\"ReadAction\",\"target\":[\"https:\/\/unenfantunefamille.org\/index.php\/le-parrainage-de-proximite\/\"]}]},{\"@type\":\"BreadcrumbList\",\"@id\":\"https:\/\/unenfantunefamille.org\/index.php\/le-parrainage-de-proximite\/#breadcrumb\",\"itemListElement\":[{\"@type\":\"ListItem\",\"position\":1,\"name\":\"Accueil\",\"item\":\"https:\/\/unenfantunefamille.org\/\"},{\"@type\":\"ListItem\",\"position\":2,\"name\":\"Le parrainage de proximit\u00e9\"}]},{\"@type\":\"WebSite\",\"@id\":\"https:\/\/unenfantunefamille.org\/#website\",\"url\":\"https:\/\/unenfantunefamille.org\/\",\"name\":\"Un Enfant Une Famille - Parrainage de proximit\u00e9, action citoyenne durable d&#039;ouverture pour les enfants en Ile de France\",\"description\":\"lien affectif b\u00e9n\u00e9vole durable pour aider un enfant \u00e0 grandir\",\"potentialAction\":[{\"@type\":\"SearchAction\",\"target\":{\"@type\":\"EntryPoint\",\"urlTemplate\":\"https:\/\/unenfantunefamille.org\/?s={search_term_string}\"},\"query-input\":{\"@type\":\"PropertyValueSpecification\",\"valueRequired\":true,\"valueName\":\"search_term_string\"}}],\"inLanguage\":\"fr-FR\"}]}<\/script>\n<!-- \/ Yoast SEO plugin. -->","yoast_head_json":{"title":"Le parrainage de proximit\u00e9 - Un Enfant Une Famille - Parrainage de proximit\u00e9, action citoyenne durable d&#039;ouverture pour les enfants en Ile de France","robots":{"index":"index","follow":"follow","max-snippet":"max-snippet:-1","max-image-preview":"max-image-preview:large","max-video-preview":"max-video-preview:-1"},"canonical":"https:\/\/unenfantunefamille.org\/index.php\/le-parrainage-de-proximite\/","og_locale":"fr_FR","og_type":"article","og_title":"Le parrainage de proximit\u00e9 - Un Enfant Une Famille - Parrainage de proximit\u00e9, action citoyenne durable d&#039;ouverture pour les enfants en Ile de France","og_description":"Selon la Charte Nationale du Parrainage, \u00e0 laquelle Un Enfant Une Famille a contribu\u00e9, le parrainage de proximit\u00e9 est la construction d\u2019une relation affective privil\u00e9gi\u00e9e institu\u00e9e entre un enfant ou un adolescent et un adulte ou une famille b\u00e9n\u00e9vole et repose sur sept grands principes fondamentaux Une d\u00e9marche individualis\u00e9e et concert\u00e9e entre tous les acteurs.\u2026 Lire la suite &raquo;","og_url":"https:\/\/unenfantunefamille.org\/index.php\/le-parrainage-de-proximite\/","og_site_name":"Un Enfant Une Famille - Parrainage de proximit\u00e9, action citoyenne durable d&#039;ouverture pour les enfants en Ile de France","article_modified_time":"2025-06-16T10:50:12+00:00","twitter_card":"summary_large_image","twitter_misc":{"Dur\u00e9e de lecture estim\u00e9e":"1 minute"},"schema":{"@context":"https:\/\/schema.org","@graph":[{"@type":"WebPage","@id":"https:\/\/unenfantunefamille.org\/index.php\/le-parrainage-de-proximite\/","url":"https:\/\/unenfantunefamille.org\/index.php\/le-parrainage-de-proximite\/","name":"Le parrainage de proximit\u00e9 - Un Enfant Une Famille - Parrainage de proximit\u00e9, action citoyenne durable d&#039;ouverture pour les enfants en Ile de France","isPartOf":{"@id":"https:\/\/unenfantunefamille.org\/#website"},"datePublished":"2016-11-20T09:11:45+00:00","dateModified":"2025-06-16T10:50:12+00:00","breadcrumb":{"@id":"https:\/\/unenfantunefamille.org\/index.php\/le-parrainage-de-proximite\/#breadcrumb"},"inLanguage":"fr-FR","potentialAction":[{"@type":"ReadAction","target":["https:\/\/unenfantunefamille.org\/index.php\/le-parrainage-de-proximite\/"]}]},{"@type":"BreadcrumbList","@id":"https:\/\/unenfantunefamille.org\/index.php\/le-parrainage-de-proximite\/#breadcrumb","itemListElement":[{"@type":"ListItem","position":1,"name":"Accueil","item":"https:\/\/unenfantunefamille.org\/"},{"@type":"ListItem","position":2,"name":"Le parrainage de proximit\u00e9"}]},{"@type":"WebSite","@id":"https:\/\/unenfantunefamille.org\/#website","url":"https:\/\/unenfantunefamille.org\/","name":"Un Enfant Une Famille - Parrainage de proximit\u00e9, action citoyenne durable d&#039;ouverture pour les enfants en Ile de France","description":"lien affectif b\u00e9n\u00e9vole durable pour aider un enfant \u00e0 grandir","potentialAction":[{"@type":"SearchAction","target":{"@type":"EntryPoint","urlTemplate":"https:\/\/unenfantunefamille.org\/?s={search_term_string}"},"query-input":{"@type":"PropertyValueSpecification","valueRequired":true,"valueName":"search_term_string"}}],"inLanguage":"fr-FR"}]}},"_links":{"self":[{"href":"https:\/\/unenfantunefamille.org\/index.php\/wp-json\/wp\/v2\/pages\/824","targetHints":{"allow":["GET"]}}],"collection":[{"href":"https:\/\/unenfantunefamille.org\/index.php\/wp-json\/wp\/v2\/pages"}],"about":[{"href":"https:\/\/unenfantunefamille.org\/index.php\/wp-json\/wp\/v2\/types\/page"}],"author":[{"embeddable":true,"href":"https:\/\/unenfantunefamille.org\/index.php\/wp-json\/wp\/v2\/users\/1"}],"replies":[{"embeddable":true,"href":"https:\/\/unenfantunefamille.org\/index.php\/wp-json\/wp\/v2\/comments?post=824"}],"version-history":[{"count":36,"href":"https:\/\/unenfantunefamille.org\/index.php\/wp-json\/wp\/v2\/pages\/824\/revisions"}],"predecessor-version":[{"id":5246,"href":"https:\/\/unenfantunefamille.org\/index.php\/wp-json\/wp\/v2\/pages\/824\/revisions\/5246"}],"wp:attachment":[{"href":"https:\/\/unenfantunefamille.org\/index.php\/wp-json\/wp\/v2\/media?parent=824"}],"curies":[{"name":"wp","href":"https:\/\/api.w.org\/{rel}","templated":true}]}}