{"id":87,"date":"2016-10-06T11:34:11","date_gmt":"2016-10-06T09:34:11","guid":{"rendered":"http:\/\/localhost\/ueuf\/?page_id=87"},"modified":"2018-06-11T19:56:17","modified_gmt":"2018-06-11T17:56:17","slug":"photos_ag-2013","status":"publish","type":"page","link":"https:\/\/unenfantunefamille.org\/index.php\/photos\/photos_ag-2013\/","title":{"rendered":"photos 2013"},"content":{"rendered":"<h3 style=\"text-align: center;\">Photos AG 2013<\/h3>\n<p>&nbsp;<\/p>\n<p><img loading=\"lazy\" decoding=\"async\" class=\" wp-image-117 aligncenter\" src=\"http:\/\/unenfantunefamille.org\/Photos\/AG2013\/P1070304.jpg\" width=\"500\" height=\"310\" \/><\/p>\n<p><img loading=\"lazy\" decoding=\"async\" class=\" wp-image-102 aligncenter\" src=\"http:\/\/unenfantunefamille.org\/Photos\/AG2013\/P1070485.jpg\" alt=\"ag2013-14\" width=\"455\" height=\"582\" \/><\/p>\n<p><img decoding=\"async\" class=\" wp-image-102 aligncenter\" src=\"http:\/\/unenfantunefamille.org\/Photos\/AG2013\/P1070535.JPG\" \/><\/p>\n<p><img decoding=\"async\" class=\" wp-image-102 aligncenter\" src=\"http:\/\/unenfantunefamille.org\/Photos\/AG2013\/P1070506.JPG\" \/><\/p>\n<p><img loading=\"lazy\" decoding=\"async\" class=\" wp-image-115 aligncenter\" src=\"http:\/\/unenfantunefamille.org\/Photos\/AG2013\/P1070539.JPG\" width=\"532\" height=\"429\" \/><\/p>\n<p><img loading=\"lazy\" decoding=\"async\" class=\" wp-image-113 aligncenter\" src=\"http:\/\/unenfantunefamille.org\/Photos\/AG2013\/P1070441.jpg\" alt=\"ag2013-25\" width=\"498\" height=\"342\" \/><\/p>\n","protected":false},"excerpt":{"rendered":"<p>Photos AG 2013 &nbsp;<\/p>\n","protected":false},"author":1,"featured_media":0,"parent":122,"menu_order":0,"comment_status":"closed","ping_status":"closed","template":"","meta":{"footnotes":""},"class_list":["post-87","page","type-page","status-publish","hentry"],"yoast_head":"<!-- This site is optimized with the Yoast SEO plugin v27.0 - https:\/\/yoast.com\/product\/yoast-seo-wordpress\/ -->\n<title>photos 2013 - Un Enfant Une Famille - Parrainage de proximit\u00e9, action citoyenne durable d&#039;ouverture pour les enfants en Ile de France<\/title>\n<meta name=\"robots\" content=\"index, follow, max-snippet:-1, max-image-preview:large, max-video-preview:-1\" \/>\n<link rel=\"canonical\" href=\"https:\/\/unenfantunefamille.org\/index.php\/photos\/photos_ag-2013\/\" \/>\n<meta property=\"og:locale\" content=\"fr_FR\" \/>\n<meta property=\"og:type\" content=\"article\" \/>\n<meta property=\"og:title\" content=\"photos 2013 - Un Enfant Une Famille - Parrainage de proximit\u00e9, action citoyenne durable d&#039;ouverture pour les enfants en Ile de France\" \/>\n<meta property=\"og:description\" content=\"Photos AG 2013 &nbsp;\" \/>\n<meta property=\"og:url\" content=\"https:\/\/unenfantunefamille.org\/index.php\/photos\/photos_ag-2013\/\" \/>\n<meta property=\"og:site_name\" content=\"Un Enfant Une Famille - Parrainage de proximit\u00e9, action citoyenne durable d&#039;ouverture pour les enfants en Ile de France\" \/>\n<meta property=\"article:modified_time\" content=\"2018-06-11T17:56:17+00:00\" \/>\n<meta property=\"og:image\" content=\"http:\/\/unenfantunefamille.org\/Photos\/AG2013\/P1070304.jpg\" \/>\n<meta name=\"twitter:card\" content=\"summary_large_image\" \/>\n<script type=\"application\/ld+json\" class=\"yoast-schema-graph\">{\"@context\":\"https:\/\/schema.org\",\"@graph\":[{\"@type\":\"WebPage\",\"@id\":\"https:\/\/unenfantunefamille.org\/index.php\/photos\/photos_ag-2013\/\",\"url\":\"https:\/\/unenfantunefamille.org\/index.php\/photos\/photos_ag-2013\/\",\"name\":\"photos 2013 - Un Enfant Une Famille - Parrainage de proximit\u00e9, action citoyenne durable d&#039;ouverture pour les enfants en Ile de France\",\"isPartOf\":{\"@id\":\"https:\/\/unenfantunefamille.org\/#website\"},\"primaryImageOfPage\":{\"@id\":\"https:\/\/unenfantunefamille.org\/index.php\/photos\/photos_ag-2013\/#primaryimage\"},\"image\":{\"@id\":\"https:\/\/unenfantunefamille.org\/index.php\/photos\/photos_ag-2013\/#primaryimage\"},\"thumbnailUrl\":\"http:\/\/unenfantunefamille.org\/Photos\/AG2013\/P1070304.jpg\",\"datePublished\":\"2016-10-06T09:34:11+00:00\",\"dateModified\":\"2018-06-11T17:56:17+00:00\",\"breadcrumb\":{\"@id\":\"https:\/\/unenfantunefamille.org\/index.php\/photos\/photos_ag-2013\/#breadcrumb\"},\"inLanguage\":\"fr-FR\",\"potentialAction\":[{\"@type\":\"ReadAction\",\"target\":[\"https:\/\/unenfantunefamille.org\/index.php\/photos\/photos_ag-2013\/\"]}]},{\"@type\":\"ImageObject\",\"inLanguage\":\"fr-FR\",\"@id\":\"https:\/\/unenfantunefamille.org\/index.php\/photos\/photos_ag-2013\/#primaryimage\",\"url\":\"http:\/\/unenfantunefamille.org\/Photos\/AG2013\/P1070304.jpg\",\"contentUrl\":\"http:\/\/unenfantunefamille.org\/Photos\/AG2013\/P1070304.jpg\"},{\"@type\":\"BreadcrumbList\",\"@id\":\"https:\/\/unenfantunefamille.org\/index.php\/photos\/photos_ag-2013\/#breadcrumb\",\"itemListElement\":[{\"@type\":\"ListItem\",\"position\":1,\"name\":\"Accueil\",\"item\":\"https:\/\/unenfantunefamille.org\/\"},{\"@type\":\"ListItem\",\"position\":2,\"name\":\"Photos 2017\",\"item\":\"https:\/\/unenfantunefamille.org\/index.php\/photos\/\"},{\"@type\":\"ListItem\",\"position\":3,\"name\":\"photos 2013\"}]},{\"@type\":\"WebSite\",\"@id\":\"https:\/\/unenfantunefamille.org\/#website\",\"url\":\"https:\/\/unenfantunefamille.org\/\",\"name\":\"Un Enfant Une Famille - Parrainage de proximit\u00e9, action citoyenne durable d&#039;ouverture pour les enfants en Ile de France\",\"description\":\"lien affectif b\u00e9n\u00e9vole durable pour aider un enfant \u00e0 grandir\",\"potentialAction\":[{\"@type\":\"SearchAction\",\"target\":{\"@type\":\"EntryPoint\",\"urlTemplate\":\"https:\/\/unenfantunefamille.org\/?s={search_term_string}\"},\"query-input\":{\"@type\":\"PropertyValueSpecification\",\"valueRequired\":true,\"valueName\":\"search_term_string\"}}],\"inLanguage\":\"fr-FR\"}]}<\/script>\n<!-- \/ Yoast SEO plugin. -->","yoast_head_json":{"title":"photos 2013 - Un Enfant Une Famille - Parrainage de proximit\u00e9, action citoyenne durable d&#039;ouverture pour les enfants en Ile de France","robots":{"index":"index","follow":"follow","max-snippet":"max-snippet:-1","max-image-preview":"max-image-preview:large","max-video-preview":"max-video-preview:-1"},"canonical":"https:\/\/unenfantunefamille.org\/index.php\/photos\/photos_ag-2013\/","og_locale":"fr_FR","og_type":"article","og_title":"photos 2013 - Un Enfant Une Famille - Parrainage de proximit\u00e9, action citoyenne durable d&#039;ouverture pour les enfants en Ile de France","og_description":"Photos AG 2013 &nbsp;","og_url":"https:\/\/unenfantunefamille.org\/index.php\/photos\/photos_ag-2013\/","og_site_name":"Un Enfant Une Famille - Parrainage de proximit\u00e9, action citoyenne durable d&#039;ouverture pour les enfants en Ile de France","article_modified_time":"2018-06-11T17:56:17+00:00","og_image":[{"url":"http:\/\/unenfantunefamille.org\/Photos\/AG2013\/P1070304.jpg","type":"","width":"","height":""}],"twitter_card":"summary_large_image","schema":{"@context":"https:\/\/schema.org","@graph":[{"@type":"WebPage","@id":"https:\/\/unenfantunefamille.org\/index.php\/photos\/photos_ag-2013\/","url":"https:\/\/unenfantunefamille.org\/index.php\/photos\/photos_ag-2013\/","name":"photos 2013 - Un Enfant Une Famille - Parrainage de proximit\u00e9, action citoyenne durable d&#039;ouverture pour les enfants en Ile de France","isPartOf":{"@id":"https:\/\/unenfantunefamille.org\/#website"},"primaryImageOfPage":{"@id":"https:\/\/unenfantunefamille.org\/index.php\/photos\/photos_ag-2013\/#primaryimage"},"image":{"@id":"https:\/\/unenfantunefamille.org\/index.php\/photos\/photos_ag-2013\/#primaryimage"},"thumbnailUrl":"http:\/\/unenfantunefamille.org\/Photos\/AG2013\/P1070304.jpg","datePublished":"2016-10-06T09:34:11+00:00","dateModified":"2018-06-11T17:56:17+00:00","breadcrumb":{"@id":"https:\/\/unenfantunefamille.org\/index.php\/photos\/photos_ag-2013\/#breadcrumb"},"inLanguage":"fr-FR","potentialAction":[{"@type":"ReadAction","target":["https:\/\/unenfantunefamille.org\/index.php\/photos\/photos_ag-2013\/"]}]},{"@type":"ImageObject","inLanguage":"fr-FR","@id":"https:\/\/unenfantunefamille.org\/index.php\/photos\/photos_ag-2013\/#primaryimage","url":"http:\/\/unenfantunefamille.org\/Photos\/AG2013\/P1070304.jpg","contentUrl":"http:\/\/unenfantunefamille.org\/Photos\/AG2013\/P1070304.jpg"},{"@type":"BreadcrumbList","@id":"https:\/\/unenfantunefamille.org\/index.php\/photos\/photos_ag-2013\/#breadcrumb","itemListElement":[{"@type":"ListItem","position":1,"name":"Accueil","item":"https:\/\/unenfantunefamille.org\/"},{"@type":"ListItem","position":2,"name":"Photos 2017","item":"https:\/\/unenfantunefamille.org\/index.php\/photos\/"},{"@type":"ListItem","position":3,"name":"photos 2013"}]},{"@type":"WebSite","@id":"https:\/\/unenfantunefamille.org\/#website","url":"https:\/\/unenfantunefamille.org\/","name":"Un Enfant Une Famille - Parrainage de proximit\u00e9, action citoyenne durable d&#039;ouverture pour les enfants en Ile de France","description":"lien affectif b\u00e9n\u00e9vole durable pour aider un enfant \u00e0 grandir","potentialAction":[{"@type":"SearchAction","target":{"@type":"EntryPoint","urlTemplate":"https:\/\/unenfantunefamille.org\/?s={search_term_string}"},"query-input":{"@type":"PropertyValueSpecification","valueRequired":true,"valueName":"search_term_string"}}],"inLanguage":"fr-FR"}]}},"_links":{"self":[{"href":"https:\/\/unenfantunefamille.org\/index.php\/wp-json\/wp\/v2\/pages\/87","targetHints":{"allow":["GET"]}}],"collection":[{"href":"https:\/\/unenfantunefamille.org\/index.php\/wp-json\/wp\/v2\/pages"}],"about":[{"href":"https:\/\/unenfantunefamille.org\/index.php\/wp-json\/wp\/v2\/types\/page"}],"author":[{"embeddable":true,"href":"https:\/\/unenfantunefamille.org\/index.php\/wp-json\/wp\/v2\/users\/1"}],"replies":[{"embeddable":true,"href":"https:\/\/unenfantunefamille.org\/index.php\/wp-json\/wp\/v2\/comments?post=87"}],"version-history":[{"count":22,"href":"https:\/\/unenfantunefamille.org\/index.php\/wp-json\/wp\/v2\/pages\/87\/revisions"}],"predecessor-version":[{"id":3865,"href":"https:\/\/unenfantunefamille.org\/index.php\/wp-json\/wp\/v2\/pages\/87\/revisions\/3865"}],"up":[{"embeddable":true,"href":"https:\/\/unenfantunefamille.org\/index.php\/wp-json\/wp\/v2\/pages\/122"}],"wp:attachment":[{"href":"https:\/\/unenfantunefamille.org\/index.php\/wp-json\/wp\/v2\/media?parent=87"}],"curies":[{"name":"wp","href":"https:\/\/api.w.org\/{rel}","templated":true}]}}